{"id":2541,"date":"2026-01-29T16:36:51","date_gmt":"2026-01-29T13:36:51","guid":{"rendered":"https:\/\/kalinkamagazin.com\/product\/5873-snack-de-pan-crujiente-con-sabor-a-spic-con-rbano-picante-es\/"},"modified":"2026-01-29T17:02:40","modified_gmt":"2026-01-29T14:02:40","slug":"5873-snack-de-pan-crujiente-con-sabor-a-spic-con-rbano-picante-es","status":"publish","type":"product","link":"https:\/\/kalinkamagazin.com\/es\/product\/5873-snack-de-pan-crujiente-con-sabor-a-spic-con-rbano-picante-es\/","title":{"rendered":"Snack de pan crujiente con sabor a \u00e1spic con r\u00e1bano picante."},"content":{"rendered":"<p>Un bocadillo de pan crujiente con sabor a carne en gelatina y r\u00e1bano picante. Ingredientes: <b>Pan de trigo<\/b> (harina de trigo, harina de centeno, sal de mesa, levadura), aceite de girasol, mezcla de especias: (sal de mesa, maltodextrina, az\u00facar, <b>Pan rallado (harina de trigo, levadura),<\/b>potenciador del sabor: (E621, E627, E631), dextrosa, aromas, regulador de acidez: (\u00e1cido c\u00edtrico), especias, aroma, colorante: (E160c), agente de flujo para polvos: (E551), sal comestible. Conservar en un lugar fresco y seco. La opci\u00f3n de presentaci\u00f3n se muestra en la imagen. Ventas: Lackmann Fleisch- und Feinkostfabrik GmbH, Carl Benz Stra\u00dfe 10, 77731 Willst\u00e4tt, Alemania. Consumir preferentemente antes de: ver pie de imprenta, segunda l\u00ednea. <!--NWT-Text-->Valor nutricional por 100 g: Valor energ\u00e9tico: 1736 kJ \/ 411 kcal, Grasas: 8,1 g, de las cuales saturadas: 1,2 g, Hidratos de carbono: 67 g, de los cuales az\u00facares: 5,5 g, Prote\u00ednas: 18 g, Sal: 2,3 g, <!--NWT-Table--><\/p>\n<table>\n<tbody>\n<tr>\n<td colspan=\"2\">Valor nutricional por 100 g:<\/td>\n<\/tr>\n<tr>\n<td>Valor energ\u00e9tico:<\/td>\n<td align = \"right\">1736 kJ\/411 kcal<\/td>\n<\/tr>\n<tr>\n<td>Grasas:<\/td>\n<td align = \"right\">8,1 g<\/td>\n<\/tr>\n<tr>\n<td>de los cuales saturados:<\/td>\n<td align = \"right\">1,2 g<\/td>\n<\/tr>\n<tr>\n<td>Hidratos de carbono:<\/td>\n<td align = \"right\">67g<\/td>\n<\/tr>\n<tr>\n<td>- de los cuales az\u00facares:<\/td>\n<td align = \"right\">5,5g<\/td>\n<\/tr>\n<tr>\n<td>Prote\u00ednas:<\/td>\n<td align = \"right\">18g<\/td>\n<\/tr>\n<tr>\n<td>Sal:<\/td>\n<td align = \"right\">2,3g<\/td>\n<\/tr>\n<\/tbody>\n<\/table>\n<p> <!--Bezeichnung-->Snack de pan crujiente con sabor a carne gelatinizada y r\u00e1bano picante.<\/p>\n","protected":false},"excerpt":{"rendered":"<p>Un bocadillo de pan crujiente con sabor a carne en gelatina y r\u00e1bano picante. Ingredientes: Pan de trigo (harina de trigo, harina de centeno, sal de mesa, levadura), aceite de girasol, mezcla de especias: (sal de mesa, maltodextrina, az\u00facar, Pan rallado (harina de trigo, levadura),potenciador del sabor: (E621, E627, E631), dextrosa, aromas, regulador de acidez: [&hellip;]<\/p>\n","protected":false},"featured_media":1591,"template":"","meta":{"inline_featured_image":false},"product_brand":[],"product_cat":[207],"product_tag":[],"class_list":{"0":"post-2541","1":"product","2":"type-product","3":"status-publish","4":"has-post-thumbnail","6":"product_cat-granos-cereales-y-snacks","8":"first","9":"instock","10":"shipping-taxable","11":"purchasable","12":"product-type-simple"},"acf":[],"_links":{"self":[{"href":"https:\/\/kalinkamagazin.com\/es\/wp-json\/wp\/v2\/product\/2541","targetHints":{"allow":["GET"]}}],"collection":[{"href":"https:\/\/kalinkamagazin.com\/es\/wp-json\/wp\/v2\/product"}],"about":[{"href":"https:\/\/kalinkamagazin.com\/es\/wp-json\/wp\/v2\/types\/product"}],"wp:featuredmedia":[{"embeddable":true,"href":"https:\/\/kalinkamagazin.com\/es\/wp-json\/wp\/v2\/media\/1591"}],"wp:attachment":[{"href":"https:\/\/kalinkamagazin.com\/es\/wp-json\/wp\/v2\/media?parent=2541"}],"wp:term":[{"taxonomy":"product_brand","embeddable":true,"href":"https:\/\/kalinkamagazin.com\/es\/wp-json\/wp\/v2\/product_brand?post=2541"},{"taxonomy":"product_cat","embeddable":true,"href":"https:\/\/kalinkamagazin.com\/es\/wp-json\/wp\/v2\/product_cat?post=2541"},{"taxonomy":"product_tag","embeddable":true,"href":"https:\/\/kalinkamagazin.com\/es\/wp-json\/wp\/v2\/product_tag?post=2541"}],"curies":[{"name":"wp","href":"https:\/\/api.w.org\/{rel}","templated":true}]}}