{"id":2542,"date":"2026-01-29T16:36:32","date_gmt":"2026-01-29T13:36:32","guid":{"rendered":"https:\/\/kalinkamagazin.com\/product\/4175-dulce-de-harina-con-sabor-a-leche-condensada-caramelizada-es\/"},"modified":"2026-01-29T17:02:20","modified_gmt":"2026-01-29T14:02:20","slug":"4175-dulce-de-harina-con-sabor-a-leche-condensada-caramelizada-es","status":"publish","type":"product","link":"https:\/\/kalinkamagazin.com\/es\/product\/4175-dulce-de-harina-con-sabor-a-leche-condensada-caramelizada-es\/","title":{"rendered":"Dulce de harina con sabor a leche condensada caramelizada."},"content":{"rendered":"<p>Confiter\u00eda con sabor a leche condensada caramelizada. Ingredientes: <b>harina de trigo,<\/b>az\u00facar,<\/b>aceite de girasol,<\/b>agua, <b>huevo entero de gallina,<\/b>almid\u00f3n de ma\u00edz, <b>leche condensada azucarada<\/b>1% <b>(leche,<\/b>az\u00facar, <b>lactosa),<\/b><b>leche desnatada en polvo,<\/b>sal,<\/b>levadura en polvo: (E503, E500),<\/b>acidulante: (E341),<\/b>aromatizantes, corrector de acidez: (E330),<\/b>emulgente: (lecitina de soja,<\/b>E476),<\/b>antioxidantes: (E306, E304). Este producto puede contener trazas de: <b>cacahuetes,<\/b><b>avellanas.<\/b>Conservar en un lugar fresco y seco. Proteger de la luz solar directa. Distribuci\u00f3n: Lackmann Fleisch- und Feinkostfabrik GmbH, Carl Benz Stra\u00dfe 10, 77731 Willst\u00e4tt, Alemania. Consumir preferentemente antes: ver pie de imprenta, segunda l\u00ednea. <!--NWT-Text-->Valor nutricional por 100 g: Valor energ\u00e9tico: 1855 kJ \/ 443 kcal, Grasas: 15 g, de las cuales saturadas: 11 g, Hidratos de carbono: 71 g, de los cuales az\u00facares: 27 g, Prote\u00ednas: 7,5 g, Sal: 0,53 g, <!--NWT-Table--><\/p>\n<table>\n<tbody>\n<tr>\n<td colspan=\"2\">Valor nutricional por 100 g:<\/td>\n<\/tr>\n<tr>\n<td>Valor energ\u00e9tico:<\/td>\n<td align = \"right\">1855 kJ\/443 kcal<\/td>\n<\/tr>\n<tr>\n<td>Grasas:<\/td>\n<td align = \"right\">15 g<\/td>\n<\/tr>\n<tr>\n<td>de las cuales saturadas:<\/td>\n<td align = \"right\">11g<\/td>\n<\/tr>\n<tr>\n<td>Hidratos de carbono:<\/td>\n<td align = \"right\">71g<\/td>\n<\/tr>\n<tr>\n<td>- de los cuales az\u00facares:<\/td>\n<td align = \"right\">27g<\/td>\n<\/tr>\n<tr>\n<td>Prote\u00ednas:<\/td>\n<td align = \"right\">7,5g<\/td>\n<\/tr>\n<tr>\n<td>Sal:<\/td>\n<td align = \"right\">0,53g<\/td>\n<\/tr>\n<\/tbody>\n<\/table>\n<p> <!--Bezeichnung-->Confiter\u00eda con sabor a leche condensada caramelizada. .<\/p>\n","protected":false},"excerpt":{"rendered":"<p>Confiter\u00eda con sabor a leche condensada caramelizada. Ingredientes: harina de trigo,az\u00facar,aceite de girasol,agua, huevo entero de gallina,almid\u00f3n de ma\u00edz, leche condensada azucarada1% (leche,az\u00facar, lactosa),leche desnatada en polvo,sal,levadura en polvo: (E503, E500),acidulante: (E341),aromatizantes, corrector de acidez: (E330),emulgente: (lecitina de soja,E476),antioxidantes: (E306, E304). Este producto puede contener trazas de: cacahuetes,avellanas.Conservar en un lugar fresco y seco. Proteger [&hellip;]<\/p>\n","protected":false},"featured_media":1606,"template":"","meta":{"inline_featured_image":false},"product_brand":[],"product_cat":[238,245],"product_tag":[],"class_list":{"0":"post-2542","1":"product","2":"type-product","3":"status-publish","4":"has-post-thumbnail","6":"product_cat-dulces-y-reposteria","7":"product_cat-galletas","9":"first","10":"instock","11":"shipping-taxable","12":"purchasable","13":"product-type-simple"},"acf":[],"_links":{"self":[{"href":"https:\/\/kalinkamagazin.com\/es\/wp-json\/wp\/v2\/product\/2542","targetHints":{"allow":["GET"]}}],"collection":[{"href":"https:\/\/kalinkamagazin.com\/es\/wp-json\/wp\/v2\/product"}],"about":[{"href":"https:\/\/kalinkamagazin.com\/es\/wp-json\/wp\/v2\/types\/product"}],"wp:featuredmedia":[{"embeddable":true,"href":"https:\/\/kalinkamagazin.com\/es\/wp-json\/wp\/v2\/media\/1606"}],"wp:attachment":[{"href":"https:\/\/kalinkamagazin.com\/es\/wp-json\/wp\/v2\/media?parent=2542"}],"wp:term":[{"taxonomy":"product_brand","embeddable":true,"href":"https:\/\/kalinkamagazin.com\/es\/wp-json\/wp\/v2\/product_brand?post=2542"},{"taxonomy":"product_cat","embeddable":true,"href":"https:\/\/kalinkamagazin.com\/es\/wp-json\/wp\/v2\/product_cat?post=2542"},{"taxonomy":"product_tag","embeddable":true,"href":"https:\/\/kalinkamagazin.com\/es\/wp-json\/wp\/v2\/product_tag?post=2542"}],"curies":[{"name":"wp","href":"https:\/\/api.w.org\/{rel}","templated":true}]}}