{"id":2544,"date":"2026-01-29T16:36:29","date_gmt":"2026-01-29T13:36:29","guid":{"rendered":"https:\/\/kalinkamagazin.com\/product\/4302-galletas-con-glaseado-blanco-de-grasa-sabor-chocolate-blanco-es\/"},"modified":"2026-01-29T17:02:17","modified_gmt":"2026-01-29T14:02:17","slug":"4302-galletas-con-glaseado-blanco-de-grasa-sabor-chocolate-blanco-es","status":"publish","type":"product","link":"https:\/\/kalinkamagazin.com\/es\/product\/4302-galletas-con-glaseado-blanco-de-grasa-sabor-chocolate-blanco-es\/","title":{"rendered":"Galletas con glaseado blanco de grasa, (sabor chocolate blanco)."},"content":{"rendered":"<p>Galletas \"Champi\u00f1ones\" con sabor a chocolate blanco. Ingredientes: glaseado de grasa blanca 60% (az\u00facar, grasa de palmiste totalmente hidrogenada, leche entera en polvo, suero de leche, emulgente: (lecitina (colza), E492, E476), aroma), harina de trigo, az\u00facar, grasas vegetales (karit\u00e9 (\u00e1rbol oleaginoso), palma), agua, aceite de coco, suero de leche, huevo entero en polvo, sal comestible, levadura qu\u00edmica: (E500, E503), jarabe de az\u00facar invertido (az\u00facar, agua, regulador de acidez: \u00e1cido c\u00edtrico, E500), aroma, antioxidantes: E223 (sulfitos). Puede contener: <b>Frutos secos,<\/b><b>centeno,<\/b><b>cebada,<\/b><b>avena,<\/b><b>s\u00e9samo,<\/b><b>soja.<\/b> Conservar en un lugar fresco y seco. Distribuci\u00f3n: Lackmann Fleisch- und Feinkostfabrik GmbH, Carl Benz Stra\u00dfe 10, 77731 Willst\u00e4tt, Alemania. Consumir preferentemente antes del: <!--NWT-Text-->Valor nutricional por 100 g: Valor energ\u00e9tico: 2158 kJ \/ 516 kcal, Grasas: 27 g, de las cuales saturadas: 24 g, Hidratos de carbono: 63 g, de los cuales az\u00facares: 41 g, Prote\u00ednas: 6,3 g, Sal: 0,41 g, <!--NWT-Table--><\/p>\n<table>\n<tbody>\n<tr>\n<td colspan=\"2\">Valor nutricional por 100 g:<\/td>\n<\/tr>\n<tr>\n<td>Valor energ\u00e9tico:<\/td>\n<td align = \"right\">2158 kJ\/516 kcal<\/td>\n<\/tr>\n<tr>\n<td>Grasas:<\/td>\n<td align = \"right\">27 g<\/td>\n<\/tr>\n<tr>\n<td>de las cuales saturadas:<\/td>\n<td align = \"right\">24g<\/td>\n<\/tr>\n<tr>\n<td>Hidratos de carbono:<\/td>\n<td align = \"right\">63g<\/td>\n<\/tr>\n<tr>\n<td>- de los cuales az\u00facares:<\/td>\n<td align = \"right\">41g<\/td>\n<\/tr>\n<tr>\n<td>Prote\u00ednas:<\/td>\n<td align = \"right\">6,3g<\/td>\n<\/tr>\n<tr>\n<td>Sal:<\/td>\n<td align = \"right\">0,41g<\/td>\n<\/tr>\n<\/tbody>\n<\/table>\n<p> <!--Bezeichnung-->Galletas \"Champi\u00f1ones\" con sabor a chocolate blanco. .<\/p>\n","protected":false},"excerpt":{"rendered":"<p>Galletas \"Champi\u00f1ones\" con sabor a chocolate blanco. Ingredientes: glaseado de grasa blanca 60% (az\u00facar, grasa de palmiste totalmente hidrogenada, leche entera en polvo, suero de leche, emulgente: (lecitina (colza), E492, E476), aroma), harina de trigo, az\u00facar, grasas vegetales (karit\u00e9 (\u00e1rbol oleaginoso), palma), agua, aceite de coco, suero de leche, huevo entero en polvo, sal comestible, [&hellip;]<\/p>\n","protected":false},"featured_media":1612,"template":"","meta":{"inline_featured_image":false},"product_brand":[],"product_cat":[238,245],"product_tag":[],"class_list":{"0":"post-2544","1":"product","2":"type-product","3":"status-publish","4":"has-post-thumbnail","6":"product_cat-dulces-y-reposteria","7":"product_cat-galletas","9":"first","10":"instock","11":"shipping-taxable","12":"purchasable","13":"product-type-simple"},"acf":[],"_links":{"self":[{"href":"https:\/\/kalinkamagazin.com\/es\/wp-json\/wp\/v2\/product\/2544","targetHints":{"allow":["GET"]}}],"collection":[{"href":"https:\/\/kalinkamagazin.com\/es\/wp-json\/wp\/v2\/product"}],"about":[{"href":"https:\/\/kalinkamagazin.com\/es\/wp-json\/wp\/v2\/types\/product"}],"wp:featuredmedia":[{"embeddable":true,"href":"https:\/\/kalinkamagazin.com\/es\/wp-json\/wp\/v2\/media\/1612"}],"wp:attachment":[{"href":"https:\/\/kalinkamagazin.com\/es\/wp-json\/wp\/v2\/media?parent=2544"}],"wp:term":[{"taxonomy":"product_brand","embeddable":true,"href":"https:\/\/kalinkamagazin.com\/es\/wp-json\/wp\/v2\/product_brand?post=2544"},{"taxonomy":"product_cat","embeddable":true,"href":"https:\/\/kalinkamagazin.com\/es\/wp-json\/wp\/v2\/product_cat?post=2544"},{"taxonomy":"product_tag","embeddable":true,"href":"https:\/\/kalinkamagazin.com\/es\/wp-json\/wp\/v2\/product_tag?post=2544"}],"curies":[{"name":"wp","href":"https:\/\/api.w.org\/{rel}","templated":true}]}}