{"id":2545,"date":"2026-01-29T16:36:25","date_gmt":"2026-01-29T13:36:25","guid":{"rendered":"https:\/\/kalinkamagazin.com\/product\/4303-galletas-con-cobertura-de-chocolate-es\/"},"modified":"2026-01-29T17:02:13","modified_gmt":"2026-01-29T14:02:13","slug":"4303-galletas-con-cobertura-de-chocolate-es","status":"publish","type":"product","link":"https:\/\/kalinkamagazin.com\/es\/product\/4303-galletas-con-cobertura-de-chocolate-es\/","title":{"rendered":"Galletas con cobertura de chocolate."},"content":{"rendered":"<p>Galletas \"Champi\u00f1ones\" sabor chocolate. Ingredientes: glaseado con 60% de grasa de cacao (az\u00facar, grasa de palmiste totalmente hidrogenada, cacao en polvo altamente desgrasado, suero de leche, emulgente: lecitina de colza, E492, aroma), harina de trigo, az\u00facar, grasas vegetales (karit\u00e9, palma), agua, aceite de coco, suero de leche, huevo entero en polvo, sal comestible, levadura qu\u00edmica (E500, E503), jarabe de az\u00facar invertido (az\u00facar, agua, corrector de acidez: \u00e1cido c\u00edtrico, E500), aroma, antioxidantes: E223 (sulfitos). Puede contener: <b>Frutos secos,<\/b><b>avena,<\/b><b>centeno,<\/b><b>cebada,<\/b><b>soja,<\/b><b>s\u00e9samo.<\/b> Conservar en un lugar fresco y seco. Distribuci\u00f3n: Lackmann Fleisch- und Feinkostfabrik GmbH, Carl Benz Stra\u00dfe 10, 77731 Willst\u00e4tt, Alemania. Consumir preferentemente antes del: <!--NWT-Text-->Valor nutricional por 100 g: Valor energ\u00e9tico: 2130 kJ \/ 509 kcal, Grasas: 25 g, de las cuales saturadas: 22 g, Hidratos de carbono: 64 g, de los cuales az\u00facares: 39 g, Prote\u00ednas: 6,6 g, Sal: 0,32 g, <!--NWT-Table--><\/p>\n<table>\n<tbody>\n<tr>\n<td colspan=\"2\">Valor nutricional por 100 g:<\/td>\n<\/tr>\n<tr>\n<td>Valor energ\u00e9tico:<\/td>\n<td align = \"right\">2130 kJ\/509 kcal<\/td>\n<\/tr>\n<tr>\n<td>Grasas:<\/td>\n<td align = \"right\">25 g<\/td>\n<\/tr>\n<tr>\n<td>de las cuales saturadas:<\/td>\n<td align = \"right\">22 g<\/td>\n<\/tr>\n<tr>\n<td>Hidratos de carbono:<\/td>\n<td align = \"right\">64 g<\/td>\n<\/tr>\n<tr>\n<td>- de los cuales az\u00facares:<\/td>\n<td align = \"right\">39 g<\/td>\n<\/tr>\n<tr>\n<td>Prote\u00ednas:<\/td>\n<td align = \"right\">6,6 g<\/td>\n<\/tr>\n<tr>\n<td>Sal:<\/td>\n<td align = \"right\">0,32 g<\/td>\n<\/tr>\n<\/tbody>\n<\/table>\n<p> <!--Bezeichnung-->Galletas de \"Champi\u00f1ones\" con sabor a chocolate.<\/p>\n","protected":false},"excerpt":{"rendered":"<p>Galletas \"Champi\u00f1ones\" sabor chocolate. Ingredientes: glaseado con 60% de grasa de cacao (az\u00facar, grasa de palmiste totalmente hidrogenada, cacao en polvo altamente desgrasado, suero de leche, emulgente: lecitina de colza, E492, aroma), harina de trigo, az\u00facar, grasas vegetales (karit\u00e9, palma), agua, aceite de coco, suero de leche, huevo entero en polvo, sal comestible, levadura qu\u00edmica [&hellip;]<\/p>\n","protected":false},"featured_media":1615,"template":"","meta":{"inline_featured_image":false},"product_brand":[],"product_cat":[238,245],"product_tag":[],"class_list":{"0":"post-2545","1":"product","2":"type-product","3":"status-publish","4":"has-post-thumbnail","6":"product_cat-dulces-y-reposteria","7":"product_cat-galletas","9":"first","10":"instock","11":"shipping-taxable","12":"purchasable","13":"product-type-simple"},"acf":[],"_links":{"self":[{"href":"https:\/\/kalinkamagazin.com\/es\/wp-json\/wp\/v2\/product\/2545","targetHints":{"allow":["GET"]}}],"collection":[{"href":"https:\/\/kalinkamagazin.com\/es\/wp-json\/wp\/v2\/product"}],"about":[{"href":"https:\/\/kalinkamagazin.com\/es\/wp-json\/wp\/v2\/types\/product"}],"wp:featuredmedia":[{"embeddable":true,"href":"https:\/\/kalinkamagazin.com\/es\/wp-json\/wp\/v2\/media\/1615"}],"wp:attachment":[{"href":"https:\/\/kalinkamagazin.com\/es\/wp-json\/wp\/v2\/media?parent=2545"}],"wp:term":[{"taxonomy":"product_brand","embeddable":true,"href":"https:\/\/kalinkamagazin.com\/es\/wp-json\/wp\/v2\/product_brand?post=2545"},{"taxonomy":"product_cat","embeddable":true,"href":"https:\/\/kalinkamagazin.com\/es\/wp-json\/wp\/v2\/product_cat?post=2545"},{"taxonomy":"product_tag","embeddable":true,"href":"https:\/\/kalinkamagazin.com\/es\/wp-json\/wp\/v2\/product_tag?post=2545"}],"curies":[{"name":"wp","href":"https:\/\/api.w.org\/{rel}","templated":true}]}}