{"id":2546,"date":"2026-01-29T16:36:22","date_gmt":"2026-01-29T13:36:22","guid":{"rendered":"https:\/\/kalinkamagazin.com\/product\/4885-dulce-de-harina-con-avena-molida-es\/"},"modified":"2026-01-29T17:02:10","modified_gmt":"2026-01-29T14:02:10","slug":"4885-dulce-de-harina-con-avena-molida-es","status":"publish","type":"product","link":"https:\/\/kalinkamagazin.com\/es\/product\/4885-dulce-de-harina-con-avena-molida-es\/","title":{"rendered":"Dulce de harina con avena molida."},"content":{"rendered":"<p>Confiter\u00eda con avena molida. Ingredientes: <b>harina de trigo,<\/b>az\u00facar, grasas y aceites vegetales totalmente hidrogenados (girasol, palma, <b>soja),<\/b>avena molida 14%, <b>huevo entero de gallina,<\/b>leche,<\/b>almid\u00f3n de ma\u00edz, <b>leche desnatada en polvo,<\/b>canela, sal, levadura qu\u00edmica (E500, E503), aroma, corrector de acidez (\u00e1cido c\u00edtrico), emulgente (lecitina de soja), antioxidantes (E306). Este producto puede contener trazas de: <b>cacahuetes,<\/b>frutos secos. Conservar en un lugar fresco y seco. Consumir preferentemente antes del: ver la segunda l\u00ednea del impreso. Distribuci\u00f3n: Lackmann Fleisch- und Feinkostfabrik GmbH, Carl Benz Stra\u00dfe 10, 77731 Willst\u00e4tt, Alemania. <!--NWT-Text-->Valor nutricional por 100 g: Valor energ\u00e9tico: 1934 kJ \/ 462 kcal, Grasas: 19 g, de las cuales saturadas: 3,9 g, Hidratos de carbono: 66 g, de los cuales az\u00facares: 20 g, Prote\u00ednas: 8,0 g, Sal: 0,36 g, <!--NWT-Table--><\/p>\n<table>\n<tbody>\n<tr>\n<td colspan=\"2\">Valor nutricional por 100 g:<\/td>\n<\/tr>\n<tr>\n<td>Valor energ\u00e9tico:<\/td>\n<td align = \"right\">1934 kJ\/462 kcal<\/td>\n<\/tr>\n<tr>\n<td>Grasas:<\/td>\n<td align = \"right\">19 g<\/td>\n<\/tr>\n<tr>\n<td>de las cuales saturadas:<\/td>\n<td align = \"right\">3,9 g<\/td>\n<\/tr>\n<tr>\n<td>Hidratos de carbono:<\/td>\n<td align = \"right\">66 g<\/td>\n<\/tr>\n<tr>\n<td>- de los cuales az\u00facares:<\/td>\n<td align = \"right\">20 g<\/td>\n<\/tr>\n<tr>\n<td>Prote\u00ednas:<\/td>\n<td align = \"right\">8,0 g<\/td>\n<\/tr>\n<tr>\n<td>Sal:<\/td>\n<td align = \"right\">0,36 g<\/td>\n<\/tr>\n<\/tbody>\n<\/table>\n<p> <!--Bezeichnung-->Confiter\u00eda con avena molida. .<\/p>\n","protected":false},"excerpt":{"rendered":"<p>Confiter\u00eda con avena molida. Ingredientes: harina de trigo,az\u00facar, grasas y aceites vegetales totalmente hidrogenados (girasol, palma, soja),avena molida 14%, huevo entero de gallina,leche,almid\u00f3n de ma\u00edz, leche desnatada en polvo,canela, sal, levadura qu\u00edmica (E500, E503), aroma, corrector de acidez (\u00e1cido c\u00edtrico), emulgente (lecitina de soja), antioxidantes (E306). Este producto puede contener trazas de: cacahuetes,frutos secos. Conservar [&hellip;]<\/p>\n","protected":false},"featured_media":1618,"template":"","meta":{"inline_featured_image":false},"product_brand":[],"product_cat":[238,245],"product_tag":[],"class_list":{"0":"post-2546","1":"product","2":"type-product","3":"status-publish","4":"has-post-thumbnail","6":"product_cat-dulces-y-reposteria","7":"product_cat-galletas","9":"first","10":"instock","11":"shipping-taxable","12":"purchasable","13":"product-type-simple"},"acf":[],"_links":{"self":[{"href":"https:\/\/kalinkamagazin.com\/es\/wp-json\/wp\/v2\/product\/2546","targetHints":{"allow":["GET"]}}],"collection":[{"href":"https:\/\/kalinkamagazin.com\/es\/wp-json\/wp\/v2\/product"}],"about":[{"href":"https:\/\/kalinkamagazin.com\/es\/wp-json\/wp\/v2\/types\/product"}],"wp:featuredmedia":[{"embeddable":true,"href":"https:\/\/kalinkamagazin.com\/es\/wp-json\/wp\/v2\/media\/1618"}],"wp:attachment":[{"href":"https:\/\/kalinkamagazin.com\/es\/wp-json\/wp\/v2\/media?parent=2546"}],"wp:term":[{"taxonomy":"product_brand","embeddable":true,"href":"https:\/\/kalinkamagazin.com\/es\/wp-json\/wp\/v2\/product_brand?post=2546"},{"taxonomy":"product_cat","embeddable":true,"href":"https:\/\/kalinkamagazin.com\/es\/wp-json\/wp\/v2\/product_cat?post=2546"},{"taxonomy":"product_tag","embeddable":true,"href":"https:\/\/kalinkamagazin.com\/es\/wp-json\/wp\/v2\/product_tag?post=2546"}],"curies":[{"name":"wp","href":"https:\/\/api.w.org\/{rel}","templated":true}]}}