{"id":2547,"date":"2026-01-29T16:36:18","date_gmt":"2026-01-29T13:36:18","guid":{"rendered":"https:\/\/kalinkamagazin.com\/product\/4890-galletas-es\/"},"modified":"2026-01-29T17:02:06","modified_gmt":"2026-01-29T14:02:06","slug":"4890-galletas-es","status":"publish","type":"product","link":"https:\/\/kalinkamagazin.com\/es\/product\/4890-galletas-es\/","title":{"rendered":"Galletas."},"content":{"rendered":"<p>Muffins. Ingredientes: <b>harina de trigo,<\/b>az\u00facar,<\/b>grasas y aceites vegetales totalmente hidrogenados (girasol, palma,<\/b>soja),<\/b>sal,<\/b>levadura en polvo (E500, E503),<\/b>aroma,<\/b>antioxidantes (E223, E306),<\/b>regulador de acidez (\u00e1cido c\u00edtrico),<\/b>emulgente (lecitina de soja)).<\/b>Este producto puede contener trazas de: <b>huevos,<\/b><b>leche,<\/b><b>lactosa.<\/b>Conservar en un lugar fresco y seco. Consumir preferentemente antes del: ver la segunda l\u00ednea del pie de imprenta. Ventas: Lackmann Fleisch- und Feinkostfabrik GmbH, Carl Benz Stra\u00dfe 10, 77731 Willst\u00e4tt, Alemania. <!--NWT-Text-->Valor nutricional por 100 g: Valor energ\u00e9tico: 1667 kJ \/ 397 kcal, Grasas: 9,2 g, de las cuales saturadas: 2,0 g, Hidratos de carbono: 70 g, de los cuales az\u00facares: 18 g, Prote\u00ednas: 8,2 g, Sal: 0,50 g, <!--NWT-Table--><\/p>\n<table>\n<tbody>\n<tr>\n<td colspan=\"2\">Valor nutricional por 100 g:<\/td>\n<\/tr>\n<tr>\n<td>Valor energ\u00e9tico:<\/td>\n<td align = \"right\">1667 kJ\/397 kcal<\/td>\n<\/tr>\n<tr>\n<td>Grasas:<\/td>\n<td align = \"right\">9,2 g<\/td>\n<\/tr>\n<tr>\n<td>de las cuales saturadas:<\/td>\n<td align = \"right\">2,0 g<\/td>\n<\/tr>\n<tr>\n<td>Hidratos de carbono:<\/td>\n<td align = \"right\">70 g<\/td>\n<\/tr>\n<tr>\n<td>- de los cuales az\u00facares:<\/td>\n<td align = \"right\">18 g<\/td>\n<\/tr>\n<tr>\n<td>Prote\u00ednas:<\/td>\n<td align = \"right\">8,2 g<\/td>\n<\/tr>\n<tr>\n<td>Sal:<\/td>\n<td align = \"right\">0,50 g<\/td>\n<\/tr>\n<\/tbody>\n<\/table>\n<p> <!--Bezeichnung-->Muffins. .<\/p>\n","protected":false},"excerpt":{"rendered":"<p>Muffins. Ingredientes: harina de trigo,az\u00facar,grasas y aceites vegetales totalmente hidrogenados (girasol, palma,soja),sal,levadura en polvo (E500, E503),aroma,antioxidantes (E223, E306),regulador de acidez (\u00e1cido c\u00edtrico),emulgente (lecitina de soja)).Este producto puede contener trazas de: huevos,leche,lactosa.Conservar en un lugar fresco y seco. Consumir preferentemente antes del: ver la segunda l\u00ednea del pie de imprenta. Ventas: Lackmann Fleisch- und Feinkostfabrik GmbH, [&hellip;]<\/p>\n","protected":false},"featured_media":1621,"template":"","meta":{"inline_featured_image":false},"product_brand":[],"product_cat":[238,245],"product_tag":[],"class_list":{"0":"post-2547","1":"product","2":"type-product","3":"status-publish","4":"has-post-thumbnail","6":"product_cat-dulces-y-reposteria","7":"product_cat-galletas","9":"first","10":"instock","11":"shipping-taxable","12":"purchasable","13":"product-type-simple"},"acf":[],"_links":{"self":[{"href":"https:\/\/kalinkamagazin.com\/es\/wp-json\/wp\/v2\/product\/2547","targetHints":{"allow":["GET"]}}],"collection":[{"href":"https:\/\/kalinkamagazin.com\/es\/wp-json\/wp\/v2\/product"}],"about":[{"href":"https:\/\/kalinkamagazin.com\/es\/wp-json\/wp\/v2\/types\/product"}],"wp:featuredmedia":[{"embeddable":true,"href":"https:\/\/kalinkamagazin.com\/es\/wp-json\/wp\/v2\/media\/1621"}],"wp:attachment":[{"href":"https:\/\/kalinkamagazin.com\/es\/wp-json\/wp\/v2\/media?parent=2547"}],"wp:term":[{"taxonomy":"product_brand","embeddable":true,"href":"https:\/\/kalinkamagazin.com\/es\/wp-json\/wp\/v2\/product_brand?post=2547"},{"taxonomy":"product_cat","embeddable":true,"href":"https:\/\/kalinkamagazin.com\/es\/wp-json\/wp\/v2\/product_cat?post=2547"},{"taxonomy":"product_tag","embeddable":true,"href":"https:\/\/kalinkamagazin.com\/es\/wp-json\/wp\/v2\/product_tag?post=2547"}],"curies":[{"name":"wp","href":"https:\/\/api.w.org\/{rel}","templated":true}]}}