{"id":2548,"date":"2026-01-29T16:36:15","date_gmt":"2026-01-29T13:36:15","guid":{"rendered":"https:\/\/kalinkamagazin.com\/product\/4896-dulce-de-harina-con-leche-evaporada-1-es\/"},"modified":"2026-01-29T17:02:03","modified_gmt":"2026-01-29T14:02:03","slug":"4896-dulce-de-harina-con-leche-evaporada-1-es","status":"publish","type":"product","link":"https:\/\/kalinkamagazin.com\/es\/product\/4896-dulce-de-harina-con-leche-evaporada-1-es\/","title":{"rendered":"Dulce de harina con leche evaporada (1%)."},"content":{"rendered":"<p>Confiter\u00eda con leche horneada (1%). Ingredientes: <b>harina de trigo,<\/b>az\u00facar,<\/b>grasas y aceites vegetales totalmente hidrogenados (girasol, palma,<\/b>soja),<\/b>leche desnatada en polvo,<\/b>huevo entero de gallina,<\/b>leche horneada, sal,<\/b>levadura en polvo: (E500, E503),<\/b>aroma,<\/b>regulador de acidez: (\u00e1cido c\u00edtrico),<\/b>emulgente: (lecitina de soja)),<\/b>antioxidantes: (E306). Este producto puede contener trazas de: <b>cacahuetes,<\/b><b>frutos secos.<\/b>Conservar en un lugar fresco y seco. Consumir preferentemente antes del: ver el pie de imprenta, segunda l\u00ednea. Ventas: Lackmann Fleisch- und Feinkostfabrik GmbH, Carl Benz Stra\u00dfe 10, 77731 Willst\u00e4tt, Alemania. <!--NWT-Text-->Valor nutricional por 100 g: Valor energ\u00e9tico: 1880 kJ \/ 444 kcal, Grasas: 16 g, de las cuales saturadas: 3,5 g, Hidratos de carbono: 67 g, de los cuales az\u00facares: 22 g, Prote\u00ednas: 7,7 g, Sal: 0,46 g, <!--NWT-Table--><\/p>\n<table>\n<tbody>\n<tr>\n<td colspan=\"2\">Valor nutricional por 100 g:<\/td>\n<\/tr>\n<tr>\n<td>Valor energ\u00e9tico:<\/td>\n<td align = \"right\">1880 kJ\/444 kcal<\/td>\n<\/tr>\n<tr>\n<td>Grasas:<\/td>\n<td align = \"right\">16 g<\/td>\n<\/tr>\n<tr>\n<td>de las cuales saturadas:<\/td>\n<td align = \"right\">3,5 g<\/td>\n<\/tr>\n<tr>\n<td>Hidratos de carbono:<\/td>\n<td align = \"right\">67 g<\/td>\n<\/tr>\n<tr>\n<td>- de los cuales az\u00facares:<\/td>\n<td align = \"right\">22 g<\/td>\n<\/tr>\n<tr>\n<td>Prote\u00ednas:<\/td>\n<td align = \"right\">7,7 g<\/td>\n<\/tr>\n<tr>\n<td>Sal:<\/td>\n<td align = \"right\">0,46 g<\/td>\n<\/tr>\n<\/tbody>\n<\/table>\n<p> <!--Bezeichnung-->Confiter\u00eda con leche horneada (1%)..<\/p>\n","protected":false},"excerpt":{"rendered":"<p>Confiter\u00eda con leche horneada (1%). Ingredientes: harina de trigo,az\u00facar,grasas y aceites vegetales totalmente hidrogenados (girasol, palma,soja),leche desnatada en polvo,huevo entero de gallina,leche horneada, sal,levadura en polvo: (E500, E503),aroma,regulador de acidez: (\u00e1cido c\u00edtrico),emulgente: (lecitina de soja)),antioxidantes: (E306). Este producto puede contener trazas de: cacahuetes,frutos secos.Conservar en un lugar fresco y seco. Consumir preferentemente antes del: ver [&hellip;]<\/p>\n","protected":false},"featured_media":1624,"template":"","meta":{"inline_featured_image":false},"product_brand":[],"product_cat":[238,245],"product_tag":[],"class_list":{"0":"post-2548","1":"product","2":"type-product","3":"status-publish","4":"has-post-thumbnail","6":"product_cat-dulces-y-reposteria","7":"product_cat-galletas","9":"first","10":"instock","11":"shipping-taxable","12":"purchasable","13":"product-type-simple"},"acf":[],"_links":{"self":[{"href":"https:\/\/kalinkamagazin.com\/es\/wp-json\/wp\/v2\/product\/2548","targetHints":{"allow":["GET"]}}],"collection":[{"href":"https:\/\/kalinkamagazin.com\/es\/wp-json\/wp\/v2\/product"}],"about":[{"href":"https:\/\/kalinkamagazin.com\/es\/wp-json\/wp\/v2\/types\/product"}],"wp:featuredmedia":[{"embeddable":true,"href":"https:\/\/kalinkamagazin.com\/es\/wp-json\/wp\/v2\/media\/1624"}],"wp:attachment":[{"href":"https:\/\/kalinkamagazin.com\/es\/wp-json\/wp\/v2\/media?parent=2548"}],"wp:term":[{"taxonomy":"product_brand","embeddable":true,"href":"https:\/\/kalinkamagazin.com\/es\/wp-json\/wp\/v2\/product_brand?post=2548"},{"taxonomy":"product_cat","embeddable":true,"href":"https:\/\/kalinkamagazin.com\/es\/wp-json\/wp\/v2\/product_cat?post=2548"},{"taxonomy":"product_tag","embeddable":true,"href":"https:\/\/kalinkamagazin.com\/es\/wp-json\/wp\/v2\/product_tag?post=2548"}],"curies":[{"name":"wp","href":"https:\/\/api.w.org\/{rel}","templated":true}]}}