{"id":2549,"date":"2026-01-29T16:36:04","date_gmt":"2026-01-29T13:36:04","guid":{"rendered":"https:\/\/kalinkamagazin.com\/product\/4360-galletas-de-levadura-con-relleno-de-semillas-de-amapola-48-es\/"},"modified":"2026-01-29T17:01:50","modified_gmt":"2026-01-29T14:01:50","slug":"4360-galletas-de-levadura-con-relleno-de-semillas-de-amapola-48-es","status":"publish","type":"product","link":"https:\/\/kalinkamagazin.com\/es\/product\/4360-galletas-de-levadura-con-relleno-de-semillas-de-amapola-48-es\/","title":{"rendered":"Galletas de levadura con relleno de semillas de amapola (48%)."},"content":{"rendered":"<p>Productos de masa de levadura con relleno de semillas de amapola (48%). Ingredientes: <b>harina de trigo,<\/b>az\u00facar,<\/b>margarina (aceite de palma, parcialmente endurecido,<\/b> agua potable,<\/b>emulgente: (lecitina (soja),<\/b>E471),<\/b>sal de mesa,<\/b>az\u00facar,<\/b>conservante: (E202),<\/b>regulador de acidez: (E330),<\/b>aroma,<\/b>colorante: (E160a),<\/b>antioxidantes: (E300, E307)),<\/b>semillas de amapola 11,85%,<\/b>agua potable,<\/b>preparado de manzana (pur\u00e9 de manzana,<\/b>az\u00facar,<\/b>regulador de acidez: (E330)),<\/b>huevo entero en polvo,<\/b>jarabe de glucosa,<\/b>pur\u00e9 de d\u00e1tiles,<\/b>espesante: (E440),<\/b>regulador de acidez: (E330), colorante (E150d), conservante (E200), levadura, sal, emulgente (E472e), harina de soja, antioxidantes (E300), conservante (E200, E282), regulador de humedad (E422), levadura en polvo (E450, E500), emulgente (E471, E475, E477), espesante (E415), aroma. Este producto puede contener trazas de cacahuetes, leche, nueces, avellanas y s\u00e9samo. Conservar en un lugar fresco y seco. La opci\u00f3n de presentaci\u00f3n se muestra en la imagen. Ventas: Lackmann Fleisch- und Feinkostfabrik GmbH, Carl Benz Stra\u00dfe 10, 77731 Willst\u00e4tt, Alemania. Consumir preferentemente antes del: ver pie de imprenta, segunda l\u00ednea. <!--NWT-Text-->Valor nutricional por 100 g: Valor energ\u00e9tico: 1660 kJ \/ 400 kcal, Grasas: 18 g, de las cuales saturadas: 9,0 g, Hidratos de carbono: 51 g, de los cuales az\u00facares: 26 g, Prote\u00ednas: 7,0 g, Sal: 0,34 g, <!--NWT-Table--><\/p>\n<table>\n<tbody>\n<tr>\n<td colspan=\"2\">Valor nutricional por 100 g:<\/td>\n<\/tr>\n<tr>\n<td>Valor energ\u00e9tico:<\/td>\n<td align = \"right\">1660 kJ\/400 kcal<\/td>\n<\/tr>\n<tr>\n<td>Grasas:<\/td>\n<td align = \"right\">18 g<\/td>\n<\/tr>\n<tr>\n<td>de las cuales saturadas:<\/td>\n<td align = \"right\">9,0 g<\/td>\n<\/tr>\n<tr>\n<td>Hidratos de carbono:<\/td>\n<td align = \"right\">51 g<\/td>\n<\/tr>\n<tr>\n<td>- de los cuales az\u00facares:<\/td>\n<td align = \"right\">26 g<\/td>\n<\/tr>\n<tr>\n<td>Prote\u00ednas:<\/td>\n<td align = \"right\">7,0 g<\/td>\n<\/tr>\n<tr>\n<td>Sal:<\/td>\n<td align = \"right\">0,34 g<\/td>\n<\/tr>\n<\/tbody>\n<\/table>\n<p> <!--Bezeichnung-->Productos de masa de levadura con relleno de semillas de amapola (48%).<\/p>\n","protected":false},"excerpt":{"rendered":"<p>Productos de masa de levadura con relleno de semillas de amapola (48%). Ingredientes: harina de trigo,az\u00facar,margarina (aceite de palma, parcialmente endurecido, agua potable,emulgente: (lecitina (soja),E471),sal de mesa,az\u00facar,conservante: (E202),regulador de acidez: (E330),aroma,colorante: (E160a),antioxidantes: (E300, E307)),semillas de amapola 11,85%,agua potable,preparado de manzana (pur\u00e9 de manzana,az\u00facar,regulador de acidez: (E330)),huevo entero en polvo,jarabe de glucosa,pur\u00e9 de d\u00e1tiles,espesante: (E440),regulador de [&hellip;]<\/p>\n","protected":false},"featured_media":1633,"template":"","meta":{"inline_featured_image":false},"product_brand":[],"product_cat":[238,247],"product_tag":[],"class_list":{"0":"post-2549","1":"product","2":"type-product","3":"status-publish","4":"has-post-thumbnail","6":"product_cat-dulces-y-reposteria","7":"product_cat-pasteles-tartas","9":"first","10":"instock","11":"shipping-taxable","12":"purchasable","13":"product-type-simple"},"acf":[],"_links":{"self":[{"href":"https:\/\/kalinkamagazin.com\/es\/wp-json\/wp\/v2\/product\/2549","targetHints":{"allow":["GET"]}}],"collection":[{"href":"https:\/\/kalinkamagazin.com\/es\/wp-json\/wp\/v2\/product"}],"about":[{"href":"https:\/\/kalinkamagazin.com\/es\/wp-json\/wp\/v2\/types\/product"}],"wp:featuredmedia":[{"embeddable":true,"href":"https:\/\/kalinkamagazin.com\/es\/wp-json\/wp\/v2\/media\/1633"}],"wp:attachment":[{"href":"https:\/\/kalinkamagazin.com\/es\/wp-json\/wp\/v2\/media?parent=2549"}],"wp:term":[{"taxonomy":"product_brand","embeddable":true,"href":"https:\/\/kalinkamagazin.com\/es\/wp-json\/wp\/v2\/product_brand?post=2549"},{"taxonomy":"product_cat","embeddable":true,"href":"https:\/\/kalinkamagazin.com\/es\/wp-json\/wp\/v2\/product_cat?post=2549"},{"taxonomy":"product_tag","embeddable":true,"href":"https:\/\/kalinkamagazin.com\/es\/wp-json\/wp\/v2\/product_tag?post=2549"}],"curies":[{"name":"wp","href":"https:\/\/api.w.org\/{rel}","templated":true}]}}