{"id":2554,"date":"2026-01-29T16:35:57","date_gmt":"2026-01-29T13:35:57","guid":{"rendered":"https:\/\/kalinkamagazin.com\/product\/6212-dulce-de-harina-kolobok-es\/"},"modified":"2026-01-29T17:01:43","modified_gmt":"2026-01-29T14:01:43","slug":"6212-dulce-de-harina-kolobok-es","status":"publish","type":"product","link":"https:\/\/kalinkamagazin.com\/es\/product\/6212-dulce-de-harina-kolobok-es\/","title":{"rendered":"Dulce de harina Kolobok"},"content":{"rendered":"<p>Pan de jengibre \"Kolobok\". Ingredientes: <b>harina de trigo,<\/b>jarabe de az\u00facar invertido (az\u00facar, agua, correctores de acidez: E330, E500), az\u00facar, agua, <b>harina de centeno,<\/b>aceite de colza, dextrosa, preparado de manzana (manzanas, az\u00facar, corrector de acidez: E330, espesante: pectina, conservante: E202), jarabe de caramelo, levadura qu\u00edmica (E500, E503), especias, corrector de acidez: E270, sal. Este producto puede contener trazas de: <b>avena,<\/b><b>cebada,<\/b><b>huevos,<\/b><b>leche,<\/b><b>cacahuetes,<\/b><b>frutos secos,<\/b><b>mostaza,<\/b><b>soja,<\/b><b>s\u00e9samo.<\/b>Conservar en un lugar fresco y seco. Distribuci\u00f3n: Lackmann Fleisch- und Feinkostfabrik GmbH, Carl Benz Stra\u00dfe 10, 77731 Willst\u00e4tt, Alemania. Consumir preferentemente antes: ver impresi\u00f3n en el embalaje, ver frente. <!--NWT-Text-->Valor nutricional por 100 g: Valor energ\u00e9tico: 1476 kJ \/ 348 kcal, Grasas: 2,5 g, de las cuales saturadas: 0,3 g, Hidratos de carbono: 76 g, de los cuales az\u00facares: 39 g, Prote\u00ednas: 5,6 g, Sal: 0,70 g, <!--NWT-Table--><\/p>\n<table>\n<tbody>\n<tr>\n<td colspan=\"2\">Valor nutricional por 100 g:<\/td>\n<\/tr>\n<tr>\n<td>Valor energ\u00e9tico:<\/td>\n<td align = \"right\">1476 kJ\/348 kcal<\/td>\n<\/tr>\n<tr>\n<td>Grasas:<\/td>\n<td align = \"right\">2,5 g<\/td>\n<\/tr>\n<tr>\n<td>de las cuales saturadas:<\/td>\n<td align = \"right\">0.3g<\/td>\n<\/tr>\n<tr>\n<td>Carbohidratos:<\/td>\n<td align = \"right\">76g<\/td>\n<\/tr>\n<tr>\n<td>- de los cuales az\u00facares:<\/td>\n<td align = \"right\">39g<\/td>\n<\/tr>\n<tr>\n<td>Prote\u00ednas:<\/td>\n<td align = \"right\">5.6g<\/td>\n<\/tr>\n<tr>\n<td>Sal:<\/td>\n<td align = \"right\">0.70g<\/td>\n<\/tr>\n<\/tbody>\n<\/table>\n<p> <!--Bezeichnung-->Pan de jengibre \"Kolobok\" .<\/p>\n","protected":false},"excerpt":{"rendered":"<p>Pan de jengibre \"Kolobok\". Ingredientes: harina de trigo,jarabe de az\u00facar invertido (az\u00facar, agua, correctores de acidez: E330, E500), az\u00facar, agua, harina de centeno,aceite de colza, dextrosa, preparado de manzana (manzanas, az\u00facar, corrector de acidez: E330, espesante: pectina, conservante: E202), jarabe de caramelo, levadura qu\u00edmica (E500, E503), especias, corrector de acidez: E270, sal. Este producto puede [&hellip;]<\/p>\n","protected":false},"featured_media":1654,"template":"","meta":{"inline_featured_image":false},"product_brand":[],"product_cat":[238,246],"product_tag":[],"class_list":{"0":"post-2554","1":"product","2":"type-product","3":"status-publish","4":"has-post-thumbnail","6":"product_cat-dulces-y-reposteria","7":"product_cat-pan-de-jengibre-galletas-de-especias","9":"first","10":"instock","11":"shipping-taxable","12":"purchasable","13":"product-type-simple"},"acf":[],"_links":{"self":[{"href":"https:\/\/kalinkamagazin.com\/es\/wp-json\/wp\/v2\/product\/2554","targetHints":{"allow":["GET"]}}],"collection":[{"href":"https:\/\/kalinkamagazin.com\/es\/wp-json\/wp\/v2\/product"}],"about":[{"href":"https:\/\/kalinkamagazin.com\/es\/wp-json\/wp\/v2\/types\/product"}],"wp:featuredmedia":[{"embeddable":true,"href":"https:\/\/kalinkamagazin.com\/es\/wp-json\/wp\/v2\/media\/1654"}],"wp:attachment":[{"href":"https:\/\/kalinkamagazin.com\/es\/wp-json\/wp\/v2\/media?parent=2554"}],"wp:term":[{"taxonomy":"product_brand","embeddable":true,"href":"https:\/\/kalinkamagazin.com\/es\/wp-json\/wp\/v2\/product_brand?post=2554"},{"taxonomy":"product_cat","embeddable":true,"href":"https:\/\/kalinkamagazin.com\/es\/wp-json\/wp\/v2\/product_cat?post=2554"},{"taxonomy":"product_tag","embeddable":true,"href":"https:\/\/kalinkamagazin.com\/es\/wp-json\/wp\/v2\/product_tag?post=2554"}],"curies":[{"name":"wp","href":"https:\/\/api.w.org\/{rel}","templated":true}]}}