{"id":2556,"date":"2026-01-29T16:35:54","date_gmt":"2026-01-29T13:35:54","guid":{"rendered":"https:\/\/kalinkamagazin.com\/product\/6227-dulce-de-harina-con-relleno-con-sabor-a-leche-condensada-azucarada-es\/"},"modified":"2026-01-29T17:01:40","modified_gmt":"2026-01-29T14:01:40","slug":"6227-dulce-de-harina-con-relleno-con-sabor-a-leche-condensada-azucarada-es","status":"publish","type":"product","link":"https:\/\/kalinkamagazin.com\/es\/product\/6227-dulce-de-harina-con-relleno-con-sabor-a-leche-condensada-azucarada-es\/","title":{"rendered":"Dulce de harina con relleno con sabor a leche condensada azucarada."},"content":{"rendered":"<p>Confiter\u00eda con relleno de leche condensada. Ingredientes: <b>harina de trigo,<\/b>az\u00facar,<\/b>relleno de leche condensada 18% (az\u00facar, agua, <b>leche desnatada en polvo,<\/b>aceite de coco, aceite de colza, almid\u00f3n modificado, espesante: (E509, E407, E440), conservante: E200), agua, jarabe de az\u00facar invertido (az\u00facar, agua, regulador de acidez: (E330, E500)), jarabe de glucosa y fructosa, grasas y aceites vegetales (manteca de karit\u00e9, palma), <b>huevo entero en polvo,<\/b>levadura en polvo: (E503, E500), jarabe de caramelo (az\u00facar caramelizado, agua), aroma. Este producto puede contener trazas de: avena, centeno, cebada, mostaza, cacahuetes, frutos secos, soja, s\u00e9samo. Conservar en un lugar fresco y seco. Consumir preferentemente antes de: ver el sello del envase. Distribuci\u00f3n: Lackmann Fleisch- und Feinkostfabrik GmbH, Carl Benz Stra\u00dfe 10, 77731 Willst\u00e4tt, Alemania. <!--NWT-Text-->Valor nutricional por 100 g: Valor energ\u00e9tico: 1570 kJ \/ 371 kcal, Grasas: 5,5 g, de las cuales saturadas: 2,4 g, Hidratos de carbono: 74 g, de los cuales az\u00facares: 43 g, Prote\u00ednas: 5,9 g, Sal: 0,10 g, <!--NWT-Table--><\/p>\n<table>\n<tbody>\n<tr>\n<td colspan=\"2\">Valor nutricional por 100 g:<\/td>\n<\/tr>\n<tr>\n<td>Valor energ\u00e9tico:<\/td>\n<td align = \"right\">1570 kJ \/ 371 kcal<\/td>\n<\/tr>\n<tr>\n<td>Grasas:<\/td>\n<td align = \"right\">5,5 g<\/td>\n<\/tr>\n<tr>\n<td>de las cuales saturadas:<\/td>\n<td align = \"right\">2,4 g<\/td>\n<\/tr>\n<tr>\n<td>Hidratos de carbono:<\/td>\n<td align = \"right\">74 g<\/td>\n<\/tr>\n<tr>\n<td>- de los cuales az\u00facares:<\/td>\n<td align = \"right\">43 g<\/td>\n<\/tr>\n<tr>\n<td>Prote\u00ednas:<\/td>\n<td align = \"right\">5,9 g<\/td>\n<\/tr>\n<tr>\n<td>Sal:<\/td>\n<td align = \"right\">0,10 g<\/td>\n<\/tr>\n<\/tbody>\n<\/table>\n<p> <!--Bezeichnung-->Confiter\u00eda con relleno con sabor a leche condensada. .<\/p>\n","protected":false},"excerpt":{"rendered":"<p>Confiter\u00eda con relleno de leche condensada. Ingredientes: harina de trigo,az\u00facar,relleno de leche condensada 18% (az\u00facar, agua, leche desnatada en polvo,aceite de coco, aceite de colza, almid\u00f3n modificado, espesante: (E509, E407, E440), conservante: E200), agua, jarabe de az\u00facar invertido (az\u00facar, agua, regulador de acidez: (E330, E500)), jarabe de glucosa y fructosa, grasas y aceites vegetales (manteca [&hellip;]<\/p>\n","protected":false},"featured_media":1660,"template":"","meta":{"inline_featured_image":false},"product_brand":[],"product_cat":[238,246],"product_tag":[],"class_list":{"0":"post-2556","1":"product","2":"type-product","3":"status-publish","4":"has-post-thumbnail","6":"product_cat-dulces-y-reposteria","7":"product_cat-pan-de-jengibre-galletas-de-especias","9":"first","10":"instock","11":"shipping-taxable","12":"purchasable","13":"product-type-simple"},"acf":[],"_links":{"self":[{"href":"https:\/\/kalinkamagazin.com\/es\/wp-json\/wp\/v2\/product\/2556","targetHints":{"allow":["GET"]}}],"collection":[{"href":"https:\/\/kalinkamagazin.com\/es\/wp-json\/wp\/v2\/product"}],"about":[{"href":"https:\/\/kalinkamagazin.com\/es\/wp-json\/wp\/v2\/types\/product"}],"wp:featuredmedia":[{"embeddable":true,"href":"https:\/\/kalinkamagazin.com\/es\/wp-json\/wp\/v2\/media\/1660"}],"wp:attachment":[{"href":"https:\/\/kalinkamagazin.com\/es\/wp-json\/wp\/v2\/media?parent=2556"}],"wp:term":[{"taxonomy":"product_brand","embeddable":true,"href":"https:\/\/kalinkamagazin.com\/es\/wp-json\/wp\/v2\/product_brand?post=2556"},{"taxonomy":"product_cat","embeddable":true,"href":"https:\/\/kalinkamagazin.com\/es\/wp-json\/wp\/v2\/product_cat?post=2556"},{"taxonomy":"product_tag","embeddable":true,"href":"https:\/\/kalinkamagazin.com\/es\/wp-json\/wp\/v2\/product_tag?post=2556"}],"curies":[{"name":"wp","href":"https:\/\/api.w.org\/{rel}","templated":true}]}}