{"id":2558,"date":"2026-01-29T16:35:21","date_gmt":"2026-01-29T13:35:21","guid":{"rendered":"https:\/\/kalinkamagazin.com\/product\/6108-rosquillas-con-semillas-de-amapola-es\/"},"modified":"2026-01-29T17:01:06","modified_gmt":"2026-01-29T14:01:06","slug":"6108-rosquillas-con-semillas-de-amapola-es","status":"publish","type":"product","link":"https:\/\/kalinkamagazin.com\/es\/product\/6108-rosquillas-con-semillas-de-amapola-es\/","title":{"rendered":"Rosquillas con semillas de amapola."},"content":{"rendered":"<p>Pretzels con semillas de amapola. Ingredientes: <b>harina de trigo,<\/b>az\u00facar,<\/b>aceite de girasol,<\/b> semillas de amapola 3%,<\/b>sal,<\/b>levadura,<\/b>polvo para hornear (E503),<\/b>sabor vainilla.<\/b> Puede contener: <b>huevos,<\/b>mostaza,<\/b>s\u00e9samo.<\/b> Conservar en un lugar fresco y seco. Ventas: Lackmann Fleisch- und Feinkostfabrik GmbH, Carl Benz Stra\u00dfe 10, 77731 Willst\u00e4tt, Alemania. Consumir preferentemente antes del: <!--NWT-Text-->Valor nutricional por 100 g: Valor energ\u00e9tico: 1812 kJ \/ 433 kcal, Grasas: 11 g, de las cuales saturadas: 1,0 g, Hidratos de carbono: 74 g, de los cuales az\u00facares: 17 g, Prote\u00ednas: 9,6 g, Sal: 0,86 g, <!--NWT-Table--><\/p>\n<table>\n<tbody>\n<tr>\n<td colspan=\"2\">Valor nutricional por 100 g:<\/td>\n<\/tr>\n<tr>\n<td>Valor energ\u00e9tico:<\/td>\n<td align = \"right\">1812 kJ\/433 kcal<\/td>\n<\/tr>\n<tr>\n<td>Grasas:<\/td>\n<td align = \"right\">11 g<\/td>\n<\/tr>\n<tr>\n<td>de las cuales saturadas:<\/td>\n<td align = \"right\">1,0 g<\/td>\n<\/tr>\n<tr>\n<td>Hidratos de carbono:<\/td>\n<td align = \"right\">74 g<\/td>\n<\/tr>\n<tr>\n<td>- de los cuales az\u00facares:<\/td>\n<td align = \"right\">17 g<\/td>\n<\/tr>\n<tr>\n<td>Prote\u00ednas:<\/td>\n<td align = \"right\">9,6 g<\/td>\n<\/tr>\n<tr>\n<td>Sal:<\/td>\n<td align = \"right\">0,86 g<\/td>\n<\/tr>\n<\/tbody>\n<\/table>\n<p> <!--Bezeichnung-->Pretzels con semillas de amapola. .<\/p>\n","protected":false},"excerpt":{"rendered":"<p>Pretzels con semillas de amapola. Ingredientes: harina de trigo,az\u00facar,aceite de girasol, semillas de amapola 3%,sal,levadura,polvo para hornear (E503),sabor vainilla. Puede contener: huevos,mostaza,s\u00e9samo. Conservar en un lugar fresco y seco. Ventas: Lackmann Fleisch- und Feinkostfabrik GmbH, Carl Benz Stra\u00dfe 10, 77731 Willst\u00e4tt, Alemania. Consumir preferentemente antes del: Valor nutricional por 100 g: Valor energ\u00e9tico: 1812 kJ [&hellip;]<\/p>\n","protected":false},"featured_media":1714,"template":"","meta":{"inline_featured_image":false},"product_brand":[],"product_cat":[207],"product_tag":[],"class_list":{"0":"post-2558","1":"product","2":"type-product","3":"status-publish","4":"has-post-thumbnail","6":"product_cat-granos-cereales-y-snacks","8":"first","9":"instock","10":"shipping-taxable","11":"purchasable","12":"product-type-simple"},"acf":[],"_links":{"self":[{"href":"https:\/\/kalinkamagazin.com\/es\/wp-json\/wp\/v2\/product\/2558","targetHints":{"allow":["GET"]}}],"collection":[{"href":"https:\/\/kalinkamagazin.com\/es\/wp-json\/wp\/v2\/product"}],"about":[{"href":"https:\/\/kalinkamagazin.com\/es\/wp-json\/wp\/v2\/types\/product"}],"wp:featuredmedia":[{"embeddable":true,"href":"https:\/\/kalinkamagazin.com\/es\/wp-json\/wp\/v2\/media\/1714"}],"wp:attachment":[{"href":"https:\/\/kalinkamagazin.com\/es\/wp-json\/wp\/v2\/media?parent=2558"}],"wp:term":[{"taxonomy":"product_brand","embeddable":true,"href":"https:\/\/kalinkamagazin.com\/es\/wp-json\/wp\/v2\/product_brand?post=2558"},{"taxonomy":"product_cat","embeddable":true,"href":"https:\/\/kalinkamagazin.com\/es\/wp-json\/wp\/v2\/product_cat?post=2558"},{"taxonomy":"product_tag","embeddable":true,"href":"https:\/\/kalinkamagazin.com\/es\/wp-json\/wp\/v2\/product_tag?post=2558"}],"curies":[{"name":"wp","href":"https:\/\/api.w.org\/{rel}","templated":true}]}}