{"id":2562,"date":"2026-01-29T16:35:11","date_gmt":"2026-01-29T13:35:11","guid":{"rendered":"https:\/\/kalinkamagazin.com\/product\/6234-rosquillas-con-leche-condensada-azucarada-es\/"},"modified":"2026-01-29T17:00:56","modified_gmt":"2026-01-29T14:00:56","slug":"6234-rosquillas-con-leche-condensada-azucarada-es","status":"publish","type":"product","link":"https:\/\/kalinkamagazin.com\/es\/product\/6234-rosquillas-con-leche-condensada-azucarada-es\/","title":{"rendered":"Rosquillas con leche condensada azucarada."},"content":{"rendered":"<p>Bollos de vainilla. Ingredientes: <b>harina de trigo,<\/b>az\u00facar,<\/b>leche condensada azucarada 7% <b>(leche entera,<\/b>az\u00facar),<\/b>aceite de colza,<\/b>levadura,<\/b>sal, <b>harina de centeno,<\/b>enzima (contiene <b>trigo,<\/b>soja),<\/b>antioxidantes: (\u00e1cido asc\u00f3rbico),<\/b>conservante: (\u00e1cido s\u00f3rbico),<\/b>aromatizante. Este producto puede contener trazas de: <b>huevos,<\/b>cacahuetes,<\/b>s\u00e9samo.<\/b>Conservar en un lugar fresco y seco. Consumir preferentemente antes de: ver el reverso del folleto. Distribuci\u00f3n: Lackmann Fleisch- und Feinkostfabrik GmbH, Carl Benz Stra\u00dfe 10, 77731 Willst\u00e4tt, Alemania. Valor nutricional por 100 g: fibra diet\u00e9tica 3,7 g. <!--NWT-Text-->Valor nutricional por 100 g: Valor energ\u00e9tico: 1592 kJ \/ 377 kcal, Grasas: 7,3 g, de las cuales saturadas: 0,5 g, Hidratos de carbono: 67 g, de los cuales az\u00facares: 14 g, Prote\u00ednas: 9,6 g, Sal: 0,78 g, <!--NWT-Table--><\/p>\n<table>\n<tbody>\n<tr>\n<td colspan=\"2\">Valor nutricional por 100 g:<\/td>\n<\/tr>\n<tr>\n<td>Valor energ\u00e9tico:<\/td>\n<td align = \"right\">1592 kJ\/377 kcal<\/td>\n<\/tr>\n<tr>\n<td>Grasas:<\/td>\n<td align = \"right\">7,3 g<\/td>\n<\/tr>\n<tr>\n<td>de las cuales saturadas:<\/td>\n<td align = \"right\">0.5g<\/td>\n<\/tr>\n<tr>\n<td>Carbohidratos:<\/td>\n<td align = \"right\">67g<\/td>\n<\/tr>\n<tr>\n<td>- de los cuales az\u00facares:<\/td>\n<td align = \"right\">14g<\/td>\n<\/tr>\n<tr>\n<td>Prote\u00ednas:<\/td>\n<td align = \"right\">9.6g<\/td>\n<\/tr>\n<tr>\n<td>Sal:<\/td>\n<td align = \"right\">0.78g<\/td>\n<\/tr>\n<\/tbody>\n<\/table>\n<p> <!--Bezeichnung-->Bagels de vainilla ..<\/p>\n","protected":false},"excerpt":{"rendered":"<p>Bollos de vainilla. Ingredientes: harina de trigo,az\u00facar,leche condensada azucarada 7% (leche entera,az\u00facar),aceite de colza,levadura,sal, harina de centeno,enzima (contiene trigo,soja),antioxidantes: (\u00e1cido asc\u00f3rbico),conservante: (\u00e1cido s\u00f3rbico),aromatizante. Este producto puede contener trazas de: huevos,cacahuetes,s\u00e9samo.Conservar en un lugar fresco y seco. Consumir preferentemente antes de: ver el reverso del folleto. Distribuci\u00f3n: Lackmann Fleisch- und Feinkostfabrik GmbH, Carl Benz Stra\u00dfe 10, [&hellip;]<\/p>\n","protected":false},"featured_media":1729,"template":"","meta":{"inline_featured_image":false},"product_brand":[],"product_cat":[207],"product_tag":[],"class_list":{"0":"post-2562","1":"product","2":"type-product","3":"status-publish","4":"has-post-thumbnail","6":"product_cat-granos-cereales-y-snacks","8":"first","9":"instock","10":"shipping-taxable","11":"purchasable","12":"product-type-simple"},"acf":[],"_links":{"self":[{"href":"https:\/\/kalinkamagazin.com\/es\/wp-json\/wp\/v2\/product\/2562","targetHints":{"allow":["GET"]}}],"collection":[{"href":"https:\/\/kalinkamagazin.com\/es\/wp-json\/wp\/v2\/product"}],"about":[{"href":"https:\/\/kalinkamagazin.com\/es\/wp-json\/wp\/v2\/types\/product"}],"wp:featuredmedia":[{"embeddable":true,"href":"https:\/\/kalinkamagazin.com\/es\/wp-json\/wp\/v2\/media\/1729"}],"wp:attachment":[{"href":"https:\/\/kalinkamagazin.com\/es\/wp-json\/wp\/v2\/media?parent=2562"}],"wp:term":[{"taxonomy":"product_brand","embeddable":true,"href":"https:\/\/kalinkamagazin.com\/es\/wp-json\/wp\/v2\/product_brand?post=2562"},{"taxonomy":"product_cat","embeddable":true,"href":"https:\/\/kalinkamagazin.com\/es\/wp-json\/wp\/v2\/product_cat?post=2562"},{"taxonomy":"product_tag","embeddable":true,"href":"https:\/\/kalinkamagazin.com\/es\/wp-json\/wp\/v2\/product_tag?post=2562"}],"curies":[{"name":"wp","href":"https:\/\/api.w.org\/{rel}","templated":true}]}}