{"id":2563,"date":"2026-01-29T16:34:28","date_gmt":"2026-01-29T13:34:28","guid":{"rendered":"https:\/\/kalinkamagazin.com\/product\/5979-mezcla-de-frutas-para-infusiones-aromatizado-con-sabor-a-arndanos-rojos-y-jengibre-sabor-es\/"},"modified":"2026-01-29T17:00:11","modified_gmt":"2026-01-29T14:00:11","slug":"5979-mezcla-de-frutas-para-infusiones-aromatizado-con-sabor-a-arndanos-rojos-y-jengibre-sabor-es","status":"publish","type":"product","link":"https:\/\/kalinkamagazin.com\/es\/product\/5979-mezcla-de-frutas-para-infusiones-aromatizado-con-sabor-a-arndanos-rojos-y-jengibre-sabor-es\/","title":{"rendered":"Mezcla de frutas para infusiones aromatizado con sabor a ar\u00e1ndanos rojos y jengibre sabor."},"content":{"rendered":"<p>T\u00e9 de frutas con sabor a ar\u00e1ndano rojo y jengibre. 20 bolsitas de t\u00e9 de 2 g. Ingredientes: hibisco, jengibre (13 %), manzana, aronia, achicoria tostada, hojas de mora, regaliz (5 %), aromas, ruibarbo, ar\u00e1ndano rojo (0,2 %). Conservar en un lugar fresco y seco. Mantener alejado de productos con olor fuerte. La fecha de caducidad sin abrir es de: ver la parte inferior. Ventas: Lackmann Fleisch- und Feinkostfabrik GmbH, Carl Benz Stra\u00dfe 10, 77731 Willst\u00e4tt, Alemania. <!--NWT-Text--> <!--NWT-Table--> <!--Bezeichnung-->T\u00e9 de frutas con sabor a ar\u00e1ndano rojo y jengibre.<\/p>\n","protected":false},"excerpt":{"rendered":"<p>T\u00e9 de frutas con sabor a ar\u00e1ndano rojo y jengibre. 20 bolsitas de t\u00e9 de 2 g. Ingredientes: hibisco, jengibre (13 %), manzana, aronia, achicoria tostada, hojas de mora, regaliz (5 %), aromas, ruibarbo, ar\u00e1ndano rojo (0,2 %). Conservar en un lugar fresco y seco. Mantener alejado de productos con olor fuerte. La fecha de [&hellip;]<\/p>\n","protected":false},"featured_media":1792,"template":"","meta":{"inline_featured_image":false},"product_brand":[],"product_cat":[251,248],"product_tag":[],"class_list":{"0":"post-2563","1":"product","2":"type-product","3":"status-publish","4":"has-post-thumbnail","6":"product_cat-te","7":"product_cat-te-y-cafe","9":"first","10":"instock","11":"shipping-taxable","12":"purchasable","13":"product-type-simple"},"acf":[],"_links":{"self":[{"href":"https:\/\/kalinkamagazin.com\/es\/wp-json\/wp\/v2\/product\/2563","targetHints":{"allow":["GET"]}}],"collection":[{"href":"https:\/\/kalinkamagazin.com\/es\/wp-json\/wp\/v2\/product"}],"about":[{"href":"https:\/\/kalinkamagazin.com\/es\/wp-json\/wp\/v2\/types\/product"}],"wp:featuredmedia":[{"embeddable":true,"href":"https:\/\/kalinkamagazin.com\/es\/wp-json\/wp\/v2\/media\/1792"}],"wp:attachment":[{"href":"https:\/\/kalinkamagazin.com\/es\/wp-json\/wp\/v2\/media?parent=2563"}],"wp:term":[{"taxonomy":"product_brand","embeddable":true,"href":"https:\/\/kalinkamagazin.com\/es\/wp-json\/wp\/v2\/product_brand?post=2563"},{"taxonomy":"product_cat","embeddable":true,"href":"https:\/\/kalinkamagazin.com\/es\/wp-json\/wp\/v2\/product_cat?post=2563"},{"taxonomy":"product_tag","embeddable":true,"href":"https:\/\/kalinkamagazin.com\/es\/wp-json\/wp\/v2\/product_tag?post=2563"}],"curies":[{"name":"wp","href":"https:\/\/api.w.org\/{rel}","templated":true}]}}