{"id":2564,"date":"2026-01-29T16:34:17","date_gmt":"2026-01-29T13:34:17","guid":{"rendered":"https:\/\/kalinkamagazin.com\/product\/3255-remolacha-preparacin-es\/"},"modified":"2026-01-29T16:59:59","modified_gmt":"2026-01-29T13:59:59","slug":"3255-remolacha-preparacin-es","status":"publish","type":"product","link":"https:\/\/kalinkamagazin.com\/es\/product\/3255-remolacha-preparacin-es\/","title":{"rendered":"Remolacha-preparaci\u00f3n."},"content":{"rendered":"<p>Remolacha - preparaci\u00f3n. Ingredientes: remolacha 87%, vinagre de alcohol, az\u00facar, sal de mesa. Este producto puede contener trazas de: apio, sulfitos, mostaza, leche. Conservar en un lugar fresco y seco. Proteger de la luz solar directa. La vida \u00fatil m\u00ednima sin abrir es de hasta: ver la tapa. Una vez abierto, refrigerar y consumir en 2 d\u00edas. Fabricante: FRUBEX-BIS J.Z.B\u0119ben i wsp\u00f3lnicy\u201c SP.J., calle 700 lecia 4, 98-330 PAJ\u0118CZNO, POLEN, Distribuci\u00f3n: Lackmann Fleisch- und Feinkostfabrik GmbH, Carl Benz Stra\u00dfe 10, 77731 Willst\u00e4tt, Alemania <!--NWT-Text-->Nutricional informaci\u00f3n por 100 g: Valor energ\u00e9tico: 220 kJ \/ 52 kcal, Grasas: 0 g, - de los cuales \u00e1cidos grasos saturados: 0 g, Hidratos de carbono: 11 g, - de los cuales az\u00facares: 11 g, Prote\u00ednas: 1,3 g, Sal: 0,55 g, <!--NWT-Table--><\/p>\n<table>\n<tbody>\n<tr>\n<td colspan=\"2\">Valor nutricional por 100 g:<\/td>\n<\/tr>\n<tr>\n<td>Valor energ\u00e9tico:<\/td>\n<td align = \"right\">220 kJ\/52 kcal<\/td>\n<\/tr>\n<tr>\n<td>Grasas:<\/td>\n<td align = \"right\">0 g<\/td>\n<\/tr>\n<tr>\n<td>- de los cuales \u00e1cidos grasos saturados:<\/td>\n<td align = \"right\">0 g<\/td>\n<\/tr>\n<tr>\n<td>Hidratos de carbono:<\/td>\n<td align = \"right\">11 g<\/td>\n<\/tr>\n<tr>\n<td>- de los cuales az\u00facares:<\/td>\n<td align = \"right\">11 g<\/td>\n<\/tr>\n<tr>\n<td>Prote\u00ednas:<\/td>\n<td align = \"right\">1,3 g<\/td>\n<\/tr>\n<tr>\n<td>Sal:<\/td>\n<td align = \"derecha\">0,55 g<\/td>\n<\/tr>\n<\/tbody>\n<\/table>\n<p> <!--Bezeichnung-->preparaci\u00f3n de remolacha. .<\/p>\n","protected":false},"excerpt":{"rendered":"<p>Remolacha - preparaci\u00f3n. Ingredientes: remolacha 87%, vinagre de alcohol, az\u00facar, sal de mesa. Este producto puede contener trazas de: apio, sulfitos, mostaza, leche. Conservar en un lugar fresco y seco. Proteger de la luz solar directa. La vida \u00fatil m\u00ednima sin abrir es de hasta: ver la tapa. Una vez abierto, refrigerar y consumir en [&hellip;]<\/p>\n","protected":false},"featured_media":1804,"template":"","meta":{"inline_featured_image":false},"product_brand":[],"product_cat":[195,198],"product_tag":[],"class_list":{"0":"post-2564","1":"product","2":"type-product","3":"status-publish","4":"has-post-thumbnail","6":"product_cat-conservas","7":"product_cat-conservas-otros","9":"first","10":"instock","11":"shipping-taxable","12":"purchasable","13":"product-type-simple"},"acf":[],"_links":{"self":[{"href":"https:\/\/kalinkamagazin.com\/es\/wp-json\/wp\/v2\/product\/2564","targetHints":{"allow":["GET"]}}],"collection":[{"href":"https:\/\/kalinkamagazin.com\/es\/wp-json\/wp\/v2\/product"}],"about":[{"href":"https:\/\/kalinkamagazin.com\/es\/wp-json\/wp\/v2\/types\/product"}],"wp:featuredmedia":[{"embeddable":true,"href":"https:\/\/kalinkamagazin.com\/es\/wp-json\/wp\/v2\/media\/1804"}],"wp:attachment":[{"href":"https:\/\/kalinkamagazin.com\/es\/wp-json\/wp\/v2\/media?parent=2564"}],"wp:term":[{"taxonomy":"product_brand","embeddable":true,"href":"https:\/\/kalinkamagazin.com\/es\/wp-json\/wp\/v2\/product_brand?post=2564"},{"taxonomy":"product_cat","embeddable":true,"href":"https:\/\/kalinkamagazin.com\/es\/wp-json\/wp\/v2\/product_cat?post=2564"},{"taxonomy":"product_tag","embeddable":true,"href":"https:\/\/kalinkamagazin.com\/es\/wp-json\/wp\/v2\/product_tag?post=2564"}],"curies":[{"name":"wp","href":"https:\/\/api.w.org\/{rel}","templated":true}]}}