{"id":2565,"date":"2026-01-29T16:34:14","date_gmt":"2026-01-29T13:34:14","guid":{"rendered":"https:\/\/kalinkamagazin.com\/product\/3256-acedera-fermentado-en-salmuera-marinada-es\/"},"modified":"2026-01-29T16:59:56","modified_gmt":"2026-01-29T13:59:56","slug":"3256-acedera-fermentado-en-salmuera-marinada-es","status":"publish","type":"product","link":"https:\/\/kalinkamagazin.com\/es\/product\/3256-acedera-fermentado-en-salmuera-marinada-es\/","title":{"rendered":"Acedera (fermentado), en salmuera marinada."},"content":{"rendered":"<p>Acedera fermentada, picada y marinada en salmuera. Peso seco: 242 g. Ideal para sopas o como guarnici\u00f3n. Ingredientes: 85 % de acedera, agua potable, sal de mesa. Este producto puede contener trazas de leche, mostaza, sulfitos y apio. La vida \u00fatil m\u00ednima sin abrir es de hasta: ver la tapa o el lateral del envase. Conservar en un lugar fresco y seco. Proteger de la luz solar directa. Una vez abierto, refrigerar y consumir en 2 d\u00edas. Ventas: Lackmann Fleisch- und Feinkostfabrik GmbH, Carl Benz Stra\u00dfe 10, 77731 Willst\u00e4tt, Alemania. <!--NWT-Text-->Valor nutricional por 100 g: Valor energ\u00e9tico: 80 kJ \/ 19 kcal, Grasas: <0,5 g, - de las cuales \u00e1cidos grasos saturados: <0,1 g, Carbohidratos: 1,0 g, - de los cuales az\u00facares: <0,5 g, Prote\u00ednas: 2,1 g, Sal: 2,1 g, <!--NWT-Table--><\/p>\n<table>\n<tbody>\n<tr>\n<td colspan=\"2\">Valor nutricional por 100 g:<\/td>\n<\/tr>\n<tr>\n<td>Valor energ\u00e9tico:<\/td>\n<td align = \"right\">80 kJ\/19 kcal<\/td>\n<\/tr>\n<tr>\n<td>Grasas:<\/td>\n<td align = \"right\"><0,5 g<\/td>\n<\/tr>\n<tr>\n<td>- de las cuales \u00e1cidos grasos saturados:<\/td>\n<td align = \"right\"><0.1g<\/td>\n<\/tr>\n<tr>\n<td>Hidratos de carbono:<\/td>\n<td align = \"right\">1.0g<\/td>\n<\/tr>\n<tr>\n<td>- de los cuales az\u00facares:<\/td>\n<td align = \"right\"><0.5g<\/td>\n<\/tr>\n<tr>\n<td>Prote\u00ednas:<\/td>\n<td align = \"right\">2.1g<\/td>\n<\/tr>\n<tr>\n<td>Sal:<\/td>\n<td align = \"right\">2.1g<\/td>\n<\/tr>\n<\/tbody>\n<\/table>\n<p> <!--Bezeichnung-->Acedera fermentada, triturada, marinada en salmuera.<\/p>\n","protected":false},"excerpt":{"rendered":"<p>Acedera fermentada, picada y marinada en salmuera. Peso seco: 242 g. Ideal para sopas o como guarnici\u00f3n. Ingredientes: 85 % de acedera, agua potable, sal de mesa. Este producto puede contener trazas de leche, mostaza, sulfitos y apio. La vida \u00fatil m\u00ednima sin abrir es de hasta: ver la tapa o el lateral del envase. [&hellip;]<\/p>\n","protected":false},"featured_media":1807,"template":"","meta":{"inline_featured_image":false},"product_brand":[],"product_cat":[195,198],"product_tag":[],"class_list":{"0":"post-2565","1":"product","2":"type-product","3":"status-publish","4":"has-post-thumbnail","6":"product_cat-conservas","7":"product_cat-conservas-otros","9":"first","10":"instock","11":"shipping-taxable","12":"purchasable","13":"product-type-simple"},"acf":[],"_links":{"self":[{"href":"https:\/\/kalinkamagazin.com\/es\/wp-json\/wp\/v2\/product\/2565","targetHints":{"allow":["GET"]}}],"collection":[{"href":"https:\/\/kalinkamagazin.com\/es\/wp-json\/wp\/v2\/product"}],"about":[{"href":"https:\/\/kalinkamagazin.com\/es\/wp-json\/wp\/v2\/types\/product"}],"wp:featuredmedia":[{"embeddable":true,"href":"https:\/\/kalinkamagazin.com\/es\/wp-json\/wp\/v2\/media\/1807"}],"wp:attachment":[{"href":"https:\/\/kalinkamagazin.com\/es\/wp-json\/wp\/v2\/media?parent=2565"}],"wp:term":[{"taxonomy":"product_brand","embeddable":true,"href":"https:\/\/kalinkamagazin.com\/es\/wp-json\/wp\/v2\/product_brand?post=2565"},{"taxonomy":"product_cat","embeddable":true,"href":"https:\/\/kalinkamagazin.com\/es\/wp-json\/wp\/v2\/product_cat?post=2565"},{"taxonomy":"product_tag","embeddable":true,"href":"https:\/\/kalinkamagazin.com\/es\/wp-json\/wp\/v2\/product_tag?post=2565"}],"curies":[{"name":"wp","href":"https:\/\/api.w.org\/{rel}","templated":true}]}}