{"id":2566,"date":"2026-01-29T16:34:06","date_gmt":"2026-01-29T13:34:06","guid":{"rendered":"https:\/\/kalinkamagazin.com\/product\/3334-alio-para-ensalada-de-patata-es\/"},"modified":"2026-01-29T16:59:49","modified_gmt":"2026-01-29T13:59:49","slug":"3334-alio-para-ensalada-de-patata-es","status":"publish","type":"product","link":"https:\/\/kalinkamagazin.com\/es\/product\/3334-alio-para-ensalada-de-patata-es\/","title":{"rendered":"Ali\u00f1o para ensalada de patata."},"content":{"rendered":"<p>Aderezo para ensalada de zanahoria. 64 ml. Ingredientes: az\u00facar, chile, sal, vinagre de arroz (agua, arroz), cilantro, ajo deshidratado, aceite de girasol, correctores de acidez (E260, E330), agua, prote\u00edna vegetal hidrolizada (soja), c\u00farcuma, pimienta negra, estabilizante (E415), antioxidantes (E307), colorante (E150d). Este producto puede contener trazas de: <b>trigo,<\/b><b>huevos,<\/b><b>pescado,<\/b><b>cacahuetes,<\/b><b>leche,<\/b><b>mostaza,<\/b><b>s\u00e9samo,<\/b><b>mariscos.<\/b> La presentaci\u00f3n se muestra en la imagen. Conservar en un lugar fresco y seco. Una vez abierto, conservar en el frigor\u00edfico y consumir lo antes posible. Ventas: Lackmann Fleisch- und Feinkostfabrik GmbH, Carl Benz Stra\u00dfe 10, 77731 Willst\u00e4tt, Alemania. La vida \u00fatil m\u00ednima sin abrir es de hasta: <!--NWT-Text-->Valor nutricional por 100 g: Valor energ\u00e9tico: 840 kJ \/ 200 kcal, Grasas: 6,0 g, - de las cuales \u00e1cidos grasos saturados: 0,8 g, Carbohidratos: 35 g, - de los cuales az\u00facares: 32 g, Prote\u00ednas: 1,4 g, Sal: 12,0 g, <!--NWT-Table--><\/p>\n<table>\n<tbody>\n<tr>\n<td colspan=\"2\">Valor nutricional por 100 g:<\/td>\n<\/tr>\n<tr>\n<td>Valor energ\u00e9tico:<\/td>\n<td align = \"right\">840 kJ \/ 200 kcal<\/td>\n<\/tr>\n<tr>\n<td>Grasas:<\/td>\n<td align = \"right\">6,0 g<\/td>\n<\/tr>\n<tr>\n<td>- de las cuales \u00e1cidos grasos saturados \u00e1cidos:<\/td>\n<td align = \"right\">0,8 g<\/td>\n<\/tr>\n<tr>\n<td>Hidratos de carbono:<\/td>\n<td align = \"right\">35 g<\/td>\n<\/tr>\n<tr>\n<td>- de los cuales az\u00facares:<\/td>\n<td align = \"right\">32 g<\/td>\n<\/tr>\n<tr>\n<td>Prote\u00ednas:<\/td>\n<td align = \"right\">1,4 g<\/td>\n<\/tr>\n<tr>\n<td>Sal:<\/td>\n<td align = \"right\">12,0 g<\/td>\n<\/tr>\n<\/tbody>\n<\/table>\n<p> <!--Bezeichnung-->Aderezo para ensalada de zanahoria. .<\/p>\n","protected":false},"excerpt":{"rendered":"<p>Aderezo para ensalada de zanahoria. 64 ml. Ingredientes: az\u00facar, chile, sal, vinagre de arroz (agua, arroz), cilantro, ajo deshidratado, aceite de girasol, correctores de acidez (E260, E330), agua, prote\u00edna vegetal hidrolizada (soja), c\u00farcuma, pimienta negra, estabilizante (E415), antioxidantes (E307), colorante (E150d). Este producto puede contener trazas de: trigo,huevos,pescado,cacahuetes,leche,mostaza,s\u00e9samo,mariscos. La presentaci\u00f3n se muestra en la imagen. [&hellip;]<\/p>\n","protected":false},"featured_media":1813,"template":"","meta":{"inline_featured_image":false},"product_brand":[],"product_cat":[195,198],"product_tag":[],"class_list":{"0":"post-2566","1":"product","2":"type-product","3":"status-publish","4":"has-post-thumbnail","6":"product_cat-conservas","7":"product_cat-conservas-otros","9":"first","10":"instock","11":"shipping-taxable","12":"purchasable","13":"product-type-simple"},"acf":[],"_links":{"self":[{"href":"https:\/\/kalinkamagazin.com\/es\/wp-json\/wp\/v2\/product\/2566","targetHints":{"allow":["GET"]}}],"collection":[{"href":"https:\/\/kalinkamagazin.com\/es\/wp-json\/wp\/v2\/product"}],"about":[{"href":"https:\/\/kalinkamagazin.com\/es\/wp-json\/wp\/v2\/types\/product"}],"wp:featuredmedia":[{"embeddable":true,"href":"https:\/\/kalinkamagazin.com\/es\/wp-json\/wp\/v2\/media\/1813"}],"wp:attachment":[{"href":"https:\/\/kalinkamagazin.com\/es\/wp-json\/wp\/v2\/media?parent=2566"}],"wp:term":[{"taxonomy":"product_brand","embeddable":true,"href":"https:\/\/kalinkamagazin.com\/es\/wp-json\/wp\/v2\/product_brand?post=2566"},{"taxonomy":"product_cat","embeddable":true,"href":"https:\/\/kalinkamagazin.com\/es\/wp-json\/wp\/v2\/product_cat?post=2566"},{"taxonomy":"product_tag","embeddable":true,"href":"https:\/\/kalinkamagazin.com\/es\/wp-json\/wp\/v2\/product_tag?post=2566"}],"curies":[{"name":"wp","href":"https:\/\/api.w.org\/{rel}","templated":true}]}}