{"id":2567,"date":"2026-01-29T16:33:48","date_gmt":"2026-01-29T13:33:48","guid":{"rendered":"https:\/\/kalinkamagazin.com\/product\/3389-ua-08-22-110-viii-bacalao-del-pacfico-gadus-macrocephalus-caviar-es\/"},"modified":"2026-01-29T16:59:31","modified_gmt":"2026-01-29T13:59:31","slug":"3389-ua-08-22-110-viii-bacalao-del-pacfico-gadus-macrocephalus-caviar-es","status":"publish","type":"product","link":"https:\/\/kalinkamagazin.com\/es\/product\/3389-ua-08-22-110-viii-bacalao-del-pacfico-gadus-macrocephalus-caviar-es\/","title":{"rendered":"UA-08-22-110-VIII. Bacalao del Pac\u00edfico (Gadus macrocephalus) - Caviar"},"content":{"rendered":"<p>S\u00e1ndwich de huevas de bacalao para untar. Las opciones de servicio se muestran en la imagen. Ingredientes: Huevas de bacalao 94,5% huevas de pescado crudo, sal de mesa, aceite de girasol, conservador (E202, E211). Pa\u00eds de origen: Ucrania. Distribuci\u00f3n: Lackmann Fleisch- und Feinkostfabrik GmbH, Carl Benz Stra\u00dfe 10, 77731 Willst\u00e4tt, Alemania. Conservar el producto sin abrir entre -6 \u00b0C y +6 \u00b0C y consumir antes de: <!--NWT-Text-->Valor nutricional por 100 g: Valor energ\u00e9tico: 451 kJ \/ 107 kcal, Grasas: 3,0 g, - de las cuales \u00e1cidos grasos saturados: 0,3 g, Carbohidratos: 0 g, - de los cuales az\u00facares: 0 g, Prote\u00ednas: 20 g, Sal: 5,0 g, <!--NWT-Table--><\/p>\n<table>\n<tbody>\n<tr>\n<td colspan=\"2\">Valor nutricional por 100 g:<\/td>\n<\/tr>\n<tr>\n<td>Valor energ\u00e9tico:<\/td>\n<td align = \"right\">451 kJ \/ 107 kcal<\/td>\n<\/tr>\n<tr>\n<td>Grasas:<\/td>\n<td align = \"right\">3,0 g<\/td>\n<\/tr>\n<tr>\n<td>- de las cuales \u00e1cidos grasos saturados \u00e1cidos:<\/td>\n<td align = \"right\">0,3 g<\/td>\n<\/tr>\n<tr>\n<td>Hidratos de carbono:<\/td>\n<td align = \"right\">0 g<\/td>\n<\/tr>\n<tr>\n<td>- de los cuales az\u00facares:<\/td>\n<td align = \"right\">0 g<\/td>\n<\/tr>\n<tr>\n<td>Prote\u00ednas:<\/td>\n<td align = \"right\">20 g<\/td>\n<\/tr>\n<tr>\n<td>Sal:<\/td>\n<td align = \"right\">5,0 g<\/td>\n<\/tr>\n<\/tbody>\n<\/table>\n<p> <!--Bezeichnung-->Crema para s\u00e1ndwich de huevas de bacalao..<\/p>\n","protected":false},"excerpt":{"rendered":"<p>S\u00e1ndwich de huevas de bacalao para untar. Las opciones de servicio se muestran en la imagen. Ingredientes: Huevas de bacalao 94,5% huevas de pescado crudo, sal de mesa, aceite de girasol, conservador (E202, E211). Pa\u00eds de origen: Ucrania. Distribuci\u00f3n: Lackmann Fleisch- und Feinkostfabrik GmbH, Carl Benz Stra\u00dfe 10, 77731 Willst\u00e4tt, Alemania. Conservar el producto sin [&hellip;]<\/p>\n","protected":false},"featured_media":1831,"template":"","meta":{"inline_featured_image":false},"product_brand":[],"product_cat":[194,187],"product_tag":[],"class_list":{"0":"post-2567","1":"product","2":"type-product","3":"status-publish","4":"has-post-thumbnail","6":"product_cat-caviar-huevas-fresco-y-congelado","7":"product_cat-productos-congelados-y-pan","9":"first","10":"instock","11":"shipping-taxable","12":"purchasable","13":"product-type-simple"},"acf":[],"_links":{"self":[{"href":"https:\/\/kalinkamagazin.com\/es\/wp-json\/wp\/v2\/product\/2567","targetHints":{"allow":["GET"]}}],"collection":[{"href":"https:\/\/kalinkamagazin.com\/es\/wp-json\/wp\/v2\/product"}],"about":[{"href":"https:\/\/kalinkamagazin.com\/es\/wp-json\/wp\/v2\/types\/product"}],"wp:featuredmedia":[{"embeddable":true,"href":"https:\/\/kalinkamagazin.com\/es\/wp-json\/wp\/v2\/media\/1831"}],"wp:attachment":[{"href":"https:\/\/kalinkamagazin.com\/es\/wp-json\/wp\/v2\/media?parent=2567"}],"wp:term":[{"taxonomy":"product_brand","embeddable":true,"href":"https:\/\/kalinkamagazin.com\/es\/wp-json\/wp\/v2\/product_brand?post=2567"},{"taxonomy":"product_cat","embeddable":true,"href":"https:\/\/kalinkamagazin.com\/es\/wp-json\/wp\/v2\/product_cat?post=2567"},{"taxonomy":"product_tag","embeddable":true,"href":"https:\/\/kalinkamagazin.com\/es\/wp-json\/wp\/v2\/product_tag?post=2567"}],"curies":[{"name":"wp","href":"https:\/\/api.w.org\/{rel}","templated":true}]}}