{"id":2569,"date":"2026-01-29T16:33:41","date_gmt":"2026-01-29T13:33:41","guid":{"rendered":"https:\/\/kalinkamagazin.com\/product\/3402-dorada-real-sparus-aurata-eviscerado-con-cabeza-salado-ahumado-en-fro-es\/"},"modified":"2026-01-29T16:59:22","modified_gmt":"2026-01-29T13:59:22","slug":"3402-dorada-real-sparus-aurata-eviscerado-con-cabeza-salado-ahumado-en-fro-es","status":"publish","type":"product","link":"https:\/\/kalinkamagazin.com\/es\/product\/3402-dorada-real-sparus-aurata-eviscerado-con-cabeza-salado-ahumado-en-fro-es\/","title":{"rendered":"Dorada real (Sparus aurata), eviscerado, con cabeza, salado, ahumado en fr\u00edo."},"content":{"rendered":"<p>Dorada (Sparus aurata), eviscerada, con cabeza, salada y ahumada en fr\u00edo. Ingredientes: Caballa, sal de mesa, az\u00facar, humo. Procedente de una piscifactor\u00eda en: Grecia. Distribuci\u00f3n: Lackmann Fleisch- und Feinkostfabrik GmbH, Carl Benz Stra\u00dfe 10, 77731 Willst\u00e4tt, Alemania. Vida \u00fatil a 0 \u00b0C - +4 \u00b0C hasta: <!--NWT-Text-->Valor nutricional por 100 g: Valor energ\u00e9tico: 657 kJ \/ 157 kcal, Grasas: 7,2 g, - de las cuales \u00e1cidos grasos saturados: 1,5 g, Carbohidratos: <0,5 g, - de los cuales az\u00facares: <0,5 g, Prote\u00ednas: 23 g, Sal: 5,5 g, <!--NWT-Table--><\/p>\n<table>\n<tbody>\n<tr>\n<td colspan=\"2\">Valor nutricional por 100 g:<\/td>\n<\/tr>\n<tr>\n<td>Valor energ\u00e9tico:<\/td>\n<td align = \"right\">657 kJ \/ 157 kcal<\/td>\n<\/tr>\n<tr>\n<td>Grasas:<\/td>\n<td align = \"right\">7,2 g<\/td>\n<\/tr>\n<tr>\n<td>- de las cuales grasas saturadas \u00e1cidos:<\/td>\n<td align = \"right\">1,5 g<\/td>\n<\/tr>\n<tr>\n<td>Hidratos de carbono:<\/td>\n<td align = \"right\"><0,5 g<\/td>\n<\/tr>\n<tr>\n<td>- de los cuales az\u00facares:<\/td>\n<td align = \"right\"><0,5 g<\/td>\n<\/tr>\n<tr>\n<td>Prote\u00ednas:<\/td>\n<td align = \"right\">23 g<\/td>\n<\/tr>\n<tr>\n<td>Sal:<\/td>\n<td align = \"right\">5,5 g<\/td>\n<\/tr>\n<\/tbody>\n<\/table>\n<p> <!--Bezeichnung-->Dorada (Sparus aurata), eviscerada, con cabeza, salada, ahumada en fr\u00edo.<\/p>\n","protected":false},"excerpt":{"rendered":"<p>Dorada (Sparus aurata), eviscerada, con cabeza, salada y ahumada en fr\u00edo. Ingredientes: Caballa, sal de mesa, az\u00facar, humo. Procedente de una piscifactor\u00eda en: Grecia. Distribuci\u00f3n: Lackmann Fleisch- und Feinkostfabrik GmbH, Carl Benz Stra\u00dfe 10, 77731 Willst\u00e4tt, Alemania. Vida \u00fatil a 0 \u00b0C - +4 \u00b0C hasta: Valor nutricional por 100 g: Valor energ\u00e9tico: 657 kJ [&hellip;]<\/p>\n","protected":false},"featured_media":1837,"template":"","meta":{"inline_featured_image":false},"product_brand":[],"product_cat":[232,237],"product_tag":[],"class_list":{"0":"post-2569","1":"product","2":"type-product","3":"status-publish","4":"has-post-thumbnail","6":"product_cat-pescado-y-productos-de-pescado","7":"product_cat-salado-ahumado-seco-curado","9":"first","10":"instock","11":"shipping-taxable","12":"purchasable","13":"product-type-simple"},"acf":[],"_links":{"self":[{"href":"https:\/\/kalinkamagazin.com\/es\/wp-json\/wp\/v2\/product\/2569","targetHints":{"allow":["GET"]}}],"collection":[{"href":"https:\/\/kalinkamagazin.com\/es\/wp-json\/wp\/v2\/product"}],"about":[{"href":"https:\/\/kalinkamagazin.com\/es\/wp-json\/wp\/v2\/types\/product"}],"wp:featuredmedia":[{"embeddable":true,"href":"https:\/\/kalinkamagazin.com\/es\/wp-json\/wp\/v2\/media\/1837"}],"wp:attachment":[{"href":"https:\/\/kalinkamagazin.com\/es\/wp-json\/wp\/v2\/media?parent=2569"}],"wp:term":[{"taxonomy":"product_brand","embeddable":true,"href":"https:\/\/kalinkamagazin.com\/es\/wp-json\/wp\/v2\/product_brand?post=2569"},{"taxonomy":"product_cat","embeddable":true,"href":"https:\/\/kalinkamagazin.com\/es\/wp-json\/wp\/v2\/product_cat?post=2569"},{"taxonomy":"product_tag","embeddable":true,"href":"https:\/\/kalinkamagazin.com\/es\/wp-json\/wp\/v2\/product_tag?post=2569"}],"curies":[{"name":"wp","href":"https:\/\/api.w.org\/{rel}","templated":true}]}}