{"id":2571,"date":"2026-01-29T16:33:34","date_gmt":"2026-01-29T13:33:34","guid":{"rendered":"https:\/\/kalinkamagazin.com\/product\/3404-tiras-de-ventresca-de-salmn-salmo-salar-salado-ahumado-en-fro-es\/"},"modified":"2026-05-02T20:04:06","modified_gmt":"2026-05-02T17:04:06","slug":"3404-tiras-de-ventresca-de-salmn-salmo-salar-salado-ahumado-en-fro-es","status":"publish","type":"product","link":"https:\/\/kalinkamagazin.com\/es\/product\/3404-tiras-de-ventresca-de-salmn-salmo-salar-salado-ahumado-en-fro-es\/","title":{"rendered":"Tiras de ventresca de salm\u00f3n (Salmo salar), salado, ahumado en fr\u00edo."},"content":{"rendered":"<p>Ventresca de salm\u00f3n (hojuelas) (Salmo salar), salado, ahumado en fr\u00edo. Ingredientes: Ventresca de salm\u00f3n (copos), sal de mesa, az\u00facar, humo. Procedente de una piscifactor\u00eda en: Noruega. Distribuci\u00f3n: Lackmann Fleisch- und Feinkostfabrik GmbH, Carl Benz Stra\u00dfe 10, 77731 Willst\u00e4tt, Alemania. Vida \u00fatil a 0 \u00b0C - +4 \u00b0C hasta: <!--NWT-Text-->Valor nutricional por 100 g: Valor energ\u00e9tico: 1436 kJ \/ 347 kcal, Grasas: 31 g, - de las cuales \u00e1cidos grasos saturados: 4,7 g, Carbohidratos: <0,5 g, - de los cuales az\u00facares: <0,5 g, Prote\u00ednas: 17 g, Sal: 3,9 g, <!--NWT-Table--><\/p>\n<table>\n<tbody>\n<tr>\n<td colspan=\"2\">Valor nutricional por 100 g:<\/td>\n<\/tr>\n<tr>\n<td>Valor energ\u00e9tico:<\/td>\n<td align = \"right\">1436 kJ \/ 347 kcal<\/td>\n<\/tr>\n<tr>\n<td>Grasas:<\/td>\n<td align = \"right\">31 g<\/td>\n<\/tr>\n<tr>\n<td>- de las cuales \u00e1cidos grasos saturados \u00e1cidos:<\/td>\n<td align = \"right\">4,7 g<\/td>\n<\/tr>\n<tr>\n<td>Hidratos de carbono:<\/td>\n<td align = \"right\"><0,5 g<\/td>\n<\/tr>\n<tr>\n<td>- de los cuales az\u00facares:<\/td>\n<td align = \"right\"><0,5 g<\/td>\n<\/tr>\n<tr>\n<td>Prote\u00ednas:<\/td>\n<td align = \"right\">17 g<\/td>\n<\/tr>\n<tr>\n<td>Sal:<\/td>\n<td align = \"right\">3,9 g<\/td>\n<\/tr>\n<\/tbody>\n<\/table>\n<p> <!--Bezeichnung-->Ventena de salm\u00f3n (escamas) (Salmo salar), salada, ahumada en fr\u00edo. .<\/p>\n","protected":false},"excerpt":{"rendered":"<p>Ventresca de salm\u00f3n (hojuelas) (Salmo salar), salado, ahumado en fr\u00edo. Ingredientes: Ventresca de salm\u00f3n (copos), sal de mesa, az\u00facar, humo. Procedente de una piscifactor\u00eda en: Noruega. Distribuci\u00f3n: Lackmann Fleisch- und Feinkostfabrik GmbH, Carl Benz Stra\u00dfe 10, 77731 Willst\u00e4tt, Alemania. Vida \u00fatil a 0 \u00b0C - +4 \u00b0C hasta: Valor nutricional por 100 g: Valor energ\u00e9tico: [&hellip;]<\/p>\n","protected":false},"featured_media":1843,"template":"","meta":{"inline_featured_image":false},"product_brand":[],"product_cat":[232,237],"product_tag":[],"class_list":{"0":"post-2571","1":"product","2":"type-product","3":"status-publish","4":"has-post-thumbnail","6":"product_cat-pescado-y-productos-de-pescado","7":"product_cat-salado-ahumado-seco-curado","9":"first","10":"instock","11":"shipping-taxable","12":"purchasable","13":"product-type-simple"},"acf":[],"_links":{"self":[{"href":"https:\/\/kalinkamagazin.com\/es\/wp-json\/wp\/v2\/product\/2571","targetHints":{"allow":["GET"]}}],"collection":[{"href":"https:\/\/kalinkamagazin.com\/es\/wp-json\/wp\/v2\/product"}],"about":[{"href":"https:\/\/kalinkamagazin.com\/es\/wp-json\/wp\/v2\/types\/product"}],"wp:featuredmedia":[{"embeddable":true,"href":"https:\/\/kalinkamagazin.com\/es\/wp-json\/wp\/v2\/media\/1843"}],"wp:attachment":[{"href":"https:\/\/kalinkamagazin.com\/es\/wp-json\/wp\/v2\/media?parent=2571"}],"wp:term":[{"taxonomy":"product_brand","embeddable":true,"href":"https:\/\/kalinkamagazin.com\/es\/wp-json\/wp\/v2\/product_brand?post=2571"},{"taxonomy":"product_cat","embeddable":true,"href":"https:\/\/kalinkamagazin.com\/es\/wp-json\/wp\/v2\/product_cat?post=2571"},{"taxonomy":"product_tag","embeddable":true,"href":"https:\/\/kalinkamagazin.com\/es\/wp-json\/wp\/v2\/product_tag?post=2571"}],"curies":[{"name":"wp","href":"https:\/\/api.w.org\/{rel}","templated":true}]}}