{"id":2572,"date":"2026-01-29T16:33:31","date_gmt":"2026-01-29T13:33:31","guid":{"rendered":"https:\/\/kalinkamagazin.com\/product\/3405-truchas-asalmonadas-oncorhynchus-mykiss-eviscerado-salado-ahumado-en-fro-con-cabeza-es\/"},"modified":"2026-01-29T16:59:12","modified_gmt":"2026-01-29T13:59:12","slug":"3405-truchas-asalmonadas-oncorhynchus-mykiss-eviscerado-salado-ahumado-en-fro-con-cabeza-es","status":"publish","type":"product","link":"https:\/\/kalinkamagazin.com\/es\/product\/3405-truchas-asalmonadas-oncorhynchus-mykiss-eviscerado-salado-ahumado-en-fro-con-cabeza-es\/","title":{"rendered":"Truchas asalmonadas (Oncorhynchus mykiss), eviscerado, salado, ahumado en fr\u00edo, con cabeza."},"content":{"rendered":"<p>Trucha de lago (Oncorhynchus mykiss), eviscerada, salada, ahumada en fr\u00edo, con cabeza. Ingredientes: Trucha de lago, sal comestible, az\u00facar, humo. Procedente de una piscifactor\u00eda en: Italia. Distribuci\u00f3n: Lackmann Fleisch- und Feinkostfabrik GmbH, Carl Benz Stra\u00dfe 10, 77731 Willst\u00e4tt, Alemania. Vida \u00fatil a 0 \u00b0C - +4 \u00b0C hasta: <!--NWT-Text-->Valor nutricional por 100 g: Valor energ\u00e9tico: 791 kJ \/ 190 kcal, Grasas: 12 g, - de las cuales \u00e1cidos grasos saturados: 2,9 g, Carbohidratos: <0,5 g, - de los cuales az\u00facares: <0,5 g, Prote\u00ednas: 21 g, Sal: 0 g, <!--NWT-Table--><\/p>\n<table>\n<tbody>\n<tr>\n<td colspan=\"2\">Valor nutricional por 100 g:<\/td>\n<\/tr>\n<tr>\n<td>Valor energ\u00e9tico:<\/td>\n<td align = \"right\">791 kJ \/ 190 kcal<\/td>\n<\/tr>\n<tr>\n<td>Grasas:<\/td>\n<td align = \"right\">12 g<\/td>\n<\/tr>\n<tr>\n<td>- de las cuales \u00e1cidos grasos saturados \u00e1cidos:<\/td>\n<td align = \"right\">2,9 g<\/td>\n<\/tr>\n<tr>\n<td>Hidratos de carbono:<\/td>\n<td align = \"right\"><0,5 g<\/td>\n<\/tr>\n<tr>\n<td>- de los cuales az\u00facares:<\/td>\n<td align = \"right\"><0,5 g<\/td>\n<\/tr>\n<tr>\n<td>Prote\u00ednas:<\/td>\n<td align = \"right\">21 g<\/td>\n<\/tr>\n<tr>\n<td>Sal:<\/td>\n<td align = \"right\">0 g<\/td>\n<\/tr>\n<\/tbody>\n<\/table>\n<p> <!--Bezeichnung-->Trucha de lago (Oncorhynchus mykiss), eviscerada, salada, ahumada en fr\u00edo, con cabeza. .<\/p>\n","protected":false},"excerpt":{"rendered":"<p>Trucha de lago (Oncorhynchus mykiss), eviscerada, salada, ahumada en fr\u00edo, con cabeza. Ingredientes: Trucha de lago, sal comestible, az\u00facar, humo. Procedente de una piscifactor\u00eda en: Italia. Distribuci\u00f3n: Lackmann Fleisch- und Feinkostfabrik GmbH, Carl Benz Stra\u00dfe 10, 77731 Willst\u00e4tt, Alemania. Vida \u00fatil a 0 \u00b0C - +4 \u00b0C hasta: Valor nutricional por 100 g: Valor energ\u00e9tico: [&hellip;]<\/p>\n","protected":false},"featured_media":1846,"template":"","meta":{"inline_featured_image":false},"product_brand":[],"product_cat":[232,237],"product_tag":[],"class_list":{"0":"post-2572","1":"product","2":"type-product","3":"status-publish","4":"has-post-thumbnail","6":"product_cat-pescado-y-productos-de-pescado","7":"product_cat-salado-ahumado-seco-curado","9":"first","10":"instock","11":"shipping-taxable","12":"purchasable","13":"product-type-simple"},"acf":[],"_links":{"self":[{"href":"https:\/\/kalinkamagazin.com\/es\/wp-json\/wp\/v2\/product\/2572","targetHints":{"allow":["GET"]}}],"collection":[{"href":"https:\/\/kalinkamagazin.com\/es\/wp-json\/wp\/v2\/product"}],"about":[{"href":"https:\/\/kalinkamagazin.com\/es\/wp-json\/wp\/v2\/types\/product"}],"wp:featuredmedia":[{"embeddable":true,"href":"https:\/\/kalinkamagazin.com\/es\/wp-json\/wp\/v2\/media\/1846"}],"wp:attachment":[{"href":"https:\/\/kalinkamagazin.com\/es\/wp-json\/wp\/v2\/media?parent=2572"}],"wp:term":[{"taxonomy":"product_brand","embeddable":true,"href":"https:\/\/kalinkamagazin.com\/es\/wp-json\/wp\/v2\/product_brand?post=2572"},{"taxonomy":"product_cat","embeddable":true,"href":"https:\/\/kalinkamagazin.com\/es\/wp-json\/wp\/v2\/product_cat?post=2572"},{"taxonomy":"product_tag","embeddable":true,"href":"https:\/\/kalinkamagazin.com\/es\/wp-json\/wp\/v2\/product_tag?post=2572"}],"curies":[{"name":"wp","href":"https:\/\/api.w.org\/{rel}","templated":true}]}}