{"id":2573,"date":"2026-01-29T16:33:27","date_gmt":"2026-01-29T13:33:27","guid":{"rendered":"https:\/\/kalinkamagazin.com\/product\/3406-arenque-clupea-harengus-sin-eviscerar-con-cabeza-en-salmuera-es\/"},"modified":"2026-01-29T16:52:04","modified_gmt":"2026-01-29T13:52:04","slug":"3406-arenque-clupea-harengus-sin-eviscerar-con-cabeza-en-salmuera-es","status":"publish","type":"product","link":"https:\/\/kalinkamagazin.com\/es\/product\/3406-arenque-clupea-harengus-sin-eviscerar-con-cabeza-en-salmuera-es\/","title":{"rendered":"Arenque (Clupea harengus), sin eviscerar, con cabeza, en salmuera."},"content":{"rendered":"<p>Arenque (Clupea harengus), sin eviscerar, con cabeza, en salmuera. Peso seco: 7 kg. Ingredientes: arenque, agua potable, sal, az\u00facar, conservante (E211). Zona de pesca: Atl\u00e1ntico Nororiental, Mar de Noruega. M\u00e9todo de captura: redes de arrastre. La cavidad puede contener larvas de nematodos muertas. Ventas: Lackmann Fleisch- und Feinkostfabrik GmbH, Carl Benz Stra\u00dfe 10, 77731 Willst\u00e4tt, Alemania. Vida \u00fatil a 0 \u00b0C - +4 \u00b0C hasta: <!--NWT-Text-->Valor nutricional por 100 g: Valor energ\u00e9tico: 708 kJ \/ 170 kcal, Grasas: 19 g, - de las cuales \u00e1cidos grasos saturados: 3,2 g, Carbohidratos: <0,5 g, - de los cuales az\u00facares: <0,5 g, Prote\u00ednas: 18 g, Sal: 4,7 g, <!--NWT-Table--><\/p>\n<table>\n<tbody>\n<tr>\n<td colspan=\"2\">Valor nutricional por 100 g:<\/td>\n<\/tr>\n<tr>\n<td>Valor energ\u00e9tico:<\/td>\n<td align = \"right\">708 kJ \/ 170 kcal<\/td>\n<\/tr>\n<tr>\n<td>Grasas:<\/td>\n<td align = \"right\">19 g<\/td>\n<\/tr>\n<tr>\n<td>- de las cuales \u00e1cidos grasos saturados \u00c1cidos:<\/td>\n<td align = \"right\">3,2 g<\/td>\n<\/tr>\n<tr>\n<td>Hidratos de carbono:<\/td>\n<td align = \"right\"><0,5 g<\/td>\n<\/tr>\n<tr>\n<td>- de los cuales az\u00facares:<\/td>\n<td align = \"right\"><0,5 g<\/td>\n<\/tr>\n<tr>\n<td>Prote\u00ednas:<\/td>\n<td align = \"right\">18 g<\/td>\n<\/tr>\n<tr>\n<td>Sal:<\/td>\n<td align = \"right\">4,7 g<\/td>\n<\/tr>\n<\/tbody>\n<\/table>\n<p> <!--Bezeichnung-->Arenque (Clupea harengus), sin eviscerar, con cabeza, en salmuera.<\/p>\n","protected":false},"excerpt":{"rendered":"<p>Arenque (Clupea harengus), sin eviscerar, con cabeza, en salmuera. Peso seco: 7 kg. Ingredientes: arenque, agua potable, sal, az\u00facar, conservante (E211). Zona de pesca: Atl\u00e1ntico Nororiental, Mar de Noruega. M\u00e9todo de captura: redes de arrastre. La cavidad puede contener larvas de nematodos muertas. Ventas: Lackmann Fleisch- und Feinkostfabrik GmbH, Carl Benz Stra\u00dfe 10, 77731 Willst\u00e4tt, [&hellip;]<\/p>\n","protected":false},"featured_media":1850,"template":"","meta":{"inline_featured_image":false},"product_brand":[],"product_cat":[232,237],"product_tag":[],"class_list":{"0":"post-2573","1":"product","2":"type-product","3":"status-publish","4":"has-post-thumbnail","6":"product_cat-pescado-y-productos-de-pescado","7":"product_cat-salado-ahumado-seco-curado","9":"first","10":"instock","11":"shipping-taxable","12":"purchasable","13":"product-type-simple"},"acf":[],"_links":{"self":[{"href":"https:\/\/kalinkamagazin.com\/es\/wp-json\/wp\/v2\/product\/2573","targetHints":{"allow":["GET"]}}],"collection":[{"href":"https:\/\/kalinkamagazin.com\/es\/wp-json\/wp\/v2\/product"}],"about":[{"href":"https:\/\/kalinkamagazin.com\/es\/wp-json\/wp\/v2\/types\/product"}],"wp:featuredmedia":[{"embeddable":true,"href":"https:\/\/kalinkamagazin.com\/es\/wp-json\/wp\/v2\/media\/1850"}],"wp:attachment":[{"href":"https:\/\/kalinkamagazin.com\/es\/wp-json\/wp\/v2\/media?parent=2573"}],"wp:term":[{"taxonomy":"product_brand","embeddable":true,"href":"https:\/\/kalinkamagazin.com\/es\/wp-json\/wp\/v2\/product_brand?post=2573"},{"taxonomy":"product_cat","embeddable":true,"href":"https:\/\/kalinkamagazin.com\/es\/wp-json\/wp\/v2\/product_cat?post=2573"},{"taxonomy":"product_tag","embeddable":true,"href":"https:\/\/kalinkamagazin.com\/es\/wp-json\/wp\/v2\/product_tag?post=2573"}],"curies":[{"name":"wp","href":"https:\/\/api.w.org\/{rel}","templated":true}]}}