{"id":2575,"date":"2026-01-29T16:33:19","date_gmt":"2026-01-29T13:33:19","guid":{"rendered":"https:\/\/kalinkamagazin.com\/product\/3408-caballa-troceada-scomber-scombrus-salado-en-aceite-es\/"},"modified":"2026-03-18T21:08:26","modified_gmt":"2026-03-18T18:08:26","slug":"3408-caballa-troceada-scomber-scombrus-salado-en-aceite-es","status":"publish","type":"product","link":"https:\/\/kalinkamagazin.com\/es\/product\/3408-caballa-troceada-scomber-scombrus-salado-en-aceite-es\/","title":{"rendered":"Caballa troceada (Scomber scombrus), salado, en aceite."},"content":{"rendered":"<p>Trozos de caballa (Scomber scombrus), salados y en aceite. Peso seco: 2 kg. Ingredientes: 70 % caballa, aceite de colza, sal de mesa, az\u00facar. Zona de pesca: Atl\u00e1ntico nororiental, oeste de Escocia. M\u00e9todo de pesca: arrastre. Ventas: Lackmann Fleisch- und Feinkostfabrik GmbH, Carl Benz Stra\u00dfe 10, 77731 Willst\u00e4tt, Alemania. Vida \u00fatil a 0 \u00b0C - +4 \u00b0C hasta: <!--NWT-Text-->Valor nutricional por 100 g: Valor energ\u00e9tico: 1020 kJ \/ 246 kcal, Grasas: 19 g, - de las cuales \u00e1cidos grasos saturados: 5,5 g, Carbohidratos: <0,5 g, - de los cuales az\u00facares: <0,5 g, Prote\u00ednas: 18 g, Sal: 3,8 g, <!--NWT-Table--><\/p>\n<table>\n<tbody>\n<tr>\n<td colspan=\"2\">Valor nutricional por 100 g:<\/td>\n<\/tr>\n<tr>\n<td>Valor energ\u00e9tico:<\/td>\n<td align = \"right\">1020 kJ \/ 246 kcal<\/td>\n<\/tr>\n<tr>\n<td>Grasas:<\/td>\n<td align = \"right\">19 g<\/td>\n<\/tr>\n<tr>\n<td>- de las cuales \u00e1cidos grasos saturados \u00e1cidos:<\/td>\n<td align = \"right\">5,5 g<\/td>\n<\/tr>\n<tr>\n<td>Hidratos de carbono:<\/td>\n<td align = \"right\"><0,5 g<\/td>\n<\/tr>\n<tr>\n<td>- de los cuales az\u00facares:<\/td>\n<td align = \"right\"><0,5 g<\/td>\n<\/tr>\n<tr>\n<td>Prote\u00ednas:<\/td>\n<td align = \"right\">18 g<\/td>\n<\/tr>\n<tr>\n<td>Sal:<\/td>\n<td align = \"right\">3,8 g<\/td>\n<\/tr>\n<\/tbody>\n<\/table>\n<p> <!--Bezeichnung-->Trozos de caballa (Scomber scombrus), salados, en aceite. .<\/p>\n","protected":false},"excerpt":{"rendered":"<p>Trozos de caballa (Scomber scombrus), salados y en aceite. Peso seco: 2 kg. Ingredientes: 70 % caballa, aceite de colza, sal de mesa, az\u00facar. Zona de pesca: Atl\u00e1ntico nororiental, oeste de Escocia. M\u00e9todo de pesca: arrastre. Ventas: Lackmann Fleisch- und Feinkostfabrik GmbH, Carl Benz Stra\u00dfe 10, 77731 Willst\u00e4tt, Alemania. Vida \u00fatil a 0 \u00b0C - [&hellip;]<\/p>\n","protected":false},"featured_media":1855,"template":"","meta":{"inline_featured_image":false},"product_brand":[],"product_cat":[232,237],"product_tag":[],"class_list":{"0":"post-2575","1":"product","2":"type-product","3":"status-publish","4":"has-post-thumbnail","6":"product_cat-pescado-y-productos-de-pescado","7":"product_cat-salado-ahumado-seco-curado","9":"first","10":"instock","11":"shipping-taxable","12":"purchasable","13":"product-type-simple"},"acf":[],"_links":{"self":[{"href":"https:\/\/kalinkamagazin.com\/es\/wp-json\/wp\/v2\/product\/2575","targetHints":{"allow":["GET"]}}],"collection":[{"href":"https:\/\/kalinkamagazin.com\/es\/wp-json\/wp\/v2\/product"}],"about":[{"href":"https:\/\/kalinkamagazin.com\/es\/wp-json\/wp\/v2\/types\/product"}],"wp:featuredmedia":[{"embeddable":true,"href":"https:\/\/kalinkamagazin.com\/es\/wp-json\/wp\/v2\/media\/1855"}],"wp:attachment":[{"href":"https:\/\/kalinkamagazin.com\/es\/wp-json\/wp\/v2\/media?parent=2575"}],"wp:term":[{"taxonomy":"product_brand","embeddable":true,"href":"https:\/\/kalinkamagazin.com\/es\/wp-json\/wp\/v2\/product_brand?post=2575"},{"taxonomy":"product_cat","embeddable":true,"href":"https:\/\/kalinkamagazin.com\/es\/wp-json\/wp\/v2\/product_cat?post=2575"},{"taxonomy":"product_tag","embeddable":true,"href":"https:\/\/kalinkamagazin.com\/es\/wp-json\/wp\/v2\/product_tag?post=2575"}],"curies":[{"name":"wp","href":"https:\/\/api.w.org\/{rel}","templated":true}]}}