{"id":2576,"date":"2026-01-29T16:33:12","date_gmt":"2026-01-29T13:33:12","guid":{"rendered":"https:\/\/kalinkamagazin.com\/product\/3549-alio-para-ensalada-de-fideos-chinos-a-la-manera-coreana-es\/"},"modified":"2026-01-29T16:58:56","modified_gmt":"2026-01-29T13:58:56","slug":"3549-alio-para-ensalada-de-fideos-chinos-a-la-manera-coreana-es","status":"publish","type":"product","link":"https:\/\/kalinkamagazin.com\/es\/product\/3549-alio-para-ensalada-de-fideos-chinos-a-la-manera-coreana-es\/","title":{"rendered":"Ali\u00f1o para ensalada de fideos chinos a la manera coreana."},"content":{"rendered":"<p>Aderezo para ensalada coreana de fideos de cristal. 70 ml. Ingredientes: agua, az\u00facar, vinagre de manzana, sal, cilantro, aceite de girasol, ajo deshidratado, chile, estabilizante (E415), antioxidantes (E307). Este producto puede contener trazas de: <b>trigo,<\/b><b>huevos,<\/b><b>pescado,<\/b><b>cacahuetes,<\/b><b>soja,<\/b><b>leche,<\/b><b>mostaza,<\/b><b>semillas de s\u00e9samo,<\/b><b>mariscos.<\/b>Conservar en un lugar fresco y seco. Una vez abierto, conservar en el frigor\u00edfico. Ventas: Lackmann Fleisch- und Feinkostfabrik GmbH, Carl Benz Stra\u00dfe 10, 77731 Willst\u00e4tt, Alemania. Consumir preferentemente antes del: <!--NWT-Text-->Valor nutricional por 100 g: Valor energ\u00e9tico: 665 kJ \/ 160 kcal, Grasas: 6,0 g, de las cuales saturadas: 0,7 g, Hidratos de carbono: 25 g, de los cuales az\u00facares: 23 g, Prote\u00ednas: 0,9 g, Sal: 9,5 g, <!--NWT-Table--><\/p>\n<table>\n<tbody>\n<tr>\n<td colspan=\"2\">Valor nutricional por 100 g:<\/td>\n<\/tr>\n<tr>\n<td>Valor energ\u00e9tico:<\/td>\n<td align = \"right\">665 kJ\/160 kcal<\/td>\n<\/tr>\n<tr>\n<td>Grasas:<\/td>\n<td align = \"right\">6,0 g<\/td>\n<\/tr>\n<tr>\n<td>de las cuales saturadas:<\/td>\n<td align = \"right\">0.7g<\/td>\n<\/tr>\n<tr>\n<td>Carbohidratos:<\/td>\n<td align = \"right\">25g<\/td>\n<\/tr>\n<tr>\n<td>- de los cuales az\u00facares:<\/td>\n<td align = \"right\">23g<\/td>\n<\/tr>\n<tr>\n<td>Prote\u00ednas:<\/td>\n<td align = \"right\">0.9g<\/td>\n<\/tr>\n<tr>\n<td>Sal:<\/td>\n<td align = \"right\">9.5g<\/td>\n<\/tr>\n<\/tbody>\n<\/table>\n<p> <!--Bezeichnung-->Aderezo para ensalada coreana de fideos de cristal. .<\/p>\n","protected":false},"excerpt":{"rendered":"<p>Aderezo para ensalada coreana de fideos de cristal. 70 ml. Ingredientes: agua, az\u00facar, vinagre de manzana, sal, cilantro, aceite de girasol, ajo deshidratado, chile, estabilizante (E415), antioxidantes (E307). Este producto puede contener trazas de: trigo,huevos,pescado,cacahuetes,soja,leche,mostaza,semillas de s\u00e9samo,mariscos.Conservar en un lugar fresco y seco. Una vez abierto, conservar en el frigor\u00edfico. Ventas: Lackmann Fleisch- und Feinkostfabrik [&hellip;]<\/p>\n","protected":false},"featured_media":1861,"template":"","meta":{"inline_featured_image":false},"product_brand":[],"product_cat":[214,215],"product_tag":[],"class_list":{"0":"post-2576","1":"product","2":"type-product","3":"status-publish","4":"has-post-thumbnail","6":"product_cat-aceites-salsas-y-condimentos","7":"product_cat-salsas-mayonesas-condimentos","9":"first","10":"instock","11":"shipping-taxable","12":"purchasable","13":"product-type-simple"},"acf":[],"_links":{"self":[{"href":"https:\/\/kalinkamagazin.com\/es\/wp-json\/wp\/v2\/product\/2576","targetHints":{"allow":["GET"]}}],"collection":[{"href":"https:\/\/kalinkamagazin.com\/es\/wp-json\/wp\/v2\/product"}],"about":[{"href":"https:\/\/kalinkamagazin.com\/es\/wp-json\/wp\/v2\/types\/product"}],"wp:featuredmedia":[{"embeddable":true,"href":"https:\/\/kalinkamagazin.com\/es\/wp-json\/wp\/v2\/media\/1861"}],"wp:attachment":[{"href":"https:\/\/kalinkamagazin.com\/es\/wp-json\/wp\/v2\/media?parent=2576"}],"wp:term":[{"taxonomy":"product_brand","embeddable":true,"href":"https:\/\/kalinkamagazin.com\/es\/wp-json\/wp\/v2\/product_brand?post=2576"},{"taxonomy":"product_cat","embeddable":true,"href":"https:\/\/kalinkamagazin.com\/es\/wp-json\/wp\/v2\/product_cat?post=2576"},{"taxonomy":"product_tag","embeddable":true,"href":"https:\/\/kalinkamagazin.com\/es\/wp-json\/wp\/v2\/product_tag?post=2576"}],"curies":[{"name":"wp","href":"https:\/\/api.w.org\/{rel}","templated":true}]}}