{"id":2578,"date":"2026-01-29T16:33:05","date_gmt":"2026-01-29T13:33:05","guid":{"rendered":"https:\/\/kalinkamagazin.com\/product\/3557-pasta-untable-con-carne-separada-mecnicamente-de-pollo-carne-separada-mecnicamente-de-patos-y-hgado-de-gallina-es\/"},"modified":"2026-01-29T16:58:48","modified_gmt":"2026-01-29T13:58:48","slug":"3557-pasta-untable-con-carne-separada-mecnicamente-de-pollo-carne-separada-mecnicamente-de-patos-y-hgado-de-gallina-es","status":"publish","type":"product","link":"https:\/\/kalinkamagazin.com\/es\/product\/3557-pasta-untable-con-carne-separada-mecnicamente-de-pollo-carne-separada-mecnicamente-de-patos-y-hgado-de-gallina-es\/","title":{"rendered":"Pasta untable con carne separada mec\u00e1nicamente de pollo, carne separada mec\u00e1nicamente de patos, y h\u00edgado de gallina."},"content":{"rendered":"<p>Crema para s\u00e1ndwich con pollo, pato e h\u00edgado de pollo separados mec\u00e1nicamente. Ingredientes: agua, piel de pollo, pollo separado mec\u00e1nicamente 14%, h\u00edgado de pollo 10%, pato separado mec\u00e1nicamente 6%, harina de trigo, aceite de colza, prote\u00edna de soja, emulgente (E472c), almid\u00f3n, sal, cebolla deshidratada, especias, extractos de especias, dextrosa, antioxidantes (E301), conservante (E250). Este producto puede contener trazas de leche, lactosa y huevos. Conservar en un lugar fresco y seco. Una vez abierto, refrigerar y consumir lo antes posible. Distribuci\u00f3n: Lackmann Fleisch- und Feinkostfabrik GmbH, Carl Benz Stra\u00dfe 10, 77731 Willst\u00e4tt, Alemania. Consumir preferentemente antes del fin de: ver la base. <!--NWT-Text-->Valor nutricional por 100 g: Valor energ\u00e9tico: 705 kJ \/ 170 kcal, Grasas: 14 g, de las cuales saturadas: 3,7 g, Hidratos de carbono: 3,0 g, de los cuales az\u00facares: <0,5 g, Prote\u00ednas: 8,0 g, Sal: 1,6 g, <!--NWT-Table--><\/p>\n<table>\n<tbody>\n<tr>\n<td colspan=\"2\">Valor nutricional por 100 g:<\/td>\n<\/tr>\n<tr>\n<td>Valor energ\u00e9tico:<\/td>\n<td align = \"right\">705 kJ\/170 kcal<\/td>\n<\/tr>\n<tr>\n<td>Grasas:<\/td>\n<td align = \"right\">14 g<\/td>\n<\/tr>\n<tr>\n<td>de las cuales saturadas:<\/td>\n<td align = \"right\">3,7 g<\/td>\n<\/tr>\n<tr>\n<td>Hidratos de carbono:<\/td>\n<td align = \"right\">3,0 g<\/td>\n<\/tr>\n<tr>\n<td>- de los cuales az\u00facares:<\/td>\n<td align = \"right\"><0,5 g<\/td>\n<\/tr>\n<tr>\n<td>Prote\u00ednas:<\/td>\n<td align = \"right\">8,0 g<\/td>\n<\/tr>\n<tr>\n<td>Sal:<\/td>\n<td align = \"right\">1,6 g<\/td>\n<\/tr>\n<\/tbody>\n<\/table>\n<p> <!--Bezeichnung-->Pasta para s\u00e1ndwich con pollo deshuesado mec\u00e1nicamente, pato deshuesado mec\u00e1nicamente e h\u00edgado de pollo. .<\/p>\n","protected":false},"excerpt":{"rendered":"<p>Crema para s\u00e1ndwich con pollo, pato e h\u00edgado de pollo separados mec\u00e1nicamente. Ingredientes: agua, piel de pollo, pollo separado mec\u00e1nicamente 14%, h\u00edgado de pollo 10%, pato separado mec\u00e1nicamente 6%, harina de trigo, aceite de colza, prote\u00edna de soja, emulgente (E472c), almid\u00f3n, sal, cebolla deshidratada, especias, extractos de especias, dextrosa, antioxidantes (E301), conservante (E250). Este producto [&hellip;]<\/p>\n","protected":false},"featured_media":1867,"template":"","meta":{"inline_featured_image":false},"product_brand":[],"product_cat":[222,226],"product_tag":[],"class_list":{"0":"post-2578","1":"product","2":"type-product","3":"status-publish","4":"has-post-thumbnail","6":"product_cat-carne-y-productos-carnicos","7":"product_cat-pates-de-carne","9":"first","10":"instock","11":"shipping-taxable","12":"purchasable","13":"product-type-simple"},"acf":[],"_links":{"self":[{"href":"https:\/\/kalinkamagazin.com\/es\/wp-json\/wp\/v2\/product\/2578","targetHints":{"allow":["GET"]}}],"collection":[{"href":"https:\/\/kalinkamagazin.com\/es\/wp-json\/wp\/v2\/product"}],"about":[{"href":"https:\/\/kalinkamagazin.com\/es\/wp-json\/wp\/v2\/types\/product"}],"wp:featuredmedia":[{"embeddable":true,"href":"https:\/\/kalinkamagazin.com\/es\/wp-json\/wp\/v2\/media\/1867"}],"wp:attachment":[{"href":"https:\/\/kalinkamagazin.com\/es\/wp-json\/wp\/v2\/media?parent=2578"}],"wp:term":[{"taxonomy":"product_brand","embeddable":true,"href":"https:\/\/kalinkamagazin.com\/es\/wp-json\/wp\/v2\/product_brand?post=2578"},{"taxonomy":"product_cat","embeddable":true,"href":"https:\/\/kalinkamagazin.com\/es\/wp-json\/wp\/v2\/product_cat?post=2578"},{"taxonomy":"product_tag","embeddable":true,"href":"https:\/\/kalinkamagazin.com\/es\/wp-json\/wp\/v2\/product_tag?post=2578"}],"curies":[{"name":"wp","href":"https:\/\/api.w.org\/{rel}","templated":true}]}}