{"id":2580,"date":"2026-01-29T16:32:57","date_gmt":"2026-01-29T13:32:57","guid":{"rendered":"https:\/\/kalinkamagazin.com\/product\/3773-peleco-sin-eviscerar-con-cabeza-y-con-cola-de-pez-deshidratado-ultracongelado-a-ua-08-22-110-viii-es\/"},"modified":"2026-01-29T16:58:41","modified_gmt":"2026-01-29T13:58:41","slug":"3773-peleco-sin-eviscerar-con-cabeza-y-con-cola-de-pez-deshidratado-ultracongelado-a-ua-08-22-110-viii-es","status":"publish","type":"product","link":"https:\/\/kalinkamagazin.com\/es\/product\/3773-peleco-sin-eviscerar-con-cabeza-y-con-cola-de-pez-deshidratado-ultracongelado-a-ua-08-22-110-viii-es\/","title":{"rendered":"Peleco, sin eviscerar, con cabeza y con cola de pez, deshidratado, ultracongelado a-UA-08-22-110- VIII"},"content":{"rendered":"<p>Chekhon, sin eviscerar, con cabeza y aleta caudal, seco, congelado a-UA-08-22-110-VIII. Ingredientes: Chekhon, sal de mesa. No vuelva a congelar el producto descongelado. Producto de la pesca continental: embalse de Kremenchuk, Ucrania. M\u00e9todo de captura: redes coladoras y elevadores de peces. Ventas: Lackmann Fleisch- und Feinkostfabrik GmbH, Carl Benz Stra\u00dfe 10, 77731 Willst\u00e4tt, Alemania. Vida \u00fatil a \u2264 -18 \u00b0C hasta: <!--NWT-Text-->Valor nutricional por 100 g: Valor energ\u00e9tico: 363 kJ \/ 86 kcal, Grasas: 2,0 g, - de las cuales \u00e1cidos grasos saturados: 1,1 g, Carbohidratos: 0 g, - de los cuales az\u00facares: 0 g, Prote\u00ednas: 17 g, Sal: 12,0 g, <!--NWT-Table--><\/p>\n<table>\n<tbody>\n<tr>\n<td colspan=\"2\">Valor nutricional por 100 g:<\/td>\n<\/tr>\n<tr>\n<td>Valor energ\u00e9tico:<\/td>\n<td align = \"right\">363 kJ \/ 86 kcal<\/td>\n<\/tr>\n<tr>\n<td>Grasas:<\/td>\n<td align = \"right\">2,0 g<\/td>\n<\/tr>\n<tr>\n<td>- de las cuales \u00e1cidos grasos saturados \u00e1cidos:<\/td>\n<td align = \"right\">1,1 g<\/td>\n<\/tr>\n<tr>\n<td>Hidratos de carbono:<\/td>\n<td align = \"right\">0 g<\/td>\n<\/tr>\n<tr>\n<td>- de los cuales az\u00facares:<\/td>\n<td align = \"right\">0 g<\/td>\n<\/tr>\n<tr>\n<td>Prote\u00ednas:<\/td>\n<td align = \"right\">17 g<\/td>\n<\/tr>\n<tr>\n<td>Sal:<\/td>\n<td align = \"right\">12,0 g<\/td>\n<\/tr>\n<\/tbody>\n<\/table>\n<p> <!--Bezeichnung-->Chekhon, sin eviscerar, con cabeza y aleta caudal, seco, congelado a-UA-08-22-110- VIII.<\/p>\n","protected":false},"excerpt":{"rendered":"<p>Chekhon, sin eviscerar, con cabeza y aleta caudal, seco, congelado a-UA-08-22-110-VIII. Ingredientes: Chekhon, sal de mesa. No vuelva a congelar el producto descongelado. Producto de la pesca continental: embalse de Kremenchuk, Ucrania. M\u00e9todo de captura: redes coladoras y elevadores de peces. Ventas: Lackmann Fleisch- und Feinkostfabrik GmbH, Carl Benz Stra\u00dfe 10, 77731 Willst\u00e4tt, Alemania. Vida [&hellip;]<\/p>\n","protected":false},"featured_media":1885,"template":"","meta":{"inline_featured_image":false},"product_brand":[],"product_cat":[233,232],"product_tag":[],"class_list":{"0":"post-2580","1":"product","2":"type-product","3":"status-publish","4":"has-post-thumbnail","6":"product_cat-pescado","7":"product_cat-pescado-y-productos-de-pescado","9":"first","10":"instock","11":"shipping-taxable","12":"purchasable","13":"product-type-simple"},"acf":[],"_links":{"self":[{"href":"https:\/\/kalinkamagazin.com\/es\/wp-json\/wp\/v2\/product\/2580","targetHints":{"allow":["GET"]}}],"collection":[{"href":"https:\/\/kalinkamagazin.com\/es\/wp-json\/wp\/v2\/product"}],"about":[{"href":"https:\/\/kalinkamagazin.com\/es\/wp-json\/wp\/v2\/types\/product"}],"wp:featuredmedia":[{"embeddable":true,"href":"https:\/\/kalinkamagazin.com\/es\/wp-json\/wp\/v2\/media\/1885"}],"wp:attachment":[{"href":"https:\/\/kalinkamagazin.com\/es\/wp-json\/wp\/v2\/media?parent=2580"}],"wp:term":[{"taxonomy":"product_brand","embeddable":true,"href":"https:\/\/kalinkamagazin.com\/es\/wp-json\/wp\/v2\/product_brand?post=2580"},{"taxonomy":"product_cat","embeddable":true,"href":"https:\/\/kalinkamagazin.com\/es\/wp-json\/wp\/v2\/product_cat?post=2580"},{"taxonomy":"product_tag","embeddable":true,"href":"https:\/\/kalinkamagazin.com\/es\/wp-json\/wp\/v2\/product_tag?post=2580"}],"curies":[{"name":"wp","href":"https:\/\/api.w.org\/{rel}","templated":true}]}}