{"id":2581,"date":"2026-01-29T16:32:22","date_gmt":"2026-01-29T13:32:22","guid":{"rendered":"https:\/\/kalinkamagazin.com\/product\/4784-bebida-con-savia-de-abedul-esterilizado-es\/"},"modified":"2026-01-29T16:58:02","modified_gmt":"2026-01-29T13:58:02","slug":"4784-bebida-con-savia-de-abedul-esterilizado-es","status":"publish","type":"product","link":"https:\/\/kalinkamagazin.com\/es\/product\/4784-bebida-con-savia-de-abedul-esterilizado-es\/","title":{"rendered":"Bebida con savia de abedul esterilizado."},"content":{"rendered":"<p>Bebida de savia de abedul esterilizada, extra\u00edda del tronco de un abedul. 0,73 l. Ingredientes: 94 % de savia de abedul, az\u00facar, corrector de acidez (\u00e1cido c\u00edtrico). Conservar en un lugar fresco y seco. Proteger de la luz solar directa. La fecha indicada en el envase es la fecha de producci\u00f3n\/envasado. La vida \u00fatil m\u00ednima en envases sin abrir es: Una vez abierto, conservar en el frigor\u00edfico y consumir lo antes posible. Distribuci\u00f3n: Lackmann Fleisch- und Feinkostfabrik GmbH, Carl Benz Stra\u00dfe 10, 77731 Willst\u00e4tt, Alemania. <!--NWT-Text-->Valor nutricional por 100 g: Valor energ\u00e9tico: 100 kJ \/ 25 kcal, Grasas: 0 g, de las cuales \u00e1cidos grasos saturados: 0 g, Hidratos de carbono: 6,0 g, de los cuales az\u00facares: 5,2 g, Prote\u00ednas: 0 g, Sal: 0 g, <!--NWT-Table--><\/p>\n<table>\n<tbody>\n<tr>\n<td colspan=\"2\">Valor nutricional por 100 g:<\/td>\n<\/tr>\n<tr>\n<td>Valor energ\u00e9tico:<\/td>\n<td align = \"right\">100 kJ\/25 kcal<\/td>\n<\/tr>\n<tr>\n<td>Grasas:<\/td>\n<td align = \"right\">0 g<\/td>\n<\/tr>\n<tr>\n<td>de los cuales \u00e1cidos grasos saturados:<\/td>\n<td align = \"right\">0g<\/td>\n<\/tr>\n<tr>\n<td>Hidratos de carbono:<\/td>\n<td align = \"right\">6,0g<\/td>\n<\/tr>\n<tr>\n<td>- de los cuales az\u00facares:<\/td>\n<td align = \"right\">5,2g<\/td>\n<\/tr>\n<tr>\n<td>Prote\u00ednas:<\/td>\n<td align = \"right\">0g<\/td>\n<\/tr>\n<tr>\n<td>Sal:<\/td>\n<td align = \"right\">0g<\/td>\n<\/tr>\n<\/tbody>\n<\/table>\n<p> <!--Bezeichnung-->Bebida con savia de abedul, esterilizada. .<\/p>\n","protected":false},"excerpt":{"rendered":"<p>Bebida de savia de abedul esterilizada, extra\u00edda del tronco de un abedul. 0,73 l. Ingredientes: 94 % de savia de abedul, az\u00facar, corrector de acidez (\u00e1cido c\u00edtrico). Conservar en un lugar fresco y seco. Proteger de la luz solar directa. La fecha indicada en el envase es la fecha de producci\u00f3n\/envasado. La vida \u00fatil m\u00ednima [&hellip;]<\/p>\n","protected":false},"featured_media":1924,"template":"","meta":{"inline_featured_image":false},"product_brand":[],"product_cat":[227,228],"product_tag":[],"class_list":{"0":"post-2581","1":"product","2":"type-product","3":"status-publish","4":"has-post-thumbnail","6":"product_cat-bebidas","7":"product_cat-compotas-zumos-jugos","9":"first","10":"instock","11":"shipping-taxable","12":"purchasable","13":"product-type-simple"},"acf":[],"_links":{"self":[{"href":"https:\/\/kalinkamagazin.com\/es\/wp-json\/wp\/v2\/product\/2581","targetHints":{"allow":["GET"]}}],"collection":[{"href":"https:\/\/kalinkamagazin.com\/es\/wp-json\/wp\/v2\/product"}],"about":[{"href":"https:\/\/kalinkamagazin.com\/es\/wp-json\/wp\/v2\/types\/product"}],"wp:featuredmedia":[{"embeddable":true,"href":"https:\/\/kalinkamagazin.com\/es\/wp-json\/wp\/v2\/media\/1924"}],"wp:attachment":[{"href":"https:\/\/kalinkamagazin.com\/es\/wp-json\/wp\/v2\/media?parent=2581"}],"wp:term":[{"taxonomy":"product_brand","embeddable":true,"href":"https:\/\/kalinkamagazin.com\/es\/wp-json\/wp\/v2\/product_brand?post=2581"},{"taxonomy":"product_cat","embeddable":true,"href":"https:\/\/kalinkamagazin.com\/es\/wp-json\/wp\/v2\/product_cat?post=2581"},{"taxonomy":"product_tag","embeddable":true,"href":"https:\/\/kalinkamagazin.com\/es\/wp-json\/wp\/v2\/product_tag?post=2581"}],"curies":[{"name":"wp","href":"https:\/\/api.w.org\/{rel}","templated":true}]}}