{"id":2586,"date":"2026-01-29T16:31:56","date_gmt":"2026-01-29T13:31:56","guid":{"rendered":"https:\/\/kalinkamagazin.com\/product\/4120-caramelo-blando-con-sabor-a-leche-es\/"},"modified":"2026-01-29T16:57:33","modified_gmt":"2026-01-29T13:57:33","slug":"4120-caramelo-blando-con-sabor-a-leche-es","status":"publish","type":"product","link":"https:\/\/kalinkamagazin.com\/es\/product\/4120-caramelo-blando-con-sabor-a-leche-es\/","title":{"rendered":"Caramelo blando con sabor a leche."},"content":{"rendered":"<p>Caramelo suave con sabor a leche. Ingredientes: az\u00facar, jarabe de glucosa, leche desnatada en polvo 8,6 %, leche entera en polvo 4,4 %, aceite de palma, aromas. Conservar en un lugar fresco y seco. Proteger de la luz solar directa. Distribuci\u00f3n: Lackmann Fleisch- und Feinkostfabrik GmbH, Carl Benz Stra\u00dfe 10, 77731 Willst\u00e4tt, Alemania. Consumir preferentemente antes del: <!--NWT-Text-->Valor nutricional por 100 g: Valor energ\u00e9tico: 1737 kJ \/ 411 kcal, Grasas: 6,5 g, de las cuales saturadas: 3,5 g, Hidratos de carbono: 84 g, de los cuales az\u00facares: 52 g, Prote\u00ednas: 3,2 g, Sal: 0,10 g, <!--NWT-Table--><\/p>\n<table>\n<tbody>\n<tr>\n<td colspan=\"2\">Valor nutricional por 100 g:<\/td>\n<\/tr>\n<tr>\n<td>Valor energ\u00e9tico:<\/td>\n<td align = \"right\">1737 kJ\/411 kcal<\/td>\n<\/tr>\n<tr>\n<td>Grasas:<\/td>\n<td align = \"right\">6,5 g<\/td>\n<\/tr>\n<tr>\n<td>de las cuales saturadas: \u00c1cidos grasos:<\/td>\n<td align = \"right\">3,5 g<\/td>\n<\/tr>\n<tr>\n<td>Hidratos de carbono:<\/td>\n<td align = \"right\">84 g<\/td>\n<\/tr>\n<tr>\n<td>- de los cuales az\u00facares:<\/td>\n<td align = \"right\">52 g<\/td>\n<\/tr>\n<tr>\n<td>Prote\u00ednas:<\/td>\n<td align = \"right\">3,2 g<\/td>\n<\/tr>\n<tr>\n<td>Sal:<\/td>\n<td align = \"right\">0,10 g<\/td>\n<\/tr>\n<\/tbody>\n<\/table>\n<p> <!--Bezeichnung-->Caramelo suave con sabor a leche. .<\/p>\n","protected":false},"excerpt":{"rendered":"<p>Caramelo suave con sabor a leche. Ingredientes: az\u00facar, jarabe de glucosa, leche desnatada en polvo 8,6 %, leche entera en polvo 4,4 %, aceite de palma, aromas. Conservar en un lugar fresco y seco. Proteger de la luz solar directa. Distribuci\u00f3n: Lackmann Fleisch- und Feinkostfabrik GmbH, Carl Benz Stra\u00dfe 10, 77731 Willst\u00e4tt, Alemania. Consumir preferentemente [&hellip;]<\/p>\n","protected":false},"featured_media":1951,"template":"","meta":{"inline_featured_image":false},"product_brand":[],"product_cat":[204,203],"product_tag":[],"class_list":{"0":"post-2586","1":"product","2":"type-product","3":"status-publish","4":"has-post-thumbnail","6":"product_cat-caramelo","7":"product_cat-caramelos-bombones","9":"first","10":"instock","11":"shipping-taxable","12":"purchasable","13":"product-type-simple"},"acf":[],"_links":{"self":[{"href":"https:\/\/kalinkamagazin.com\/es\/wp-json\/wp\/v2\/product\/2586","targetHints":{"allow":["GET"]}}],"collection":[{"href":"https:\/\/kalinkamagazin.com\/es\/wp-json\/wp\/v2\/product"}],"about":[{"href":"https:\/\/kalinkamagazin.com\/es\/wp-json\/wp\/v2\/types\/product"}],"wp:featuredmedia":[{"embeddable":true,"href":"https:\/\/kalinkamagazin.com\/es\/wp-json\/wp\/v2\/media\/1951"}],"wp:attachment":[{"href":"https:\/\/kalinkamagazin.com\/es\/wp-json\/wp\/v2\/media?parent=2586"}],"wp:term":[{"taxonomy":"product_brand","embeddable":true,"href":"https:\/\/kalinkamagazin.com\/es\/wp-json\/wp\/v2\/product_brand?post=2586"},{"taxonomy":"product_cat","embeddable":true,"href":"https:\/\/kalinkamagazin.com\/es\/wp-json\/wp\/v2\/product_cat?post=2586"},{"taxonomy":"product_tag","embeddable":true,"href":"https:\/\/kalinkamagazin.com\/es\/wp-json\/wp\/v2\/product_tag?post=2586"}],"curies":[{"name":"wp","href":"https:\/\/api.w.org\/{rel}","templated":true}]}}