{"id":2587,"date":"2026-01-29T16:31:53","date_gmt":"2026-01-29T13:31:53","guid":{"rendered":"https:\/\/kalinkamagazin.com\/product\/4145-empanadillas-con-relleno-de-queso-fresco-salado-55-crudo-congelado-para-cocer-es\/"},"modified":"2026-01-29T16:57:30","modified_gmt":"2026-01-29T13:57:30","slug":"4145-empanadillas-con-relleno-de-queso-fresco-salado-55-crudo-congelado-para-cocer-es","status":"publish","type":"product","link":"https:\/\/kalinkamagazin.com\/es\/product\/4145-empanadillas-con-relleno-de-queso-fresco-salado-55-crudo-congelado-para-cocer-es\/","title":{"rendered":"Empanadillas con relleno de queso fresco salado (55%), crudo, congelado, para cocer"},"content":{"rendered":"<p>Dumplings rellenos de queso crema salado (55%), crudos, congelados, listos para cocinar. Ingredientes: 54% de queso crema, harina de trigo, huevo entero de gallina, agua potable, sal de mesa, aceite de girasol. \u00a1No apto para consumo crudo! Recalentar bien antes de usar. Instrucciones de cocci\u00f3n: Colocar los dumplings o vareniki congelados del envase en una cacerola con 4-5 litros de agua hirviendo con sal. En cuanto los dumplings (vareniki) suban a la superficie, reducir el fuego y cocinar durante 10 minutos m\u00e1s. Conservar a \u2264 -18 \u00b0C hasta: No volver a congelar un producto descongelado. Fabricante: Lackmann Fleisch- und Feinkostfabrik GmbH, Carl-Benz Stra\u00dfe 10, 77731 Willst\u00e4tt. <!--NWT-Text-->Valor nutricional por 100 g: Valor energ\u00e9tico: 856 kJ \/ 203 kcal, Grasas: 3,5 g, de las cuales saturadas: 2,1 g, Hidratos de carbono: 28 g, de los cuales az\u00facares: 3,0 g, Prote\u00ednas: 15 g, Sal: 0,74 g, <!--NWT-Table--><\/p>\n<table>\n<tbody>\n<tr>\n<td colspan=\"2\">Valor nutricional por 100 g:<\/td>\n<\/tr>\n<tr>\n<td>Valor energ\u00e9tico:<\/td>\n<td align = \"right\">856 kJ\/203 kcal<\/td>\n<\/tr>\n<tr>\n<td>Grasas:<\/td>\n<td align = \"right\">3,5 g<\/td>\n<\/tr>\n<tr>\n<td>de las cuales saturadas:<\/td>\n<td align = \"right\">2,1 g<\/td>\n<\/tr>\n<tr>\n<td>Hidratos de carbono:<\/td>\n<td align = \"right\">28 g<\/td>\n<\/tr>\n<tr>\n<td>- de los cuales az\u00facares:<\/td>\n<td align = \"right\">3,0 g<\/td>\n<\/tr>\n<tr>\n<td>Prote\u00ednas:<\/td>\n<td align = \"right\">15 g<\/td>\n<\/tr>\n<tr>\n<td>Sal:<\/td>\n<td align = \"right\">0,74 g<\/td>\n<\/tr>\n<\/tbody>\n<\/table>\n<p> <!--Bezeichnung-->Empanadillas rellenas de reques\u00f3n salado (55 %), crudas, congeladas, para cocinar.<\/p>\n","protected":false},"excerpt":{"rendered":"<p>Dumplings rellenos de queso crema salado (55%), crudos, congelados, listos para cocinar. Ingredientes: 54% de queso crema, harina de trigo, huevo entero de gallina, agua potable, sal de mesa, aceite de girasol. \u00a1No apto para consumo crudo! Recalentar bien antes de usar. Instrucciones de cocci\u00f3n: Colocar los dumplings o vareniki congelados del envase en una [&hellip;]<\/p>\n","protected":false},"featured_media":1954,"template":"","meta":{"inline_featured_image":false},"product_brand":[],"product_cat":[187,189],"product_tag":[],"class_list":{"0":"post-2587","1":"product","2":"type-product","3":"status-publish","4":"has-post-thumbnail","6":"product_cat-productos-congelados-y-pan","7":"product_cat-productos-de-masa-congelados","9":"first","10":"instock","11":"shipping-taxable","12":"purchasable","13":"product-type-simple"},"acf":[],"_links":{"self":[{"href":"https:\/\/kalinkamagazin.com\/es\/wp-json\/wp\/v2\/product\/2587","targetHints":{"allow":["GET"]}}],"collection":[{"href":"https:\/\/kalinkamagazin.com\/es\/wp-json\/wp\/v2\/product"}],"about":[{"href":"https:\/\/kalinkamagazin.com\/es\/wp-json\/wp\/v2\/types\/product"}],"wp:featuredmedia":[{"embeddable":true,"href":"https:\/\/kalinkamagazin.com\/es\/wp-json\/wp\/v2\/media\/1954"}],"wp:attachment":[{"href":"https:\/\/kalinkamagazin.com\/es\/wp-json\/wp\/v2\/media?parent=2587"}],"wp:term":[{"taxonomy":"product_brand","embeddable":true,"href":"https:\/\/kalinkamagazin.com\/es\/wp-json\/wp\/v2\/product_brand?post=2587"},{"taxonomy":"product_cat","embeddable":true,"href":"https:\/\/kalinkamagazin.com\/es\/wp-json\/wp\/v2\/product_cat?post=2587"},{"taxonomy":"product_tag","embeddable":true,"href":"https:\/\/kalinkamagazin.com\/es\/wp-json\/wp\/v2\/product_tag?post=2587"}],"curies":[{"name":"wp","href":"https:\/\/api.w.org\/{rel}","templated":true}]}}