{"id":2588,"date":"2026-01-29T16:31:49","date_gmt":"2026-01-29T13:31:49","guid":{"rendered":"https:\/\/kalinkamagazin.com\/product\/4152-tortitas-frito-congelado-es\/"},"modified":"2026-01-29T16:57:25","modified_gmt":"2026-01-29T13:57:25","slug":"4152-tortitas-frito-congelado-es","status":"publish","type":"product","link":"https:\/\/kalinkamagazin.com\/es\/product\/4152-tortitas-frito-congelado-es\/","title":{"rendered":"Tortitas, frito, congelado"},"content":{"rendered":"<p>Tortitas horneadas, congeladas. Ingredientes: <b>leche,<\/b><b>harina de trigo,<\/b><b>huevo entero 8,5%,<\/b> aceite de girasol, az\u00facar, sal, levadura, polvo para hornear (E500). Instrucciones de cocci\u00f3n: Descongelar en el microondas durante aprox. 30 segundos. No volver a congelar el producto descongelado. Consumir inmediatamente despu\u00e9s de descongelarlo. Fabricante: Lackmann Fleisch- und Feinkostfabrik GmbH, Carl-Benz Stra\u00dfe 10, 77731 Willst\u00e4tt. Consumir preferentemente antes de \u2264 -18 \u00b0C: ver etiqueta. <!--NWT-Text-->Valor nutricional por 100 g: Valor energ\u00e9tico: 1265 kJ \/ 300 kcal, Grasas: 9,1 g, de las cuales saturadas: 1,7 g, Hidratos de carbono: 45 g, de los cuales az\u00facares: 9,0 g, Prote\u00ednas: 9,5 g, Sal: 1,5 g, <!--NWT-Table--><\/p>\n<table>\n<tbody>\n<tr>\n<td colspan=\"2\">Valor nutricional por 100 g:<\/td>\n<\/tr>\n<tr>\n<td>Valor energ\u00e9tico:<\/td>\n<td align = \"right\">1265 kJ\/300 kcal<\/td>\n<\/tr>\n<tr>\n<td>Grasas:<\/td>\n<td align = \"right\">9,1 g<\/td>\n<\/tr>\n<tr>\n<td>de las cuales saturadas:<\/td>\n<td align = \"right\">1,7 g<\/td>\n<\/tr>\n<tr>\n<td>Hidratos de carbono:<\/td>\n<td align = \"right\">45 g<\/td>\n<\/tr>\n<tr>\n<td>- de los cuales az\u00facares:<\/td>\n<td align = \"right\">9,0 g<\/td>\n<\/tr>\n<tr>\n<td>Prote\u00ednas:<\/td>\n<td align = \"right\">9,5 g<\/td>\n<\/tr>\n<tr>\n<td>Sal:<\/td>\n<td align = \"right\">1,5 g<\/td>\n<\/tr>\n<\/tbody>\n<\/table>\n<p> <!--Bezeichnung-->panqueques, horneados, congelados.<\/p>\n","protected":false},"excerpt":{"rendered":"<p>Tortitas horneadas, congeladas. Ingredientes: leche,harina de trigo,huevo entero 8,5%, aceite de girasol, az\u00facar, sal, levadura, polvo para hornear (E500). Instrucciones de cocci\u00f3n: Descongelar en el microondas durante aprox. 30 segundos. No volver a congelar el producto descongelado. Consumir inmediatamente despu\u00e9s de descongelarlo. Fabricante: Lackmann Fleisch- und Feinkostfabrik GmbH, Carl-Benz Stra\u00dfe 10, 77731 Willst\u00e4tt. Consumir preferentemente [&hellip;]<\/p>\n","protected":false},"featured_media":1957,"template":"","meta":{"inline_featured_image":false},"product_brand":[],"product_cat":[187,189],"product_tag":[],"class_list":{"0":"post-2588","1":"product","2":"type-product","3":"status-publish","4":"has-post-thumbnail","6":"product_cat-productos-congelados-y-pan","7":"product_cat-productos-de-masa-congelados","9":"first","10":"instock","11":"shipping-taxable","12":"purchasable","13":"product-type-simple"},"acf":[],"_links":{"self":[{"href":"https:\/\/kalinkamagazin.com\/es\/wp-json\/wp\/v2\/product\/2588","targetHints":{"allow":["GET"]}}],"collection":[{"href":"https:\/\/kalinkamagazin.com\/es\/wp-json\/wp\/v2\/product"}],"about":[{"href":"https:\/\/kalinkamagazin.com\/es\/wp-json\/wp\/v2\/types\/product"}],"wp:featuredmedia":[{"embeddable":true,"href":"https:\/\/kalinkamagazin.com\/es\/wp-json\/wp\/v2\/media\/1957"}],"wp:attachment":[{"href":"https:\/\/kalinkamagazin.com\/es\/wp-json\/wp\/v2\/media?parent=2588"}],"wp:term":[{"taxonomy":"product_brand","embeddable":true,"href":"https:\/\/kalinkamagazin.com\/es\/wp-json\/wp\/v2\/product_brand?post=2588"},{"taxonomy":"product_cat","embeddable":true,"href":"https:\/\/kalinkamagazin.com\/es\/wp-json\/wp\/v2\/product_cat?post=2588"},{"taxonomy":"product_tag","embeddable":true,"href":"https:\/\/kalinkamagazin.com\/es\/wp-json\/wp\/v2\/product_tag?post=2588"}],"curies":[{"name":"wp","href":"https:\/\/api.w.org\/{rel}","templated":true}]}}