{"id":2589,"date":"2026-01-29T16:31:44","date_gmt":"2026-01-29T13:31:44","guid":{"rendered":"https:\/\/kalinkamagazin.com\/product\/4153-tortitas-frito-con-relleno-de-carne-de-cerdo-y-de-ternera-30-cocido-congelado-es\/"},"modified":"2026-01-29T16:57:22","modified_gmt":"2026-01-29T13:57:22","slug":"4153-tortitas-frito-con-relleno-de-carne-de-cerdo-y-de-ternera-30-cocido-congelado-es","status":"publish","type":"product","link":"https:\/\/kalinkamagazin.com\/es\/product\/4153-tortitas-frito-con-relleno-de-carne-de-cerdo-y-de-ternera-30-cocido-congelado-es\/","title":{"rendered":"Tortitas, frito, con relleno de carne de cerdo y de ternera (30%), cocido, congelado."},"content":{"rendered":"<p>Tortitas horneadas, rellenas de cerdo y ternera (30%), listas para comer, congeladas. Ingredientes: Carne de cerdo y ternera preparada (23%), leche, harina de trigo, verduras fritas (cebolla, zanahoria, aceite de girasol), huevo entero de gallina (5%), aceite de girasol, az\u00facar, sal, levadura, bicarbonato de sodio, especias, extractos de especias. Instrucciones de cocci\u00f3n: Descongelar en el microondas durante unos 30 segundos. No volver a congelar el producto descongelado. Consumir inmediatamente despu\u00e9s de descongelarlo. Fabricante: Lackmann Fleisch- und Feinkostfabrik GmbH, Carl-Benz Stra\u00dfe 10, 77731 Willst\u00e4tt. Caducidad a \u2264 -18 \u00b0C hasta: ver la etiqueta. <!--NWT-Text-->Valor nutricional por 100 g: Valor energ\u00e9tico: 1098 kJ \/ 262 kcal, Grasas: 13 g, de las cuales \u00e1cidos grasos saturados: 4,1 g, Hidratos de carbono: 21 g, de los cuales az\u00facares: 6,5 g, Prote\u00ednas: 14 g, Sal: 1,3 g, <!--NWT-Table--><\/p>\n<table>\n<tbody>\n<tr>\n<td colspan=\"2\">Valor nutricional por 100 g:<\/td>\n<\/tr>\n<tr>\n<td>Valor energ\u00e9tico:<\/td>\n<td align = \"right\">1098 kJ\/262 kcal<\/td>\n<\/tr>\n<tr>\n<td>Grasas:<\/td>\n<td align = \"right\">13 g<\/td>\n<\/tr>\n<tr>\n<td>de las cuales \u00e1cidos grasos saturados:<\/td>\n<td align = \"right\">4,1 g<\/td>\n<\/tr>\n<tr>\n<td>Hidratos de carbono:<\/td>\n<td align = \"right\">21 g<\/td>\n<\/tr>\n<tr>\n<td>- de los cuales az\u00facares:<\/td>\n<td align = \"right\">6,5 g<\/td>\n<\/tr>\n<tr>\n<td>Prote\u00ednas:<\/td>\n<td align = \"right\">14 g<\/td>\n<\/tr>\n<tr>\n<td>Sal:<\/td>\n<td align = \"right\">1,3 g<\/td>\n<\/tr>\n<\/tbody>\n<\/table>\n<p> <!--Bezeichnung-->panqueques horneados, rellenos de cerdo y ternera (30 %), preparados, congelados.<\/p>\n","protected":false},"excerpt":{"rendered":"<p>Tortitas horneadas, rellenas de cerdo y ternera (30%), listas para comer, congeladas. Ingredientes: Carne de cerdo y ternera preparada (23%), leche, harina de trigo, verduras fritas (cebolla, zanahoria, aceite de girasol), huevo entero de gallina (5%), aceite de girasol, az\u00facar, sal, levadura, bicarbonato de sodio, especias, extractos de especias. Instrucciones de cocci\u00f3n: Descongelar en el [&hellip;]<\/p>\n","protected":false},"featured_media":1960,"template":"","meta":{"inline_featured_image":false},"product_brand":[],"product_cat":[187,189],"product_tag":[],"class_list":{"0":"post-2589","1":"product","2":"type-product","3":"status-publish","4":"has-post-thumbnail","6":"product_cat-productos-congelados-y-pan","7":"product_cat-productos-de-masa-congelados","9":"first","10":"instock","11":"shipping-taxable","12":"purchasable","13":"product-type-simple"},"acf":[],"_links":{"self":[{"href":"https:\/\/kalinkamagazin.com\/es\/wp-json\/wp\/v2\/product\/2589","targetHints":{"allow":["GET"]}}],"collection":[{"href":"https:\/\/kalinkamagazin.com\/es\/wp-json\/wp\/v2\/product"}],"about":[{"href":"https:\/\/kalinkamagazin.com\/es\/wp-json\/wp\/v2\/types\/product"}],"wp:featuredmedia":[{"embeddable":true,"href":"https:\/\/kalinkamagazin.com\/es\/wp-json\/wp\/v2\/media\/1960"}],"wp:attachment":[{"href":"https:\/\/kalinkamagazin.com\/es\/wp-json\/wp\/v2\/media?parent=2589"}],"wp:term":[{"taxonomy":"product_brand","embeddable":true,"href":"https:\/\/kalinkamagazin.com\/es\/wp-json\/wp\/v2\/product_brand?post=2589"},{"taxonomy":"product_cat","embeddable":true,"href":"https:\/\/kalinkamagazin.com\/es\/wp-json\/wp\/v2\/product_cat?post=2589"},{"taxonomy":"product_tag","embeddable":true,"href":"https:\/\/kalinkamagazin.com\/es\/wp-json\/wp\/v2\/product_tag?post=2589"}],"curies":[{"name":"wp","href":"https:\/\/api.w.org\/{rel}","templated":true}]}}