{"id":2591,"date":"2026-01-29T16:31:37","date_gmt":"2026-01-29T13:31:37","guid":{"rendered":"https:\/\/kalinkamagazin.com\/product\/4269-pasta-untable-con-carne-de-pollo-separada-mecnicamente-hgado-de-pollo-y-grasa-de-cerdo-es\/"},"modified":"2026-01-29T16:57:14","modified_gmt":"2026-01-29T13:57:14","slug":"4269-pasta-untable-con-carne-de-pollo-separada-mecnicamente-hgado-de-pollo-y-grasa-de-cerdo-es","status":"publish","type":"product","link":"https:\/\/kalinkamagazin.com\/es\/product\/4269-pasta-untable-con-carne-de-pollo-separada-mecnicamente-hgado-de-pollo-y-grasa-de-cerdo-es\/","title":{"rendered":"Pasta untable con carne de pollo separada mec\u00e1nicamente, h\u00edgado de pollo y Grasa de cerdo."},"content":{"rendered":"<p>Crema para s\u00e1ndwich con pollo, h\u00edgado de pollo y grasa de cerdo separada mec\u00e1nicamente. Ingredientes: agua, pollo separado mec\u00e1nicamente (19%), piel de pollo, h\u00edgado de pollo (9%), grasa de cerdo (6%), aceite de colza, harina de trigo, prote\u00edna de soja, emulgente (E472c), almid\u00f3n, sal, cebolla deshidratada, especias, extractos de especias, conservante (E250), antioxidantes (E301). Este producto puede contener trazas de leche, lactosa y huevos. Conservar en un lugar fresco y seco. Una vez abierto, refrigerar y consumir lo antes posible. Consumir antes del fin de la fecha indicada en la parte inferior. Ventas: Lackmann Fleisch- und Feinkostfabrik GmbH, Carl Benz Stra\u00dfe 10, 77731 Willst\u00e4tt, Alemania. <!--NWT-Text-->Valor nutricional por 100 g: Valor energ\u00e9tico: 799 kJ \/ 193 kcal, Grasas: 16 g, de las cuales saturadas: 4,8 g, Hidratos de carbono: 4,9 g, de los cuales az\u00facares: <0,5 g, Prote\u00ednas: 7,3 g, Sal: 1,5 g, <!--NWT-Table--><\/p>\n<table>\n<tbody>\n<tr>\n<td colspan=\"2\">Valor nutricional por 100 g:<\/td>\n<\/tr>\n<tr>\n<td>Valor energ\u00e9tico:<\/td>\n<td align = \"right\">799 kJ\/193 kcal<\/td>\n<\/tr>\n<tr>\n<td>Grasas:<\/td>\n<td align = \"right\">16 g<\/td>\n<\/tr>\n<tr>\n<td>de las cuales saturadas:<\/td>\n<td align = \"right\">4.8g<\/td>\n<\/tr>\n<tr>\n<td>Hidratos de carbono:<\/td>\n<td align = \"right\">4.9g<\/td>\n<\/tr>\n<tr>\n<td>- de los cuales az\u00facares:<\/td>\n<td align = \"right\"><0.5g<\/td>\n<\/tr>\n<tr>\n<td>Prote\u00ednas:<\/td>\n<td align = \"right\">7.3g<\/td>\n<\/tr>\n<tr>\n<td>Sal:<\/td>\n<td align = \"right\">1.5g<\/td>\n<\/tr>\n<\/tbody>\n<\/table>\n<p> <!--Bezeichnung-->Pasta para s\u00e1ndwich Con pollo deshuesado mec\u00e1nicamente, h\u00edgado de pollo y grasa de cerdo.<\/p>\n","protected":false},"excerpt":{"rendered":"<p>Crema para s\u00e1ndwich con pollo, h\u00edgado de pollo y grasa de cerdo separada mec\u00e1nicamente. Ingredientes: agua, pollo separado mec\u00e1nicamente (19%), piel de pollo, h\u00edgado de pollo (9%), grasa de cerdo (6%), aceite de colza, harina de trigo, prote\u00edna de soja, emulgente (E472c), almid\u00f3n, sal, cebolla deshidratada, especias, extractos de especias, conservante (E250), antioxidantes (E301). Este [&hellip;]<\/p>\n","protected":false},"featured_media":1967,"template":"","meta":{"inline_featured_image":false},"product_brand":[],"product_cat":[222,226],"product_tag":[],"class_list":{"0":"post-2591","1":"product","2":"type-product","3":"status-publish","4":"has-post-thumbnail","6":"product_cat-carne-y-productos-carnicos","7":"product_cat-pates-de-carne","9":"first","10":"outofstock","11":"shipping-taxable","12":"purchasable","13":"product-type-simple"},"acf":[],"_links":{"self":[{"href":"https:\/\/kalinkamagazin.com\/es\/wp-json\/wp\/v2\/product\/2591","targetHints":{"allow":["GET"]}}],"collection":[{"href":"https:\/\/kalinkamagazin.com\/es\/wp-json\/wp\/v2\/product"}],"about":[{"href":"https:\/\/kalinkamagazin.com\/es\/wp-json\/wp\/v2\/types\/product"}],"wp:featuredmedia":[{"embeddable":true,"href":"https:\/\/kalinkamagazin.com\/es\/wp-json\/wp\/v2\/media\/1967"}],"wp:attachment":[{"href":"https:\/\/kalinkamagazin.com\/es\/wp-json\/wp\/v2\/media?parent=2591"}],"wp:term":[{"taxonomy":"product_brand","embeddable":true,"href":"https:\/\/kalinkamagazin.com\/es\/wp-json\/wp\/v2\/product_brand?post=2591"},{"taxonomy":"product_cat","embeddable":true,"href":"https:\/\/kalinkamagazin.com\/es\/wp-json\/wp\/v2\/product_cat?post=2591"},{"taxonomy":"product_tag","embeddable":true,"href":"https:\/\/kalinkamagazin.com\/es\/wp-json\/wp\/v2\/product_tag?post=2591"}],"curies":[{"name":"wp","href":"https:\/\/api.w.org\/{rel}","templated":true}]}}