{"id":2593,"date":"2026-01-29T16:31:30","date_gmt":"2026-01-29T13:31:30","guid":{"rendered":"https:\/\/kalinkamagazin.com\/product\/4306-semillas-de-girasol-con-cscara-tostado-salado-es\/"},"modified":"2026-01-29T16:57:07","modified_gmt":"2026-01-29T13:57:07","slug":"4306-semillas-de-girasol-con-cscara-tostado-salado-es","status":"publish","type":"product","link":"https:\/\/kalinkamagazin.com\/es\/product\/4306-semillas-de-girasol-con-cscara-tostado-salado-es\/","title":{"rendered":"Semillas de girasol con c\u00e1scara, tostado, salado."},"content":{"rendered":"<p>Pipas de girasol con c\u00e1scara, tostadas y saladas. Ingredientes: pipas de girasol, sal de mesa. Conservar en un lugar fresco y seco. Proteger de la luz solar directa. Consumir preferentemente antes de: ver en el reverso, segunda l\u00ednea. Distribuci\u00f3n: Lackmann Fleisch- und Feinkostfabrik GmbH, Carl Benz Stra\u00dfe 10, 77731 Willst\u00e4tt, Alemania. <!--NWT-Text-->Valor nutricional por 100 g: Valor energ\u00e9tico: 2537 kJ \/ 607 kcal, Grasas: 48 g, de las cuales saturadas: 11 g, Hidratos de carbono: 23 g, de los cuales az\u00facares: 1,9 g, Prote\u00ednas: 20 g, Sal: 5,4 g, <!--NWT-Table--><\/p>\n<table>\n<tbody>\n<tr>\n<td colspan=\"2\">Valor nutricional por 100 g:<\/td>\n<\/tr>\n<tr>\n<td>Valor energ\u00e9tico:<\/td>\n<td align = \"right\">2537 kJ\/607 kcal<\/td>\n<\/tr>\n<tr>\n<td>Grasas:<\/td>\n<td align = \"right\">48 g<\/td>\n<\/tr>\n<tr>\n<td>de las cuales saturadas:<\/td>\n<td align = \"right\">11g<\/td>\n<\/tr>\n<tr>\n<td>Hidratos de carbono:<\/td>\n<td align = \"right\">23g<\/td>\n<\/tr>\n<tr>\n<td>- de los cuales az\u00facares:<\/td>\n<td align = \"right\">1,9g<\/td>\n<\/tr>\n<tr>\n<td>Prote\u00ednas:<\/td>\n<td align = \"right\">20g<\/td>\n<\/tr>\n<tr>\n<td>Sal:<\/td>\n<td align = \"right\">5,4g<\/td>\n<\/tr>\n<\/tbody>\n<\/table>\n<p> <!--Bezeichnung-->Semillas de girasol con piel, tostadas, saladas. .<\/p>\n","protected":false},"excerpt":{"rendered":"<p>Pipas de girasol con c\u00e1scara, tostadas y saladas. Ingredientes: pipas de girasol, sal de mesa. Conservar en un lugar fresco y seco. Proteger de la luz solar directa. Consumir preferentemente antes de: ver en el reverso, segunda l\u00ednea. Distribuci\u00f3n: Lackmann Fleisch- und Feinkostfabrik GmbH, Carl Benz Stra\u00dfe 10, 77731 Willst\u00e4tt, Alemania. Valor nutricional por 100 [&hellip;]<\/p>\n","protected":false},"featured_media":1972,"template":"","meta":{"inline_featured_image":false},"product_brand":[],"product_cat":[207],"product_tag":[],"class_list":{"0":"post-2593","1":"product","2":"type-product","3":"status-publish","4":"has-post-thumbnail","6":"product_cat-granos-cereales-y-snacks","8":"first","9":"instock","10":"shipping-taxable","11":"purchasable","12":"product-type-simple"},"acf":[],"_links":{"self":[{"href":"https:\/\/kalinkamagazin.com\/es\/wp-json\/wp\/v2\/product\/2593","targetHints":{"allow":["GET"]}}],"collection":[{"href":"https:\/\/kalinkamagazin.com\/es\/wp-json\/wp\/v2\/product"}],"about":[{"href":"https:\/\/kalinkamagazin.com\/es\/wp-json\/wp\/v2\/types\/product"}],"wp:featuredmedia":[{"embeddable":true,"href":"https:\/\/kalinkamagazin.com\/es\/wp-json\/wp\/v2\/media\/1972"}],"wp:attachment":[{"href":"https:\/\/kalinkamagazin.com\/es\/wp-json\/wp\/v2\/media?parent=2593"}],"wp:term":[{"taxonomy":"product_brand","embeddable":true,"href":"https:\/\/kalinkamagazin.com\/es\/wp-json\/wp\/v2\/product_brand?post=2593"},{"taxonomy":"product_cat","embeddable":true,"href":"https:\/\/kalinkamagazin.com\/es\/wp-json\/wp\/v2\/product_cat?post=2593"},{"taxonomy":"product_tag","embeddable":true,"href":"https:\/\/kalinkamagazin.com\/es\/wp-json\/wp\/v2\/product_tag?post=2593"}],"curies":[{"name":"wp","href":"https:\/\/api.w.org\/{rel}","templated":true}]}}