{"id":2594,"date":"2026-01-29T16:31:26","date_gmt":"2026-01-29T13:31:26","guid":{"rendered":"https:\/\/kalinkamagazin.com\/product\/4307-helado-con-sabor-a-vainilla-ua-06-24-07-mp-es\/"},"modified":"2026-01-29T16:57:03","modified_gmt":"2026-01-29T13:57:03","slug":"4307-helado-con-sabor-a-vainilla-ua-06-24-07-mp-es","status":"publish","type":"product","link":"https:\/\/kalinkamagazin.com\/es\/product\/4307-helado-con-sabor-a-vainilla-ua-06-24-07-mp-es\/","title":{"rendered":"Helado con sabor a vainilla. UA 06-24-07 MP"},"content":{"rendered":"<p>Helado sabor vainilla. UA 06-24-07 MP. 150 ml. Ingredientes: <b>Leche desnatada,<\/b>az\u00facar,<\/b>aceite de coco,<\/b>agua potable,<\/b>cono de barquillo 8,5 % (agua potable, <b>harina de trigo,<\/b>aceite de girasol,<\/b>levadura en polvo: (E500),<\/b>sal,<\/b>emulgente: (lecitina de soja)),<\/b>leche desnatada en polvo,<\/b>emulgente: (E471),<\/b>estabilizante: (E410, E412), aroma de vainilla. Este producto puede contener trazas de: <b>huevos,<\/b><b>cacahuetes,<\/b><b>almendras,<\/b><b>avellanas,<\/b><b>s\u00e9samo.<\/b>No volver a congelar el producto descongelado. Caducidad a \u2264 -18 \u00b0C hasta: ver el pie de imprenta, segunda l\u00ednea. Ventas: Lackmann Fleisch- und Feinkostfabrik GmbH, Carl Benz Stra\u00dfe 10, 77731 Willst\u00e4tt, Alemania. <!--NWT-Text-->Informaci\u00f3n nutricional por 100 g: Valor energ\u00e9tico: 937 kJ \/ 224 kcal, Grasas: 12 g, de las cuales saturadas: 11 g, Hidratos de carbono: 26 g, de los cuales az\u00facares: 16 g, Prote\u00ednas: 4,3 g, Sal: 0,11 g, <!--NWT-Table--><\/p>\n<table>\n<tbody>\n<tr>\n<td colspan=\"2\">Informaci\u00f3n nutricional por 100 g:<\/td>\n<\/tr>\n<tr>\n<td>Valor energ\u00e9tico:<\/td>\n<td align = \"right\">937 kJ \/ 224 kcal<\/td>\n<\/tr>\n<tr>\n<td>Grasas:<\/td>\n<td align = \"right\">12 g<\/td>\n<\/tr>\n<tr>\n<td>- de los cuales \u00e1cidos grasos saturados:<\/td>\n<td align = \"right\">11 g<\/td>\n<\/tr>\n<tr>\n<td>Hidratos de carbono:<\/td>\n<td align = \"right\">26 g<\/td>\n<\/tr>\n<tr>\n<td>- de los cuales az\u00facares:<\/td>\n<td align = \"right\">16 g<\/td>\n<\/tr>\n<tr>\n<td>Prote\u00ednas:<\/td>\n<td align = \"right\">4,3 g<\/td>\n<\/tr>\n<tr>\n<td>Sal:<\/td>\n<td align = \"right\">0,11 g<\/td>\n<\/tr>\n<\/tbody>\n<\/table>\n<p> <!--Bezeichnung-->Helado con sabor a vainilla. UA 06-24-07 MP.<\/p>\n","protected":false},"excerpt":{"rendered":"<p>Helado sabor vainilla. UA 06-24-07 MP. 150 ml. Ingredientes: Leche desnatada,az\u00facar,aceite de coco,agua potable,cono de barquillo 8,5 % (agua potable, harina de trigo,aceite de girasol,levadura en polvo: (E500),sal,emulgente: (lecitina de soja)),leche desnatada en polvo,emulgente: (E471),estabilizante: (E410, E412), aroma de vainilla. Este producto puede contener trazas de: huevos,cacahuetes,almendras,avellanas,s\u00e9samo.No volver a congelar el producto descongelado. Caducidad a [&hellip;]<\/p>\n","protected":false},"featured_media":1975,"template":"","meta":{"inline_featured_image":false},"product_brand":[],"product_cat":[191,187],"product_tag":[],"class_list":{"0":"post-2594","1":"product","2":"type-product","3":"status-publish","4":"has-post-thumbnail","6":"product_cat-helado","7":"product_cat-productos-congelados-y-pan","9":"first","10":"instock","11":"shipping-taxable","12":"purchasable","13":"product-type-simple"},"acf":[],"_links":{"self":[{"href":"https:\/\/kalinkamagazin.com\/es\/wp-json\/wp\/v2\/product\/2594","targetHints":{"allow":["GET"]}}],"collection":[{"href":"https:\/\/kalinkamagazin.com\/es\/wp-json\/wp\/v2\/product"}],"about":[{"href":"https:\/\/kalinkamagazin.com\/es\/wp-json\/wp\/v2\/types\/product"}],"wp:featuredmedia":[{"embeddable":true,"href":"https:\/\/kalinkamagazin.com\/es\/wp-json\/wp\/v2\/media\/1975"}],"wp:attachment":[{"href":"https:\/\/kalinkamagazin.com\/es\/wp-json\/wp\/v2\/media?parent=2594"}],"wp:term":[{"taxonomy":"product_brand","embeddable":true,"href":"https:\/\/kalinkamagazin.com\/es\/wp-json\/wp\/v2\/product_brand?post=2594"},{"taxonomy":"product_cat","embeddable":true,"href":"https:\/\/kalinkamagazin.com\/es\/wp-json\/wp\/v2\/product_cat?post=2594"},{"taxonomy":"product_tag","embeddable":true,"href":"https:\/\/kalinkamagazin.com\/es\/wp-json\/wp\/v2\/product_tag?post=2594"}],"curies":[{"name":"wp","href":"https:\/\/api.w.org\/{rel}","templated":true}]}}