{"id":2595,"date":"2026-01-29T16:31:22","date_gmt":"2026-01-29T13:31:22","guid":{"rendered":"https:\/\/kalinkamagazin.com\/product\/4308-helado-con-sabor-a-vainilla-en-vaso-de-barquillo-ua-06-24-07-mp-es\/"},"modified":"2026-01-29T16:57:00","modified_gmt":"2026-01-29T13:57:00","slug":"4308-helado-con-sabor-a-vainilla-en-vaso-de-barquillo-ua-06-24-07-mp-es","status":"publish","type":"product","link":"https:\/\/kalinkamagazin.com\/es\/product\/4308-helado-con-sabor-a-vainilla-en-vaso-de-barquillo-ua-06-24-07-mp-es\/","title":{"rendered":"Helado con sabor a vainilla en vaso de barquillo. UA 06-24-07 MP"},"content":{"rendered":"<p>Helado con sabor a vainilla en barquillo. UA 06-24-07 MP. 150 ml. Ingredientes: leche desnatada, nata, az\u00facar, agua, barquillo 8,5 % (agua, harina de trigo, aceite de girasol, levadura qu\u00edmica: E500, sal, emulgente: lecitina de soja), agua, leche desnatada en polvo, emulgente: E471, estabilizantes: E410, E412, E407, aroma de vainilla. Este producto puede contener trazas de: huevos, cacahuetes, avellanas, almendras y s\u00e9samo. No volver a congelar el producto descongelado. Consumir preferentemente antes de \u2264 -18 \u00b0C: ver la segunda l\u00ednea del pie de imprenta. Distribuci\u00f3n: Lackmann Fleisch- und Feinkostfabrik GmbH, Carl Benz Stra\u00dfe 10, 77731 Willst\u00e4tt, Alemania. <!--NWT-Text-->Valor nutricional por 100 g: Valor energ\u00e9tico: 753 kJ \/ 180 kcal, Grasas: 9,8 g, de las cuales saturadas: 7,8 g, Hidratos de carbono: 19 g, de los cuales az\u00facares: 15 g, Prote\u00ednas: 4,3 g, Sal: 0,10 g, <!--NWT-Table--><\/p>\n<table>\n<tbody>\n<tr>\n<td colspan=\"2\">Valor nutricional por 100 g:<\/td>\n<\/tr>\n<tr>\n<td>Valor energ\u00e9tico:<\/td>\n<td align = \"right\">753 kJ\/180 kcal<\/td>\n<\/tr>\n<tr>\n<td>Grasas:<\/td>\n<td align = \"right\">9,8 g<\/td>\n<\/tr>\n<tr>\n<td>de las cuales saturadas:<\/td>\n<td align = \"right\">7.8 g<\/td>\n<\/tr>\n<tr>\n<td>Hidratos de carbono:<\/td>\n<td align = \"right\">19 g<\/td>\n<\/tr>\n<tr>\n<td>- de los cuales az\u00facares:<\/td>\n<td align = \"right\">15 g<\/td>\n<\/tr>\n<tr>\n<td>Prote\u00ednas:<\/td>\n<td align = \"right\">4.3 g<\/td>\n<\/tr>\n<tr>\n<td>Sal:<\/td>\n<td align = \"right\">0.10 g<\/td>\n<\/tr>\n<\/tbody>\n<\/table>\n<p> <!--Bezeichnung-->Helado de vainilla en cono de barquillo. UA 06-24-07 MP.<\/p>\n","protected":false},"excerpt":{"rendered":"<p>Helado con sabor a vainilla en barquillo. UA 06-24-07 MP. 150 ml. Ingredientes: leche desnatada, nata, az\u00facar, agua, barquillo 8,5 % (agua, harina de trigo, aceite de girasol, levadura qu\u00edmica: E500, sal, emulgente: lecitina de soja), agua, leche desnatada en polvo, emulgente: E471, estabilizantes: E410, E412, E407, aroma de vainilla. Este producto puede contener trazas [&hellip;]<\/p>\n","protected":false},"featured_media":1978,"template":"","meta":{"inline_featured_image":false},"product_brand":[],"product_cat":[191,187],"product_tag":[],"class_list":{"0":"post-2595","1":"product","2":"type-product","3":"status-publish","4":"has-post-thumbnail","6":"product_cat-helado","7":"product_cat-productos-congelados-y-pan","9":"first","10":"instock","11":"shipping-taxable","12":"purchasable","13":"product-type-simple"},"acf":[],"_links":{"self":[{"href":"https:\/\/kalinkamagazin.com\/es\/wp-json\/wp\/v2\/product\/2595","targetHints":{"allow":["GET"]}}],"collection":[{"href":"https:\/\/kalinkamagazin.com\/es\/wp-json\/wp\/v2\/product"}],"about":[{"href":"https:\/\/kalinkamagazin.com\/es\/wp-json\/wp\/v2\/types\/product"}],"wp:featuredmedia":[{"embeddable":true,"href":"https:\/\/kalinkamagazin.com\/es\/wp-json\/wp\/v2\/media\/1978"}],"wp:attachment":[{"href":"https:\/\/kalinkamagazin.com\/es\/wp-json\/wp\/v2\/media?parent=2595"}],"wp:term":[{"taxonomy":"product_brand","embeddable":true,"href":"https:\/\/kalinkamagazin.com\/es\/wp-json\/wp\/v2\/product_brand?post=2595"},{"taxonomy":"product_cat","embeddable":true,"href":"https:\/\/kalinkamagazin.com\/es\/wp-json\/wp\/v2\/product_cat?post=2595"},{"taxonomy":"product_tag","embeddable":true,"href":"https:\/\/kalinkamagazin.com\/es\/wp-json\/wp\/v2\/product_tag?post=2595"}],"curies":[{"name":"wp","href":"https:\/\/api.w.org\/{rel}","templated":true}]}}