{"id":2596,"date":"2026-01-29T16:31:11","date_gmt":"2026-01-29T13:31:11","guid":{"rendered":"https:\/\/kalinkamagazin.com\/product\/4608-carne-de-pollo-cocido-marinado-con-protena-de-pollo-aadida-esterilizado-lv-a-00213-ek-es\/"},"modified":"2026-01-29T16:56:46","modified_gmt":"2026-01-29T13:56:46","slug":"4608-carne-de-pollo-cocido-marinado-con-protena-de-pollo-aadida-esterilizado-lv-a-00213-ek-es","status":"publish","type":"product","link":"https:\/\/kalinkamagazin.com\/es\/product\/4608-carne-de-pollo-cocido-marinado-con-protena-de-pollo-aadida-esterilizado-lv-a-00213-ek-es\/","title":{"rendered":"Carne de pollo cocido, marinado, con prote\u00edna de pollo a\u00f1adida, esterilizado. LV A 00213 EK"},"content":{"rendered":"<p>Pollo guisado en adobo picante, con prote\u00edna de pollo a\u00f1adida. LV A 00213 EK. Ingredientes: carne de pollo (90 %), agua potable, piel de pollo, harina de trigo, cebada perlada, sal comestible, prote\u00edna de pollo, mostaza en polvo, mezcla de especias. Este producto puede contener trazas de: huevos, soja, leche, apio y di\u00f3xido de azufre. Conservar en un lugar fresco y seco. Una vez abierto, refrigerar y consumir lo antes posible. Ventas: Lackmann Fleisch- und Feinkostfabrik GmbH, Carl Benz Stra\u00dfe 10, 77731 Willst\u00e4tt, Alemania. La vida \u00fatil m\u00ednima en envases sin abrir es de hasta: ver la tapa o la segunda l\u00ednea inferior. <!--NWT-Text-->Valor nutricional por 100 g: Valor energ\u00e9tico: 995 kJ \/ 240 kcal, Grasas: 18 g, de las cuales saturadas: 5,9 g, Hidratos de carbono: 5,0 g, de los cuales az\u00facares: <0,5 g, Prote\u00ednas: 14 g, Sal: 1,0 g, <!--NWT-Table--><\/p>\n<table>\n<tbody>\n<tr>\n<td colspan=\"2\">Valor nutricional por 100 g:<\/td>\n<\/tr>\n<tr>\n<td>Valor energ\u00e9tico:<\/td>\n<td align = \"right\">995 kJ\/240 kcal<\/td>\n<\/tr>\n<tr>\n<td>Grasas:<\/td>\n<td align = \"right\">18 g<\/td>\n<\/tr>\n<tr>\n<td>de las cuales saturadas:<\/td>\n<td align = 5,9 g. Carbohidratos: 5,0 g. Az\u00facares: 0,5 g. Prote\u00ednas: 14 g. Sal: 1,0 g. Pollo guisado en adobo picante, con prote\u00edna de pollo. LV A 00213 EK. \n\n","protected":false},"excerpt":{"rendered":"<p>Pollo guisado en adobo picante, con prote\u00edna de pollo a\u00f1adida. LV A 00213 EK. Ingredientes: carne de pollo (90 %), agua potable, piel de pollo, harina de trigo, cebada perlada, sal comestible, prote\u00edna de pollo, mostaza en polvo, mezcla de especias. Este producto puede contener trazas de: huevos, soja, leche, apio y di\u00f3xido de azufre. [&hellip;]<\/p>\n","protected":false},"featured_media":1993,"template":"","meta":{"inline_featured_image":false},"product_brand":[],"product_cat":[222,224],"product_tag":[],"class_list":{"0":"post-2596","1":"product","2":"type-product","3":"status-publish","4":"has-post-thumbnail","6":"product_cat-carne-y-productos-carnicos","7":"product_cat-conservas-de-carne","9":"first","10":"instock","11":"shipping-taxable","12":"purchasable","13":"product-type-simple"},"acf":[],"_links":{"self":[{"href":"https:\/\/kalinkamagazin.com\/es\/wp-json\/wp\/v2\/product\/2596","targetHints":{"allow":["GET"]}}],"collection":[{"href":"https:\/\/kalinkamagazin.com\/es\/wp-json\/wp\/v2\/product"}],"about":[{"href":"https:\/\/kalinkamagazin.com\/es\/wp-json\/wp\/v2\/types\/product"}],"wp:featuredmedia":[{"embeddable":true,"href":"https:\/\/kalinkamagazin.com\/es\/wp-json\/wp\/v2\/media\/1993"}],"wp:attachment":[{"href":"https:\/\/kalinkamagazin.com\/es\/wp-json\/wp\/v2\/media?parent=2596"}],"wp:term":[{"taxonomy":"product_brand","embeddable":true,"href":"https:\/\/kalinkamagazin.com\/es\/wp-json\/wp\/v2\/product_brand?post=2596"},{"taxonomy":"product_cat","embeddable":true,"href":"https:\/\/kalinkamagazin.com\/es\/wp-json\/wp\/v2\/product_cat?post=2596"},{"taxonomy":"product_tag","embeddable":true,"href":"https:\/\/kalinkamagazin.com\/es\/wp-json\/wp\/v2\/product_tag?post=2596"}],"curies":[{"name":"wp","href":"https:\/\/api.w.org\/{rel}","templated":true}]}}