{"id":2599,"date":"2026-01-29T16:31:04","date_gmt":"2026-01-29T13:31:04","guid":{"rendered":"https:\/\/kalinkamagazin.com\/product\/4681-filete-de-arenque-matjes-clupea-harengus-madurado-en-filete-marinada-en-aceite-de-colza-es\/"},"modified":"2026-04-26T18:52:48","modified_gmt":"2026-04-26T15:52:48","slug":"4681-filete-de-arenque-matjes-clupea-harengus-madurado-en-filete-marinada-en-aceite-de-colza-es","status":"publish","type":"product","link":"https:\/\/kalinkamagazin.com\/es\/product\/4681-filete-de-arenque-matjes-clupea-harengus-madurado-en-filete-marinada-en-aceite-de-colza-es\/","title":{"rendered":"Filete de arenque matjes (Clupea harengus), madurado en filete, marinada en aceite de colza."},"content":{"rendered":"<p>Filetes de arenque Matie (Clupea harengus), madurados en filetes, enlatados en aceite de colza. Peso seco: 2,25 kg. Ingredientes: Filetes de arenque Matie 80 % (filetes de arenque, sal comestible, conservante: (benzoato s\u00f3dico, nitrato pot\u00e1sico), az\u00facar, acidulante: (E270, E296, E330, E334), extracto de levadura, colorantes alimentarios: (zumo de remolacha), dextrosa, aceite de colza, especias, aroma), aceite de colza. Zona de pesca: FAO 27, IVa y IVb. M\u00e9todo de captura: redes de arrastre, redes de colado y elevadores de pescado. Vender solo productos sin envasar. Ventas: Lackmann Fleisch- und Feinkostfabrik GmbH, Carl Benz Stra\u00dfe 10, 77731 Willst\u00e4tt, Alemania. Vida \u00fatil a +2 \u00b0C - +7 \u00b0C hasta: <!--NWT-Text-->Valor nutricional por 100 g: Valor energ\u00e9tico: 938 kJ \/ 227 kcal, Grasas: 20 g, - de las cuales \u00e1cidos grasos saturados: 3,0 g, Carbohidratos: <0,5 g, - de los cuales az\u00facares: <0,5 g, Prote\u00ednas: 11 g, Sal: 3,1 g, <!--NWT-Table--><\/p>\n<table>\n<tbody>\n<tr>\n<td colspan=\"2\">Valor nutricional por 100 g:<\/td>\n<\/tr>\n<tr>\n<td>Valor energ\u00e9tico:<\/td>\n<td align = \"right\">938 kJ \/ 227 kcal<\/td>\n<\/tr>\n<tr>\n<td>Grasas:<\/td>\n<td align = \"right\">20 g<\/td>\n<\/tr>\n<tr>\n<td>- de las cuales grasas saturadas \u00e1cidos:<\/td>\n<td align = \"right\">3,0 g<\/td>\n<\/tr>\n<tr>\n<td>Hidratos de carbono:<\/td>\n<td align = \"right\"><0,5 g<\/td>\n<\/tr>\n<tr>\n<td>- de los cuales az\u00facares:<\/td>\n<td align = \"right\"><0,5 g<\/td>\n<\/tr>\n<tr>\n<td>Prote\u00ednas:<\/td>\n<td align = \"right\">11 g<\/td>\n<\/tr>\n<tr>\n<td>Sal:<\/td>\n<td align = \"right\">3,1 g<\/td>\n<\/tr>\n<\/tbody>\n<\/table>\n<p> <!--Bezeichnung-->Arenque Matieu (Clupea harengus), filete, madurado en filetes, enlatado en aceite de colza. .<\/p>\n","protected":false},"excerpt":{"rendered":"<p>Filetes de arenque Matie (Clupea harengus), madurados en filetes, enlatados en aceite de colza. Peso seco: 2,25 kg. Ingredientes: Filetes de arenque Matie 80 % (filetes de arenque, sal comestible, conservante: (benzoato s\u00f3dico, nitrato pot\u00e1sico), az\u00facar, acidulante: (E270, E296, E330, E334), extracto de levadura, colorantes alimentarios: (zumo de remolacha), dextrosa, aceite de colza, especias, aroma), [&hellip;]<\/p>\n","protected":false},"featured_media":2006,"template":"","meta":{"inline_featured_image":false},"product_brand":[],"product_cat":[232,237],"product_tag":[],"class_list":{"0":"post-2599","1":"product","2":"type-product","3":"status-publish","4":"has-post-thumbnail","6":"product_cat-pescado-y-productos-de-pescado","7":"product_cat-salado-ahumado-seco-curado","9":"first","10":"instock","11":"shipping-taxable","12":"purchasable","13":"product-type-simple"},"acf":[],"_links":{"self":[{"href":"https:\/\/kalinkamagazin.com\/es\/wp-json\/wp\/v2\/product\/2599","targetHints":{"allow":["GET"]}}],"collection":[{"href":"https:\/\/kalinkamagazin.com\/es\/wp-json\/wp\/v2\/product"}],"about":[{"href":"https:\/\/kalinkamagazin.com\/es\/wp-json\/wp\/v2\/types\/product"}],"wp:featuredmedia":[{"embeddable":true,"href":"https:\/\/kalinkamagazin.com\/es\/wp-json\/wp\/v2\/media\/2006"}],"wp:attachment":[{"href":"https:\/\/kalinkamagazin.com\/es\/wp-json\/wp\/v2\/media?parent=2599"}],"wp:term":[{"taxonomy":"product_brand","embeddable":true,"href":"https:\/\/kalinkamagazin.com\/es\/wp-json\/wp\/v2\/product_brand?post=2599"},{"taxonomy":"product_cat","embeddable":true,"href":"https:\/\/kalinkamagazin.com\/es\/wp-json\/wp\/v2\/product_cat?post=2599"},{"taxonomy":"product_tag","embeddable":true,"href":"https:\/\/kalinkamagazin.com\/es\/wp-json\/wp\/v2\/product_tag?post=2599"}],"curies":[{"name":"wp","href":"https:\/\/api.w.org\/{rel}","templated":true}]}}