{"id":2600,"date":"2026-01-29T16:30:57","date_gmt":"2026-01-29T13:30:57","guid":{"rendered":"https:\/\/kalinkamagazin.com\/product\/4778-barquillo-de-chocolate-surtido-con-cacahuetes-y-sabor-a-caramelo-es\/"},"modified":"2026-01-29T16:56:30","modified_gmt":"2026-01-29T13:56:30","slug":"4778-barquillo-de-chocolate-surtido-con-cacahuetes-y-sabor-a-caramelo-es","status":"publish","type":"product","link":"https:\/\/kalinkamagazin.com\/es\/product\/4778-barquillo-de-chocolate-surtido-con-cacahuetes-y-sabor-a-caramelo-es\/","title":{"rendered":"Barquillo de chocolate surtido con cacahuetes y sabor a caramelo"},"content":{"rendered":"<p>Surtido de obleas con sabor a cacahuetes y caramelo. Ingredientes: az\u00facar, aceite de palma parcialmente hidrogenado, harina de trigo, cacahuetes (14%), jarabe de almid\u00f3n, leche condensada azucarada (leche entera, leche desnatada, az\u00facar, lactosa), suero l\u00e1cteo, leche desnatada en polvo, manteca de cacao, extruido de arroz, harina de trigo, az\u00facar, extracto de malta de cebada (malta de cebada, agua potable, malta de centeno), sal), regulador de humedad (E420, E422), glucosa, emulgente (lecitina de soja), levadura qu\u00edmica (E500, E503), huevo entero en polvo, aroma, antioxidantes (E307, E300). Este producto puede contener trazas de: frutos secos, s\u00e9samo, sulfitos. Gofres: 8%. Conservar en un lugar fresco y seco. Distribuci\u00f3n: Lackmann Fleisch- und Feinkostfabrik GmbH, Carl Benz Stra\u00dfe 10, 77731 Willst\u00e4tt, Alemania. Consumir preferentemente antes: ver cuadro blanco, segunda l\u00ednea. <!--NWT-Text-->Valor nutricional por 100 g: Valor energ\u00e9tico: 2016 kJ \/ 482 kcal, Grasas: 26 g, de las cuales saturadas: 14 g, Hidratos de carbono: 54 g, de los cuales az\u00facares: 39 g, Prote\u00ednas: 8,0 g, Sal: 0,78 g, <!--NWT-Table--><\/p>\n<table>\n<tbody>\n<tr>\n<td colspan=\"2\">Valor nutricional por 100 g:<\/td>\n<\/tr>\n<tr>\n<td>Valor energ\u00e9tico:<\/td>\n<td align = \"right\">2016 kJ\/482 kcal<\/td>\n<\/tr>\n<tr>\n<td>Grasas:<\/td>\n<td align = \"right\">26 g<\/td>\n<\/tr>\n<tr>\n<td>de las cuales saturadas:<\/td>\n<td align = \"right\">14g<\/td>\n<\/tr>\n<tr>\n<td>Carbohidratos:<\/td>\n<td align = \"right\">54g<\/td>\n<\/tr>\n<tr>\n<td>- de los cuales az\u00facares:<\/td>\n<td align = \"right\">39g<\/td>\n<\/tr>\n<tr>\n<td>Prote\u00ednas:<\/td>\n<td align = \"right\">8.0g<\/td>\n<\/tr>\n<tr>\n<td>Sal:<\/td>\n<td align = \"right\">0.78g<\/td>\n<\/tr>\n<\/tbody>\n<\/table>\n<p> <!--Bezeichnung-->Surtido de gofres con sabor a cacahuetes y caramelo.<\/p>\n","protected":false},"excerpt":{"rendered":"<p>Surtido de obleas con sabor a cacahuetes y caramelo. Ingredientes: az\u00facar, aceite de palma parcialmente hidrogenado, harina de trigo, cacahuetes (14%), jarabe de almid\u00f3n, leche condensada azucarada (leche entera, leche desnatada, az\u00facar, lactosa), suero l\u00e1cteo, leche desnatada en polvo, manteca de cacao, extruido de arroz, harina de trigo, az\u00facar, extracto de malta de cebada (malta [&hellip;]<\/p>\n","protected":false},"featured_media":2014,"template":"","meta":{"inline_featured_image":false},"product_brand":[],"product_cat":[206,203],"product_tag":[],"class_list":{"0":"post-2600","1":"product","2":"type-product","3":"status-publish","4":"has-post-thumbnail","6":"product_cat-cajas-de-bombones-sets-de-caramelos","7":"product_cat-caramelos-bombones","9":"first","10":"instock","11":"shipping-taxable","12":"purchasable","13":"product-type-simple"},"acf":[],"_links":{"self":[{"href":"https:\/\/kalinkamagazin.com\/es\/wp-json\/wp\/v2\/product\/2600","targetHints":{"allow":["GET"]}}],"collection":[{"href":"https:\/\/kalinkamagazin.com\/es\/wp-json\/wp\/v2\/product"}],"about":[{"href":"https:\/\/kalinkamagazin.com\/es\/wp-json\/wp\/v2\/types\/product"}],"wp:featuredmedia":[{"embeddable":true,"href":"https:\/\/kalinkamagazin.com\/es\/wp-json\/wp\/v2\/media\/2014"}],"wp:attachment":[{"href":"https:\/\/kalinkamagazin.com\/es\/wp-json\/wp\/v2\/media?parent=2600"}],"wp:term":[{"taxonomy":"product_brand","embeddable":true,"href":"https:\/\/kalinkamagazin.com\/es\/wp-json\/wp\/v2\/product_brand?post=2600"},{"taxonomy":"product_cat","embeddable":true,"href":"https:\/\/kalinkamagazin.com\/es\/wp-json\/wp\/v2\/product_cat?post=2600"},{"taxonomy":"product_tag","embeddable":true,"href":"https:\/\/kalinkamagazin.com\/es\/wp-json\/wp\/v2\/product_tag?post=2600"}],"curies":[{"name":"wp","href":"https:\/\/api.w.org\/{rel}","templated":true}]}}