{"id":2601,"date":"2026-01-29T16:30:49","date_gmt":"2026-01-29T13:30:49","guid":{"rendered":"https:\/\/kalinkamagazin.com\/product\/4913-pan-de-centeno-con-sabor-a-miel-cortado-ultracongelado-es\/"},"modified":"2026-01-29T16:56:23","modified_gmt":"2026-01-29T13:56:23","slug":"4913-pan-de-centeno-con-sabor-a-miel-cortado-ultracongelado-es","status":"publish","type":"product","link":"https:\/\/kalinkamagazin.com\/es\/product\/4913-pan-de-centeno-con-sabor-a-miel-cortado-ultracongelado-es\/","title":{"rendered":"Pan de centeno con sabor a miel, cortado, ultracongelado."},"content":{"rendered":"<p>Pan de centeno \"Chudesny\" con sabor a miel, rebanado, congelado. Ingredientes: harina 82% (harina de centeno 79%, harina integral de centeno 11%, harina de trigo), agua potable, malta de centeno en polvo, concentrado de mosto de kvas (harina de centeno, malta de centeno, malta de cebada), az\u00facar, preparado de manzana (pur\u00e9 de manzana, az\u00facar), sal yodada (sal de mesa, yoduro de potasio), correctores de acidez (E330, E500), aroma. No volver a congelar el producto descongelado. Distribuci\u00f3n: Lackmann Fleisch- und Feinkostfabrik GmbH, Carl Benz Stra\u00dfe 10, 77731 Willst\u00e4tt, Alemania. Conservar sin abrir entre -25 \u00b0C y -18 \u00b0C y consumir preferentemente antes de: ver etiqueta adicional en el reverso. <!--NWT-Text-->Valor nutricional por 100 g: Valor energ\u00e9tico: 921 kJ \/ 220 kcal, Grasas: <0,5 g, de las cuales \u00e1cidos grasos saturados: 0,2 g, Hidratos de carbono: 48 g, de los cuales az\u00facares: 7,0 g, Prote\u00ednas: 5,4 g, Sal: 1,2 g, <!--NWT-Table--><\/p>\n<table>\n<tbody>\n<tr>\n<td colspan=\"2\">Valor nutricional por 100 g:<\/td>\n<\/tr>\n<tr>\n<td>Valor energ\u00e9tico:<\/td>\n<td align = \"right\">921 kJ\/220 kcal<\/td>\n<\/tr>\n<tr>\n<td>Grasas:<\/td>\n<td align = \"right\"><0,5 g<\/td>\n<\/tr>\n<tr>\n<td>de las cuales \u00e1cidos grasos saturados:<\/td>\n<td align = \"right\">0.2g<\/td>\n<\/tr>\n<tr>\n<td>Hidratos de carbono:<\/td>\n<td align = \"right\">48g<\/td>\n<\/tr>\n<tr>\n<td>- de los cuales az\u00facares:<\/td>\n<td align = \"right\">7.0g<\/td>\n<\/tr>\n<tr>\n<td>Prote\u00ednas:<\/td>\n<td align = \"right\">5.4g<\/td>\n<\/tr>\n<tr>\n<td>Sal:<\/td>\n<td align = \"right\">1.2g<\/td>\n<\/tr>\n<\/tbody>\n<\/table>\n<p> <!--Bezeichnung-->Pan de centeno \"Wonderful\" con sabor a miel, rebanado, congelado..<\/p>\n","protected":false},"excerpt":{"rendered":"<p>Pan de centeno \"Chudesny\" con sabor a miel, rebanado, congelado. Ingredientes: harina 82% (harina de centeno 79%, harina integral de centeno 11%, harina de trigo), agua potable, malta de centeno en polvo, concentrado de mosto de kvas (harina de centeno, malta de centeno, malta de cebada), az\u00facar, preparado de manzana (pur\u00e9 de manzana, az\u00facar), sal [&hellip;]<\/p>\n","protected":false},"featured_media":2020,"template":"","meta":{"inline_featured_image":false},"product_brand":[],"product_cat":[192,187],"product_tag":[],"class_list":{"0":"post-2601","1":"product","2":"type-product","3":"status-publish","4":"has-post-thumbnail","6":"product_cat-pan","7":"product_cat-productos-congelados-y-pan","9":"first","10":"instock","11":"shipping-taxable","12":"purchasable","13":"product-type-simple"},"acf":[],"_links":{"self":[{"href":"https:\/\/kalinkamagazin.com\/es\/wp-json\/wp\/v2\/product\/2601","targetHints":{"allow":["GET"]}}],"collection":[{"href":"https:\/\/kalinkamagazin.com\/es\/wp-json\/wp\/v2\/product"}],"about":[{"href":"https:\/\/kalinkamagazin.com\/es\/wp-json\/wp\/v2\/types\/product"}],"wp:featuredmedia":[{"embeddable":true,"href":"https:\/\/kalinkamagazin.com\/es\/wp-json\/wp\/v2\/media\/2020"}],"wp:attachment":[{"href":"https:\/\/kalinkamagazin.com\/es\/wp-json\/wp\/v2\/media?parent=2601"}],"wp:term":[{"taxonomy":"product_brand","embeddable":true,"href":"https:\/\/kalinkamagazin.com\/es\/wp-json\/wp\/v2\/product_brand?post=2601"},{"taxonomy":"product_cat","embeddable":true,"href":"https:\/\/kalinkamagazin.com\/es\/wp-json\/wp\/v2\/product_cat?post=2601"},{"taxonomy":"product_tag","embeddable":true,"href":"https:\/\/kalinkamagazin.com\/es\/wp-json\/wp\/v2\/product_tag?post=2601"}],"curies":[{"name":"wp","href":"https:\/\/api.w.org\/{rel}","templated":true}]}}