{"id":2602,"date":"2026-01-29T16:30:46","date_gmt":"2026-01-29T13:30:46","guid":{"rendered":"https:\/\/kalinkamagazin.com\/product\/4914-pan-de-centeno-con-semillas-de-girasol-cortado-ultracongelado-es\/"},"modified":"2026-01-29T16:56:20","modified_gmt":"2026-01-29T13:56:20","slug":"4914-pan-de-centeno-con-semillas-de-girasol-cortado-ultracongelado-es","status":"publish","type":"product","link":"https:\/\/kalinkamagazin.com\/es\/product\/4914-pan-de-centeno-con-semillas-de-girasol-cortado-ultracongelado-es\/","title":{"rendered":"Pan de centeno Con semillas de girasol, cortado, ultracongelado."},"content":{"rendered":"<p>Pan de centeno \"Posolsky\" con pipas de girasol, rebanado, congelado. Ingredientes: harina 48% (harina de centeno 67%, harina de trigo), pipas de girasol 37%, agua potable, concentrado de mosto de kvas (harina de centeno, malta de centeno, malta de cebada), malta de centeno en polvo, az\u00facar, sal yodada (sal de mesa, yoduro de potasio), levadura, gluten de trigo. No volver a congelar el producto descongelado. Ventas: Lackmann Fleisch- und Feinkostfabrik GmbH, Carl Benz Stra\u00dfe 10, 77731 Willst\u00e4tt, Alemania. Conservar sin abrir entre -25 \u00b0C y -18 \u00b0C y consumir antes de: <!--NWT-Text-->Valor nutricional por 100 g: Valor energ\u00e9tico: 1114 kJ \/ 266 kcal, Grasas: 8,9 g, - de las cuales \u00e1cidos grasos saturados: 0,2 g, Hidratos de carbono: 37 g, - de los cuales az\u00facares: 7,6 g, Prote\u00ednas: 11 g, Sal: 1,3 g, <!--NWT-Table--><\/p>\n<table>\n<tbody>\n<tr>\n<td colspan=\"2\">Valor nutricional por 100 g:<\/td>\n<\/tr>\n<tr>\n<td>Valor energ\u00e9tico:<\/td>\n<td align = \"right\">1114 kJ \/ 266 kcal<\/td>\n<\/tr>\n<tr>\n<td>Grasas:<\/td>\n<td align = \"right\">8,9 g<\/td>\n<\/tr>\n<tr>\n<td>- de de los cuales \u00e1cidos grasos saturados:<\/td>\n<td align = \"right\">0,2 g<\/td>\n<\/tr>\n<tr>\n<td>Hidratos de carbono:<\/td>\n<td align = \"right\">37 g<\/td>\n<\/tr>\n<tr>\n<td>- de los cuales az\u00facares:<\/td>\n<td align = \"right\">7,6 g<\/td>\n<\/tr>\n<tr>\n<td>Prote\u00ednas:<\/td>\n<td align = \"right\">11 g<\/td>\n<\/tr>\n<tr>\n<td>Sal:<\/td>\n<td align = \"right\">1,3 g<\/td>\n<\/tr>\n<\/tbody>\n<\/table>\n<p> <!--Bezeichnung-->Pan de centeno \"Posolsky\" con semillas de girasol, rebanado, congelado..<\/p>\n","protected":false},"excerpt":{"rendered":"<p>Pan de centeno \"Posolsky\" con pipas de girasol, rebanado, congelado. Ingredientes: harina 48% (harina de centeno 67%, harina de trigo), pipas de girasol 37%, agua potable, concentrado de mosto de kvas (harina de centeno, malta de centeno, malta de cebada), malta de centeno en polvo, az\u00facar, sal yodada (sal de mesa, yoduro de potasio), levadura, [&hellip;]<\/p>\n","protected":false},"featured_media":2023,"template":"","meta":{"inline_featured_image":false},"product_brand":[],"product_cat":[192,187],"product_tag":[],"class_list":{"0":"post-2602","1":"product","2":"type-product","3":"status-publish","4":"has-post-thumbnail","6":"product_cat-pan","7":"product_cat-productos-congelados-y-pan","9":"first","10":"instock","11":"shipping-taxable","12":"purchasable","13":"product-type-simple"},"acf":[],"_links":{"self":[{"href":"https:\/\/kalinkamagazin.com\/es\/wp-json\/wp\/v2\/product\/2602","targetHints":{"allow":["GET"]}}],"collection":[{"href":"https:\/\/kalinkamagazin.com\/es\/wp-json\/wp\/v2\/product"}],"about":[{"href":"https:\/\/kalinkamagazin.com\/es\/wp-json\/wp\/v2\/types\/product"}],"wp:featuredmedia":[{"embeddable":true,"href":"https:\/\/kalinkamagazin.com\/es\/wp-json\/wp\/v2\/media\/2023"}],"wp:attachment":[{"href":"https:\/\/kalinkamagazin.com\/es\/wp-json\/wp\/v2\/media?parent=2602"}],"wp:term":[{"taxonomy":"product_brand","embeddable":true,"href":"https:\/\/kalinkamagazin.com\/es\/wp-json\/wp\/v2\/product_brand?post=2602"},{"taxonomy":"product_cat","embeddable":true,"href":"https:\/\/kalinkamagazin.com\/es\/wp-json\/wp\/v2\/product_cat?post=2602"},{"taxonomy":"product_tag","embeddable":true,"href":"https:\/\/kalinkamagazin.com\/es\/wp-json\/wp\/v2\/product_tag?post=2602"}],"curies":[{"name":"wp","href":"https:\/\/api.w.org\/{rel}","templated":true}]}}