{"id":2603,"date":"2026-01-29T16:30:43","date_gmt":"2026-01-29T13:30:43","guid":{"rendered":"https:\/\/kalinkamagazin.com\/product\/4915-pan-de-centeno-con-semillas-de-girasol-pipas-de-calabaza-y-sabor-a-miel-cortado-ultracongelado-es\/"},"modified":"2026-03-18T21:34:24","modified_gmt":"2026-03-18T18:34:24","slug":"4915-pan-de-centeno-con-semillas-de-girasol-pipas-de-calabaza-y-sabor-a-miel-cortado-ultracongelado-es","status":"publish","type":"product","link":"https:\/\/kalinkamagazin.com\/es\/product\/4915-pan-de-centeno-con-semillas-de-girasol-pipas-de-calabaza-y-sabor-a-miel-cortado-ultracongelado-es\/","title":{"rendered":"Pan de centeno con semillas de girasol, pipas de calabaza y sabor a miel, cortado, ultracongelado."},"content":{"rendered":"<p>Pan de centeno \"Posolsky\" con pipas de girasol, pipas de calabaza y sabor a miel, rebanado, congelado. Ingredientes: harina 53% (harina de centeno 66%, harina de trigo), pipas de girasol 23%, agua potable, concentrado de mosto de kvas (harina de centeno, malta de centeno, malta de cebada), pipas de calabaza 6%, malta de centeno en polvo, sal yodada (sal de mesa, yoduro de potasio), levadura, s\u00e9samo, az\u00facar, gluten de trigo, correctores de acidez (E330, E500), aroma. No volver a congelar el producto descongelado. Distribuci\u00f3n: Lackmann Fleisch- und Feinkostfabrik GmbH, Carl Benz Stra\u00dfe 10, 77731 Willst\u00e4tt, Alemania. El producto sin abrir debe conservarse entre -25 \u00b0C y -18 \u00b0C y consumirse antes de: <!--NWT-Text-->Informaci\u00f3n nutricional por 100 g: Energ\u00eda: 665 kJ \/ 159 kcal, Grasas: 1,3 g, de las cuales saturadas: 1,1 g, Hidratos de carbono: 32 g, de los cuales az\u00facares: 0,7 g, Prote\u00ednas: 5,2 g, Sal: 1,2 g, <!--NWT-Table--><\/p>\n<table>\n<tbody>\n<tr>\n<td colspan=\"2\">Informaci\u00f3n nutricional por 100 g:<\/td>\n<\/tr>\n<tr>\n<td>Informaci\u00f3n energ\u00e9tica:<\/td>\n<td align = \"right\">665 kJ\/159 kcal<\/td>\n<\/tr>\n<tr>\n<td>Grasas:<\/td>\n<td align = \"right\">1,3 g<\/td>\n<\/tr>\n<tr>\n<td>- de los cuales \u00e1cidos grasos saturados:<\/td>\n<td align = \"right\">1,1 g<\/td>\n<\/tr>\n<tr>\n<td>Hidratos de carbono:<\/td>\n<td align = \"right\">32 g<\/td>\n<\/tr>\n<tr>\n<td>- de los cuales az\u00facares:<\/td>\n<td align = \"right\">0,7 g<\/td>\n<\/tr>\n<tr>\n<td>Prote\u00ednas:<\/td>\n<td align = \"right\">5,2 g<\/td>\n<\/tr>\n<tr>\n<td>Sal:<\/td>\n<td align = \"right\">1,2 g<\/td>\n<\/tr>\n<\/tbody>\n<\/table>\n<p> <!--Bezeichnung-->Pan de centeno \"Posolsky\" con pipas de girasol, pipas de calabaza y sabor a miel, rebanado, congelado.<\/p>\n","protected":false},"excerpt":{"rendered":"<p>Pan de centeno \"Posolsky\" con pipas de girasol, pipas de calabaza y sabor a miel, rebanado, congelado. Ingredientes: harina 53% (harina de centeno 66%, harina de trigo), pipas de girasol 23%, agua potable, concentrado de mosto de kvas (harina de centeno, malta de centeno, malta de cebada), pipas de calabaza 6%, malta de centeno en [&hellip;]<\/p>\n","protected":false},"featured_media":2026,"template":"","meta":{"inline_featured_image":false},"product_brand":[],"product_cat":[192,187],"product_tag":[],"class_list":{"0":"post-2603","1":"product","2":"type-product","3":"status-publish","4":"has-post-thumbnail","6":"product_cat-pan","7":"product_cat-productos-congelados-y-pan","9":"first","10":"instock","11":"shipping-taxable","12":"purchasable","13":"product-type-simple"},"acf":[],"_links":{"self":[{"href":"https:\/\/kalinkamagazin.com\/es\/wp-json\/wp\/v2\/product\/2603","targetHints":{"allow":["GET"]}}],"collection":[{"href":"https:\/\/kalinkamagazin.com\/es\/wp-json\/wp\/v2\/product"}],"about":[{"href":"https:\/\/kalinkamagazin.com\/es\/wp-json\/wp\/v2\/types\/product"}],"wp:featuredmedia":[{"embeddable":true,"href":"https:\/\/kalinkamagazin.com\/es\/wp-json\/wp\/v2\/media\/2026"}],"wp:attachment":[{"href":"https:\/\/kalinkamagazin.com\/es\/wp-json\/wp\/v2\/media?parent=2603"}],"wp:term":[{"taxonomy":"product_brand","embeddable":true,"href":"https:\/\/kalinkamagazin.com\/es\/wp-json\/wp\/v2\/product_brand?post=2603"},{"taxonomy":"product_cat","embeddable":true,"href":"https:\/\/kalinkamagazin.com\/es\/wp-json\/wp\/v2\/product_cat?post=2603"},{"taxonomy":"product_tag","embeddable":true,"href":"https:\/\/kalinkamagazin.com\/es\/wp-json\/wp\/v2\/product_tag?post=2603"}],"curies":[{"name":"wp","href":"https:\/\/api.w.org\/{rel}","templated":true}]}}