{"id":2604,"date":"2026-01-29T16:30:38","date_gmt":"2026-01-29T13:30:38","guid":{"rendered":"https:\/\/kalinkamagazin.com\/product\/4917-pan-de-centeno-ultracongelado-es\/"},"modified":"2026-01-29T16:56:12","modified_gmt":"2026-01-29T13:56:12","slug":"4917-pan-de-centeno-ultracongelado-es","status":"publish","type":"product","link":"https:\/\/kalinkamagazin.com\/es\/product\/4917-pan-de-centeno-ultracongelado-es\/","title":{"rendered":"Pan de centeno, ultracongelado."},"content":{"rendered":"<p>Pan de centeno \"Gubernatorsky\", congelado. Ingredientes: productos de harina 74% (harina de centeno 65%, harina de centeno gruesa 23%, harina de trigo), malta de centeno, agua potable, az\u00facar, preparado de manzana (pur\u00e9 de manzana, az\u00facar), levadura, sal yodada (sal de mesa, yoduro de potasio), semillas de alcaravea. No volver a congelar el producto descongelado. Ventas: Lackmann Fleisch- und Feinkostfabrik GmbH, Carl Benz Stra\u00dfe 10, 77731 Willst\u00e4tt, Alemania. Conservar sin abrir a -25 \u00b0C - 18 \u00b0C y consumir antes de: <!--NWT-Text-->Valor nutricional por 100 g: Valor energ\u00e9tico: 888 kJ \/ 212 kcal, Grasas: 0,6 g, - de las cuales \u00e1cidos grasos saturados: 0,2 g, Hidratos de carbono: 46 g, - de los cuales az\u00facares: 6,3 g, Prote\u00ednas: 5,8 g, Sal: 1,1 g, <!--NWT-Table--><\/p>\n<table>\n<tbody>\n<tr>\n<td colspan=\"2\">Valor nutricional por 100 g:<\/td>\n<\/tr>\n<tr>\n<td>Valor energ\u00e9tico:<\/td>\n<td align = \"right\">888 kJ \/ 212 kcal<\/td>\n<\/tr>\n<tr>\n<td>Grasas:<\/td>\n<td align = \"right\">0,6 g<\/td>\n<\/tr>\n<tr>\n<td>- de de los cuales \u00e1cidos grasos saturados:<\/td>\n<td align = \"right\">0,2 g<\/td>\n<\/tr>\n<tr>\n<td>Hidratos de carbono:<\/td>\n<td align = \"right\">46 g<\/td>\n<\/tr>\n<tr>\n<td>- de los cuales az\u00facares:<\/td>\n<td align = \"right\">6,3 g<\/td>\n<\/tr>\n<tr>\n<td>Prote\u00ednas:<\/td>\n<td align = \"right\">5,8 g<\/td>\n<\/tr>\n<tr>\n<td>Sal:<\/td>\n<td align = \"right\">1,1 g<\/td>\n<\/tr>\n<\/tbody>\n<\/table>\n<p> <!--Bezeichnung-->Pan de centeno \"Gubernatorsky\", congelado..<\/p>\n","protected":false},"excerpt":{"rendered":"<p>Pan de centeno \"Gubernatorsky\", congelado. Ingredientes: productos de harina 74% (harina de centeno 65%, harina de centeno gruesa 23%, harina de trigo), malta de centeno, agua potable, az\u00facar, preparado de manzana (pur\u00e9 de manzana, az\u00facar), levadura, sal yodada (sal de mesa, yoduro de potasio), semillas de alcaravea. No volver a congelar el producto descongelado. Ventas: [&hellip;]<\/p>\n","protected":false},"featured_media":2029,"template":"","meta":{"inline_featured_image":false},"product_brand":[],"product_cat":[192,187],"product_tag":[],"class_list":{"0":"post-2604","1":"product","2":"type-product","3":"status-publish","4":"has-post-thumbnail","6":"product_cat-pan","7":"product_cat-productos-congelados-y-pan","9":"first","10":"instock","11":"shipping-taxable","12":"purchasable","13":"product-type-simple"},"acf":[],"_links":{"self":[{"href":"https:\/\/kalinkamagazin.com\/es\/wp-json\/wp\/v2\/product\/2604","targetHints":{"allow":["GET"]}}],"collection":[{"href":"https:\/\/kalinkamagazin.com\/es\/wp-json\/wp\/v2\/product"}],"about":[{"href":"https:\/\/kalinkamagazin.com\/es\/wp-json\/wp\/v2\/types\/product"}],"wp:featuredmedia":[{"embeddable":true,"href":"https:\/\/kalinkamagazin.com\/es\/wp-json\/wp\/v2\/media\/2029"}],"wp:attachment":[{"href":"https:\/\/kalinkamagazin.com\/es\/wp-json\/wp\/v2\/media?parent=2604"}],"wp:term":[{"taxonomy":"product_brand","embeddable":true,"href":"https:\/\/kalinkamagazin.com\/es\/wp-json\/wp\/v2\/product_brand?post=2604"},{"taxonomy":"product_cat","embeddable":true,"href":"https:\/\/kalinkamagazin.com\/es\/wp-json\/wp\/v2\/product_cat?post=2604"},{"taxonomy":"product_tag","embeddable":true,"href":"https:\/\/kalinkamagazin.com\/es\/wp-json\/wp\/v2\/product_tag?post=2604"}],"curies":[{"name":"wp","href":"https:\/\/api.w.org\/{rel}","templated":true}]}}