{"id":2606,"date":"2026-01-29T16:30:21","date_gmt":"2026-01-29T13:30:21","guid":{"rendered":"https:\/\/kalinkamagazin.com\/product\/5112-caramelos-en-palito-es\/"},"modified":"2026-01-29T16:55:53","modified_gmt":"2026-01-29T13:55:53","slug":"5112-caramelos-en-palito-es","status":"publish","type":"product","link":"https:\/\/kalinkamagazin.com\/es\/product\/5112-caramelos-en-palito-es\/","title":{"rendered":"Caramelos en palito."},"content":{"rendered":"<p>Caramelo duro en palito. Ingredientes: az\u00facar, jarabe de glucosa, regulador de acidez: E330, colorante: E120 (rojo), E141 (verde). Conservar en un lugar fresco y seco. Consumir preferentemente antes del: ver la fecha en la etiqueta blanca con texto en alem\u00e1n. Distribuci\u00f3n: Lackmann Fleisch- und Feinkostfabrik GmbH, Carl-Benz-Stra\u00dfe 10, 77731 Willst\u00e4tt, Alemania. <!--NWT-Text-->Valor nutricional por 100 g: Valor energ\u00e9tico: 1675 kJ \/ 394 kcal, Grasas: 0 g, de las cuales \u00e1cidos grasos saturados: 0 g, Hidratos de carbono: 99 g, de los cuales az\u00facares: 99 g, Prote\u00ednas: 0 g, Sal: 0 g, <!--NWT-Table--><\/p>\n<table>\n<tbody>\n<tr>\n<td colspan=\"2\">Valor nutricional por 100 g:<\/td>\n<\/tr>\n<tr>\n<td>Valor energ\u00e9tico:<\/td>\n<td align = \"right\">1675 kJ\/394 kcal<\/td>\n<\/tr>\n<tr>\n<td>Grasas:<\/td>\n<td align = \"right\">0 g<\/td>\n<\/tr>\n<tr>\n<td>de los cuales \u00e1cidos grasos saturados:<\/td>\n<td align = \"right\">0g<\/td>\n<\/tr>\n<tr>\n<td>Carbohidratos:<\/td>\n<td align = \"right\">99g<\/td>\n<\/tr>\n<tr>\n<td>- de los cuales az\u00facares:<\/td>\n<td align = \"right\">99g<\/td>\n<\/tr>\n<tr>\n<td>Prote\u00ednas:<\/td>\n<td align = \"right\">0g<\/td>\n<\/tr>\n<tr>\n<td>Sal:<\/td>\n<td align = \"right\">0g<\/td>\n<\/tr>\n<\/tbody>\n<\/table>\n<p> <!--Bezeichnung-->Caramelo duro en un palito. .<\/p>\n","protected":false},"excerpt":{"rendered":"<p>Caramelo duro en palito. Ingredientes: az\u00facar, jarabe de glucosa, regulador de acidez: E330, colorante: E120 (rojo), E141 (verde). Conservar en un lugar fresco y seco. Consumir preferentemente antes del: ver la fecha en la etiqueta blanca con texto en alem\u00e1n. Distribuci\u00f3n: Lackmann Fleisch- und Feinkostfabrik GmbH, Carl-Benz-Stra\u00dfe 10, 77731 Willst\u00e4tt, Alemania. Valor nutricional por 100 [&hellip;]<\/p>\n","protected":false},"featured_media":2047,"template":"","meta":{"inline_featured_image":false},"product_brand":[],"product_cat":[204,203],"product_tag":[],"class_list":{"0":"post-2606","1":"product","2":"type-product","3":"status-publish","4":"has-post-thumbnail","6":"product_cat-caramelo","7":"product_cat-caramelos-bombones","9":"first","10":"instock","11":"shipping-taxable","12":"purchasable","13":"product-type-simple"},"acf":[],"_links":{"self":[{"href":"https:\/\/kalinkamagazin.com\/es\/wp-json\/wp\/v2\/product\/2606","targetHints":{"allow":["GET"]}}],"collection":[{"href":"https:\/\/kalinkamagazin.com\/es\/wp-json\/wp\/v2\/product"}],"about":[{"href":"https:\/\/kalinkamagazin.com\/es\/wp-json\/wp\/v2\/types\/product"}],"wp:featuredmedia":[{"embeddable":true,"href":"https:\/\/kalinkamagazin.com\/es\/wp-json\/wp\/v2\/media\/2047"}],"wp:attachment":[{"href":"https:\/\/kalinkamagazin.com\/es\/wp-json\/wp\/v2\/media?parent=2606"}],"wp:term":[{"taxonomy":"product_brand","embeddable":true,"href":"https:\/\/kalinkamagazin.com\/es\/wp-json\/wp\/v2\/product_brand?post=2606"},{"taxonomy":"product_cat","embeddable":true,"href":"https:\/\/kalinkamagazin.com\/es\/wp-json\/wp\/v2\/product_cat?post=2606"},{"taxonomy":"product_tag","embeddable":true,"href":"https:\/\/kalinkamagazin.com\/es\/wp-json\/wp\/v2\/product_tag?post=2606"}],"curies":[{"name":"wp","href":"https:\/\/api.w.org\/{rel}","templated":true}]}}