{"id":2607,"date":"2026-01-29T16:30:07","date_gmt":"2026-01-29T13:30:07","guid":{"rendered":"https:\/\/kalinkamagazin.com\/product\/5278-confitera-osito-de-peluche-de-semillas-de-girasol-con-ssamo-es\/"},"modified":"2026-01-29T16:55:37","modified_gmt":"2026-01-29T13:55:37","slug":"5278-confitera-osito-de-peluche-de-semillas-de-girasol-con-ssamo-es","status":"publish","type":"product","link":"https:\/\/kalinkamagazin.com\/es\/product\/5278-confitera-osito-de-peluche-de-semillas-de-girasol-con-ssamo-es\/","title":{"rendered":"Confiter\u00eda Osito de peluche, de semillas de girasol con s\u00e9samo."},"content":{"rendered":"<p>Dulce oriental \"Oso\", elaborado con semillas de girasol y s\u00e9samo. Ingredientes: semillas de girasol (50%), az\u00facar, jarabe de glucosa, s\u00e9samo (7%), grasas y aceites vegetales (palma, girasol, en proporciones variables), sal, emulgente (E471, lecitina de soja, E433), conservante (E202), aroma, corrector de acidez (\u00e1cido c\u00edtrico), colorante (E160a). Puede contener: gluten y cacahuetes. Conservar en un lugar fresco y seco. Ventas: Lackmann Fleisch- und Feinkostfabrik GmbH, Carl Benz Stra\u00dfe 10, 77731 Willst\u00e4tt, Alemania. Consumir preferentemente antes del: <!--NWT-Text-->Valor nutricional por 100 g: Valor energ\u00e9tico: 2235 kJ \/ 534 kcal, Grasas: 31 g, de las cuales saturadas: 2,9 g, Hidratos de carbono: 51 g, de los cuales az\u00facares: 45 g, Prote\u00ednas: 15 g, Sal: <0,1 g, <!--NWT-Table--><\/p>\n<table>\n<tbody>\n<tr>\n<td colspan=\"2\">Valor nutricional por 100 g:<\/td>\n<\/tr>\n<tr>\n<td>Valor energ\u00e9tico:<\/td>\n<td align = \"right\">2235 kJ\/534 kcal<\/td>\n<\/tr>\n<tr>\n<td>Grasas:<\/td>\n<td align = \"right\">31 g<\/td>\n<\/tr>\n<tr>\n<td>de las cuales saturadas:<\/td>\n<td align = \"right\">2,9 g<\/td>\n<\/tr>\n<tr>\n<td>Hidratos de carbono:<\/td>\n<td align = \"right\">51 g<\/td>\n<\/tr>\n<tr>\n<td>- de los cuales az\u00facares:<\/td>\n<td align = \"right\">45 g<\/td>\n<\/tr>\n<tr>\n<td>Prote\u00ednas:<\/td>\n<td align = \"right\">15 g<\/td>\n<\/tr>\n<tr>\n<td>Sal:<\/td>\n<td align = \"right\"><0,1 g<\/td>\n<\/tr>\n<\/tbody>\n<\/table>\n<p> <!--Bezeichnung-->Dulce oriental \"Oso\", de semillas de girasol con s\u00e9samo. .<\/p>\n","protected":false},"excerpt":{"rendered":"<p>Dulce oriental \"Oso\", elaborado con semillas de girasol y s\u00e9samo. Ingredientes: semillas de girasol (50%), az\u00facar, jarabe de glucosa, s\u00e9samo (7%), grasas y aceites vegetales (palma, girasol, en proporciones variables), sal, emulgente (E471, lecitina de soja, E433), conservante (E202), aroma, corrector de acidez (\u00e1cido c\u00edtrico), colorante (E160a). Puede contener: gluten y cacahuetes. Conservar en un [&hellip;]<\/p>\n","protected":false},"featured_media":2062,"template":"","meta":{"inline_featured_image":false},"product_brand":[],"product_cat":[207],"product_tag":[],"class_list":{"0":"post-2607","1":"product","2":"type-product","3":"status-publish","4":"has-post-thumbnail","6":"product_cat-granos-cereales-y-snacks","8":"first","9":"instock","10":"shipping-taxable","11":"purchasable","12":"product-type-simple"},"acf":[],"_links":{"self":[{"href":"https:\/\/kalinkamagazin.com\/es\/wp-json\/wp\/v2\/product\/2607","targetHints":{"allow":["GET"]}}],"collection":[{"href":"https:\/\/kalinkamagazin.com\/es\/wp-json\/wp\/v2\/product"}],"about":[{"href":"https:\/\/kalinkamagazin.com\/es\/wp-json\/wp\/v2\/types\/product"}],"wp:featuredmedia":[{"embeddable":true,"href":"https:\/\/kalinkamagazin.com\/es\/wp-json\/wp\/v2\/media\/2062"}],"wp:attachment":[{"href":"https:\/\/kalinkamagazin.com\/es\/wp-json\/wp\/v2\/media?parent=2607"}],"wp:term":[{"taxonomy":"product_brand","embeddable":true,"href":"https:\/\/kalinkamagazin.com\/es\/wp-json\/wp\/v2\/product_brand?post=2607"},{"taxonomy":"product_cat","embeddable":true,"href":"https:\/\/kalinkamagazin.com\/es\/wp-json\/wp\/v2\/product_cat?post=2607"},{"taxonomy":"product_tag","embeddable":true,"href":"https:\/\/kalinkamagazin.com\/es\/wp-json\/wp\/v2\/product_tag?post=2607"}],"curies":[{"name":"wp","href":"https:\/\/api.w.org\/{rel}","templated":true}]}}