{"id":2614,"date":"2026-01-29T16:29:39","date_gmt":"2026-01-29T13:29:39","guid":{"rendered":"https:\/\/kalinkamagazin.com\/product\/5384-ensalada-de-zanahoria-con-setas-a-la-manera-coreana-es\/"},"modified":"2026-01-29T16:55:10","modified_gmt":"2026-01-29T13:55:10","slug":"5384-ensalada-de-zanahoria-con-setas-a-la-manera-coreana-es","status":"publish","type":"product","link":"https:\/\/kalinkamagazin.com\/es\/product\/5384-ensalada-de-zanahoria-con-setas-a-la-manera-coreana-es\/","title":{"rendered":"Ensalada de zanahoria con setas, a la manera coreana."},"content":{"rendered":"<p>Ensalada de zanahoria con champi\u00f1ones al estilo coreano. Ingredientes: zanahorias 84%, champi\u00f1ones (Mu'er, hongo de madera chino) 10%, aceite de girasol, az\u00facar, sal, vinagre de esencia de vinagre, ajo, aceite de oliva, aceite de s\u00e9samo, especias, potenciador del sabor (glutamato monos\u00f3dico), conservante (sorbato pot\u00e1sico). Una vez abierto, conservar en el refrigerador y consumir lo antes posible. Conservar a +2 \u00b0C - +7 \u00b0C hasta: ver la tapa. Ventas: Lackmann Fleisch- und Feinkostfabrik GmbH, Carl Benz Stra\u00dfe 10, 77731 Willst\u00e4tt, Alemania. <!--NWT-Text-->Valor nutricional por 100 g: Valor energ\u00e9tico: 486 kJ \/ 116 kcal, Grasas: 7,9 g, de las cuales saturadas: 1,0 g, Hidratos de carbono: 8,9 g, de los cuales az\u00facares: 5,8 g, Prote\u00ednas: 1,4 g, Sal: 2,1 g, <!--NWT-Table--><\/p>\n<table>\n<tbody>\n<tr>\n<td colspan=\"2\">Valor nutricional por 100 g:<\/td>\n<\/tr>\n<tr>\n<td>Valor energ\u00e9tico:<\/td>\n<td align = \"right\">486 kJ\/116 kcal<\/td>\n<\/tr>\n<tr>\n<td>Grasas:<\/td>\n<td align = \"right\">7,9 g<\/td>\n<\/tr>\n<tr>\n<td>de las cuales saturadas:<\/td>\n<td align = \"right\">1.0g<\/td>\n<\/tr>\n<tr>\n<td>Carbohidratos:<\/td>\n<td align = \"right\">8.9g<\/td>\n<\/tr>\n<tr>\n<td>- de los cuales az\u00facares:<\/td>\n<td align = \"right\">5.8g<\/td>\n<\/tr>\n<tr>\n<td>Prote\u00ednas:<\/td>\n<td align = \"right\">1.4g<\/td>\n<\/tr>\n<tr>\n<td>Sal:<\/td>\n<td align = \"right\">2.1g<\/td>\n<\/tr>\n<\/tbody>\n<\/table>\n<p> <!--Bezeichnung-->Ensalada de zanahoria y champi\u00f1ones al estilo coreano. .<\/p>\n","protected":false},"excerpt":{"rendered":"<p>Ensalada de zanahoria con champi\u00f1ones al estilo coreano. Ingredientes: zanahorias 84%, champi\u00f1ones (Mu'er, hongo de madera chino) 10%, aceite de girasol, az\u00facar, sal, vinagre de esencia de vinagre, ajo, aceite de oliva, aceite de s\u00e9samo, especias, potenciador del sabor (glutamato monos\u00f3dico), conservante (sorbato pot\u00e1sico). Una vez abierto, conservar en el refrigerador y consumir lo antes [&hellip;]<\/p>\n","protected":false},"featured_media":2083,"template":"","meta":{"inline_featured_image":false},"product_brand":[],"product_cat":[195,202],"product_tag":[],"class_list":{"0":"post-2614","1":"product","2":"type-product","3":"status-publish","4":"has-post-thumbnail","6":"product_cat-conservas","7":"product_cat-ensaladas-en-conserva","9":"first","10":"instock","11":"shipping-taxable","12":"purchasable","13":"product-type-simple"},"acf":[],"_links":{"self":[{"href":"https:\/\/kalinkamagazin.com\/es\/wp-json\/wp\/v2\/product\/2614","targetHints":{"allow":["GET"]}}],"collection":[{"href":"https:\/\/kalinkamagazin.com\/es\/wp-json\/wp\/v2\/product"}],"about":[{"href":"https:\/\/kalinkamagazin.com\/es\/wp-json\/wp\/v2\/types\/product"}],"wp:featuredmedia":[{"embeddable":true,"href":"https:\/\/kalinkamagazin.com\/es\/wp-json\/wp\/v2\/media\/2083"}],"wp:attachment":[{"href":"https:\/\/kalinkamagazin.com\/es\/wp-json\/wp\/v2\/media?parent=2614"}],"wp:term":[{"taxonomy":"product_brand","embeddable":true,"href":"https:\/\/kalinkamagazin.com\/es\/wp-json\/wp\/v2\/product_brand?post=2614"},{"taxonomy":"product_cat","embeddable":true,"href":"https:\/\/kalinkamagazin.com\/es\/wp-json\/wp\/v2\/product_cat?post=2614"},{"taxonomy":"product_tag","embeddable":true,"href":"https:\/\/kalinkamagazin.com\/es\/wp-json\/wp\/v2\/product_tag?post=2614"}],"curies":[{"name":"wp","href":"https:\/\/api.w.org\/{rel}","templated":true}]}}