{"id":2616,"date":"2025-10-20T03:32:15","date_gmt":"2025-10-20T00:32:15","guid":{"rendered":"https:\/\/kalinkamagazin.com\/product\/5466-queso-fresco-30-grasa-en-el-extracto-seca-es\/"},"modified":"2026-01-27T20:52:26","modified_gmt":"2026-01-27T17:52:26","slug":"7018-queso-fresco-15-grasa-en-el-extracto-seca","status":"publish","type":"product","link":"https:\/\/kalinkamagazin.com\/es\/product\/7018-queso-fresco-15-grasa-en-el-extracto-seca\/","title":{"rendered":"Queso fresco 15% grasa en el extracto seca"},"content":{"rendered":"<p>Queso fresco 15% grasa en el extracto seca . Comercializaci\u00f3n: Lackmann Fleisch- und Feinkostfabrik GmbH, Carl Benz Stra\u00dfe 10, 77731 Willst\u00e4tt, Alemania. A +1-+10\u00b0C consumir preferentemente antes de: ver impresi\u00f3n.  <!--NWT-Text-->Valores energ\u00e9ticos y nutricionales medios por 100g: Valor energ\u00e9tico: 483 kJ \/ 115 kcal, Grasas: 4,0g, - de las cuales \u00e1cidos grasos saturados: 3,0g, Hidratos de Carbono: 3,7g, - de los cuales az\u00facares: 3,7g, Prote\u00ednas: 16g, Sal: 0,10g,  <!--NWT-Table--><\/p>\n<table>\n<tbody>\n<tr>\n<td colspan=\"2\">Valores energ\u00e9ticos y nutricionales medios por 100g:<\/td>\n<\/tr>\n<tr>\n<td>Valor energ\u00e9tico:<\/td>\n<td align = \"right\">483 kJ\/115kcal<\/td>\n<\/tr>\n<tr>\n<td>Grasas:<\/td>\n<td align = \"right\">4,0g<\/td>\n<\/tr>\n<tr>\n<td>- de las cuales \u00e1cidos grasos saturados:<\/td>\n<td align = \"right\">3,0g<\/td>\n<\/tr>\n<tr>\n<td>Hidratos de Carbono:<\/td>\n<td align = \"right\">3,7g<\/td>\n<\/tr>\n<tr>\n<td>- de los cuales az\u00facares:<\/td>\n<td align = \"right\">3,7g<\/td>\n<\/tr>\n<tr>\n<td>Prote\u00ednas:<\/td>\n<td align = \"right\">16g<\/td>\n<\/tr>\n<tr>\n<td>Sal:<\/td>\n<td align = \"right\">0,10g<\/td>\n<\/tr>\n<\/tbody>\n<\/table>\n<p> <!--Bezeichnung-->Queso fresco 15% grasa en el extracto seca . <\/p>\n","protected":false},"excerpt":{"rendered":"<p>Queso fresco 15% grasa en el extracto seca . Comercializaci\u00f3n: Lackmann Fleisch- und Feinkostfabrik GmbH, Carl Benz Stra\u00dfe 10, 77731 Willst\u00e4tt, Alemania. A +1-+10\u00b0C consumir preferentemente antes de: ver impresi\u00f3n. Valores energ\u00e9ticos y nutricionales medios por 100g: Valor energ\u00e9tico: 483 kJ \/ 115 kcal, Grasas: 4,0g, - de las cuales \u00e1cidos grasos saturados: 3,0g, Hidratos [&hellip;]<\/p>\n","protected":false},"featured_media":3310,"template":"","meta":{"inline_featured_image":false},"product_brand":[],"product_cat":[218,220,121,119],"product_tag":[],"class_list":{"0":"post-2616","1":"product","2":"type-product","3":"status-publish","4":"has-post-thumbnail","6":"product_cat-productos-lacteos","7":"product_cat-productos-lacteos-fermentados","8":"product_cat-kislomolochnye-produkty","9":"product_cat-molochnye-produkty","11":"first","12":"instock","13":"shipping-taxable","14":"purchasable","15":"product-type-simple"},"acf":[],"_links":{"self":[{"href":"https:\/\/kalinkamagazin.com\/es\/wp-json\/wp\/v2\/product\/2616","targetHints":{"allow":["GET"]}}],"collection":[{"href":"https:\/\/kalinkamagazin.com\/es\/wp-json\/wp\/v2\/product"}],"about":[{"href":"https:\/\/kalinkamagazin.com\/es\/wp-json\/wp\/v2\/types\/product"}],"wp:featuredmedia":[{"embeddable":true,"href":"https:\/\/kalinkamagazin.com\/es\/wp-json\/wp\/v2\/media\/3310"}],"wp:attachment":[{"href":"https:\/\/kalinkamagazin.com\/es\/wp-json\/wp\/v2\/media?parent=2616"}],"wp:term":[{"taxonomy":"product_brand","embeddable":true,"href":"https:\/\/kalinkamagazin.com\/es\/wp-json\/wp\/v2\/product_brand?post=2616"},{"taxonomy":"product_cat","embeddable":true,"href":"https:\/\/kalinkamagazin.com\/es\/wp-json\/wp\/v2\/product_cat?post=2616"},{"taxonomy":"product_tag","embeddable":true,"href":"https:\/\/kalinkamagazin.com\/es\/wp-json\/wp\/v2\/product_tag?post=2616"}],"curies":[{"name":"wp","href":"https:\/\/api.w.org\/{rel}","templated":true}]}}