{"id":2621,"date":"2026-01-29T16:29:21","date_gmt":"2026-01-29T13:29:21","guid":{"rendered":"https:\/\/kalinkamagazin.com\/product\/5583-eperlano-osmerus-eperlanus-salado-y-deshidratado-ultracongelado-con-cabeza-sin-eviscerar-es\/"},"modified":"2026-01-29T16:54:51","modified_gmt":"2026-01-29T13:54:51","slug":"5583-eperlano-osmerus-eperlanus-salado-y-deshidratado-ultracongelado-con-cabeza-sin-eviscerar-es","status":"publish","type":"product","link":"https:\/\/kalinkamagazin.com\/es\/product\/5583-eperlano-osmerus-eperlanus-salado-y-deshidratado-ultracongelado-con-cabeza-sin-eviscerar-es\/","title":{"rendered":"Col blanca, fermentado."},"content":{"rendered":"<p>Col fermentada. Ingredientes: col blanca, agua potable, sal, conservante (sorbato de potasio). Caducidad a 4 \u00b0C - 8 \u00b0C hasta: en el dorso. Distribuidor: SC RAAL MODE SRL, Parc industrial Bor\u0219 nr 5J, Localitatea Bors, Jud Bihor, Ruman\u00eda. Pa\u00eds de origen: Serbia. <!--NWT-Text-->Valor nutricional por 100 g: Valor energ\u00e9tico: 103 kJ \/ 24 kcal, Grasas: <0,5 g, de las cuales \u00e1cidos grasos saturados: 0 g, Hidratos de carbono: 4,9 g, de los cuales az\u00facares: 0 g, Prote\u00ednas: <0,5 g, Sal: 1,2 g, <!--NWT-Table--><\/p>\n<table>\n<tbody>\n<tr>\n<td colspan=\"2\">Valor nutricional por 100 g:<\/td>\n<\/tr>\n<tr>\n<td>Valor energ\u00e9tico:<\/td>\n<td align = \"right\">103 kJ\/24 kcal<\/td>\n<\/tr>\n<tr>\n<td>Grasas:<\/td>\n<td align = \"right\"><0,5 g<\/td>\n<\/tr>\n<tr>\n<td>de los cuales \u00e1cidos grasos saturados:<\/td>\n<td align = \"right\">0g<\/td>\n<\/tr>\n<tr>\n<td>Hidratos de carbono:<\/td>\n<td align = \"right\">4,9g<\/td>\n<\/tr>\n<tr>\n<td>- de los cuales az\u00facares:<\/td>\n<td align = \"right\">0g<\/td>\n<\/tr>\n<tr>\n<td>Prote\u00ednas:<\/td>\n<td align = \"right\"><0,5g<\/td>\n<\/tr>\n<tr>\n<td>Sal:<\/td>\n<td align = \"right\">1,2g<\/td>\n<\/tr>\n<\/tbody>\n<\/table>\n<p> <!--Bezeichnung-->Cabeza de col, fermentada. .<\/p>\n","protected":false},"excerpt":{"rendered":"<p>Col fermentada. Ingredientes: col blanca, agua potable, sal, conservante (sorbato de potasio). Caducidad a 4 \u00b0C - 8 \u00b0C hasta: en el dorso. Distribuidor: SC RAAL MODE SRL, Parc industrial Bor\u0219 nr 5J, Localitatea Bors, Jud Bihor, Ruman\u00eda. Pa\u00eds de origen: Serbia. Valor nutricional por 100 g: Valor energ\u00e9tico: 103 kJ \/ 24 kcal, Grasas: [&hellip;]<\/p>\n","protected":false},"featured_media":2116,"template":"","meta":{"inline_featured_image":false},"product_brand":[],"product_cat":[195,198],"product_tag":[],"class_list":{"0":"post-2621","1":"product","2":"type-product","3":"status-publish","4":"has-post-thumbnail","6":"product_cat-conservas","7":"product_cat-conservas-otros","9":"first","10":"instock","11":"shipping-taxable","12":"purchasable","13":"product-type-simple"},"acf":[],"_links":{"self":[{"href":"https:\/\/kalinkamagazin.com\/es\/wp-json\/wp\/v2\/product\/2621","targetHints":{"allow":["GET"]}}],"collection":[{"href":"https:\/\/kalinkamagazin.com\/es\/wp-json\/wp\/v2\/product"}],"about":[{"href":"https:\/\/kalinkamagazin.com\/es\/wp-json\/wp\/v2\/types\/product"}],"wp:featuredmedia":[{"embeddable":true,"href":"https:\/\/kalinkamagazin.com\/es\/wp-json\/wp\/v2\/media\/2116"}],"wp:attachment":[{"href":"https:\/\/kalinkamagazin.com\/es\/wp-json\/wp\/v2\/media?parent=2621"}],"wp:term":[{"taxonomy":"product_brand","embeddable":true,"href":"https:\/\/kalinkamagazin.com\/es\/wp-json\/wp\/v2\/product_brand?post=2621"},{"taxonomy":"product_cat","embeddable":true,"href":"https:\/\/kalinkamagazin.com\/es\/wp-json\/wp\/v2\/product_cat?post=2621"},{"taxonomy":"product_tag","embeddable":true,"href":"https:\/\/kalinkamagazin.com\/es\/wp-json\/wp\/v2\/product_tag?post=2621"}],"curies":[{"name":"wp","href":"https:\/\/api.w.org\/{rel}","templated":true}]}}