{"id":2622,"date":"2026-01-29T16:29:18","date_gmt":"2026-01-29T13:29:18","guid":{"rendered":"https:\/\/kalinkamagazin.com\/product\/5608-sucedneo-de-caf-soluble-de-extracto-de-achicoria-es\/"},"modified":"2026-01-29T16:54:48","modified_gmt":"2026-01-29T13:54:48","slug":"5608-sucedneo-de-caf-soluble-de-extracto-de-achicoria-es","status":"publish","type":"product","link":"https:\/\/kalinkamagazin.com\/es\/product\/5608-sucedneo-de-caf-soluble-de-extracto-de-achicoria-es\/","title":{"rendered":"Eperlano (Osmerus eperlanus) salado y deshidratado, ultracongelado. Con cabeza, sin eviscerar"},"content":{"rendered":"<p>Eperlano (Osmerus eperlanus), salado y seco, congelado. Con cabeza, sin eviscerar. Se vende solo sin envasar. Ingredientes: Eperlano, sal de mesa. Zona de pesca: FAO 27 (Atl\u00e1ntico Nororiental), Finlandia. M\u00e9todo de captura: redes de colado y elevadores de peces. Pa\u00eds de origen: Ucrania. No volver a congelar el producto descongelado. Ventas: Lackmann Fleisch- und Feinkostfabrik GmbH, Carl Benz Stra\u00dfe 10, 77731 Willst\u00e4tt, Alemania. Vida \u00fatil a \u2264 -18 \u00b0C hasta: <!--NWT-Text-->Valor nutricional por 100 g: Valor energ\u00e9tico: 986 kJ \/ 234 kcal, Grasas: 5,5 g, - de las cuales \u00e1cidos grasos saturados: 0,5 g, Carbohidratos: 0 g, - de los cuales az\u00facares: 0 g, Prote\u00ednas: 46 g, Sal: 10,0 g, <!--NWT-Table--><\/p>\n<table>\n<tbody>\n<tr>\n<td colspan=\"2\">Valor nutricional por 100 g:<\/td>\n<\/tr>\n<tr>\n<td>Valor energ\u00e9tico:<\/td>\n<td align = \"right\">986 kJ \/ 234 kcal<\/td>\n<\/tr>\n<tr>\n<td>Grasas:<\/td>\n<td align = \"right\">5,5 g<\/td>\n<\/tr>\n<tr>\n<td>- de las cuales \u00e1cidos grasos saturados \u00c1cidos:<\/td>\n<td align = \"right\">0,5 g<\/td>\n<\/tr>\n<tr>\n<td>Hidratos de carbono:<\/td>\n<td align = \"right\">0 g<\/td>\n<\/tr>\n<tr>\n<td>- de los cuales az\u00facares:<\/td>\n<td align = \"right\">0 g<\/td>\n<\/tr>\n<tr>\n<td>Prote\u00ednas:<\/td>\n<td align = \"right\">46 g<\/td>\n<\/tr>\n<tr>\n<td>Sal:<\/td>\n<td align = \"right\">10,0 g<\/td>\n<\/tr>\n<\/tbody>\n<\/table>\n<p> <!--Bezeichnung-->Eperlano (Osmerus eperlanus), salado y desecado, congelado. Con cabeza, sin eviscerar.<\/p>\n","protected":false},"excerpt":{"rendered":"<p>Eperlano (Osmerus eperlanus), salado y seco, congelado. Con cabeza, sin eviscerar. Se vende solo sin envasar. Ingredientes: Eperlano, sal de mesa. Zona de pesca: FAO 27 (Atl\u00e1ntico Nororiental), Finlandia. M\u00e9todo de captura: redes de colado y elevadores de peces. Pa\u00eds de origen: Ucrania. No volver a congelar el producto descongelado. Ventas: Lackmann Fleisch- und Feinkostfabrik [&hellip;]<\/p>\n","protected":false},"featured_media":2119,"template":"","meta":{"inline_featured_image":false},"product_brand":[],"product_cat":[233,232],"product_tag":[],"class_list":{"0":"post-2622","1":"product","2":"type-product","3":"status-publish","4":"has-post-thumbnail","6":"product_cat-pescado","7":"product_cat-pescado-y-productos-de-pescado","9":"first","10":"instock","11":"shipping-taxable","12":"purchasable","13":"product-type-simple"},"acf":[],"_links":{"self":[{"href":"https:\/\/kalinkamagazin.com\/es\/wp-json\/wp\/v2\/product\/2622","targetHints":{"allow":["GET"]}}],"collection":[{"href":"https:\/\/kalinkamagazin.com\/es\/wp-json\/wp\/v2\/product"}],"about":[{"href":"https:\/\/kalinkamagazin.com\/es\/wp-json\/wp\/v2\/types\/product"}],"wp:featuredmedia":[{"embeddable":true,"href":"https:\/\/kalinkamagazin.com\/es\/wp-json\/wp\/v2\/media\/2119"}],"wp:attachment":[{"href":"https:\/\/kalinkamagazin.com\/es\/wp-json\/wp\/v2\/media?parent=2622"}],"wp:term":[{"taxonomy":"product_brand","embeddable":true,"href":"https:\/\/kalinkamagazin.com\/es\/wp-json\/wp\/v2\/product_brand?post=2622"},{"taxonomy":"product_cat","embeddable":true,"href":"https:\/\/kalinkamagazin.com\/es\/wp-json\/wp\/v2\/product_cat?post=2622"},{"taxonomy":"product_tag","embeddable":true,"href":"https:\/\/kalinkamagazin.com\/es\/wp-json\/wp\/v2\/product_tag?post=2622"}],"curies":[{"name":"wp","href":"https:\/\/api.w.org\/{rel}","templated":true}]}}