{"id":2623,"date":"2026-01-29T16:29:14","date_gmt":"2026-01-29T13:29:14","guid":{"rendered":"https:\/\/kalinkamagazin.com\/product\/5619-sucedneo-de-caf-soluble-de-extracto-de-achicoria-con-extracto-de-arndanos-es\/"},"modified":"2026-01-29T16:54:43","modified_gmt":"2026-01-29T13:54:43","slug":"5619-sucedneo-de-caf-soluble-de-extracto-de-achicoria-con-extracto-de-arndanos-es","status":"publish","type":"product","link":"https:\/\/kalinkamagazin.com\/es\/product\/5619-sucedneo-de-caf-soluble-de-extracto-de-achicoria-con-extracto-de-arndanos-es\/","title":{"rendered":"Suced\u00e1neo de caf\u00e9 soluble de extracto de achicoria."},"content":{"rendered":"<p>Bebida instant\u00e1nea de caf\u00e9 elaborada con extracto de achicoria. Ingredientes: Extracto de achicoria (Cichorium intybus). Sin cafe\u00edna. Preparaci\u00f3n: Verter 1-2 cucharaditas (2-4 g) en 150 ml de agua hirviendo y remover. Endulzar si es necesario. Conservar en un lugar fresco y seco. Distribuci\u00f3n: Lackmann Fleisch- und Feinkostfabrik GmbH, Carl Benz Stra\u00dfe 10, 77731 Willst\u00e4tt, Alemania. La vida \u00fatil m\u00ednima en envase cerrado es de hasta: Ver sello. <!--NWT-Text-->Valor nutricional por 100 g: Valor energ\u00e9tico: 1172 kJ \/ 280 kcal, Grasas: <0,5 g, de las cuales \u00e1cidos grasos saturados: 0 g, Hidratos de carbono: 82 g, de los cuales az\u00facares: 0 g, Prote\u00ednas: 4,0 g, Sal: 0 g, <!--NWT-Table--><\/p>\n<table>\n<tbody>\n<tr>\n<td colspan=\"2\">Valor nutricional por 100 g:<\/td>\n<\/tr>\n<tr>\n<td>Valor energ\u00e9tico:<\/td>\n<td align = \"right\">1172 kJ\/280 kcal<\/td>\n<\/tr>\n<tr>\n<td>Grasas:<\/td>\n<td align = \"right\"><0,5 g<\/td>\n<\/tr>\n<tr>\n<td>de los cuales \u00e1cidos grasos saturados:<\/td>\n<td align = \"right\">0g<\/td>\n<\/tr>\n<tr>\n<td>Hidratos de carbono:<\/td>\n<td align = \"right\">82g<\/td>\n<\/tr>\n<tr>\n<td>- de los cuales az\u00facares:<\/td>\n<td align = \"right\">0g<\/td>\n<\/tr>\n<tr>\n<td>Prote\u00ednas:<\/td>\n<td align = \"right\">4,0g<\/td>\n<\/tr>\n<tr>\n<td>Sal:<\/td>\n<td align = \"right\">0g<\/td>\n<\/tr>\n<\/tbody>\n<\/table>\n<p> <!--Bezeichnung-->Bebida de caf\u00e9 instant\u00e1neo a partir de extracto de achicoria. .<\/p>\n","protected":false},"excerpt":{"rendered":"<p>Bebida instant\u00e1nea de caf\u00e9 elaborada con extracto de achicoria. Ingredientes: Extracto de achicoria (Cichorium intybus). Sin cafe\u00edna. Preparaci\u00f3n: Verter 1-2 cucharaditas (2-4 g) en 150 ml de agua hirviendo y remover. Endulzar si es necesario. Conservar en un lugar fresco y seco. Distribuci\u00f3n: Lackmann Fleisch- und Feinkostfabrik GmbH, Carl Benz Stra\u00dfe 10, 77731 Willst\u00e4tt, Alemania. [&hellip;]<\/p>\n","protected":false},"featured_media":2122,"template":"","meta":{"inline_featured_image":false},"product_brand":[],"product_cat":[250,248],"product_tag":[],"class_list":{"0":"post-2623","1":"product","2":"type-product","3":"status-publish","4":"has-post-thumbnail","6":"product_cat-cafe","7":"product_cat-te-y-cafe","9":"first","10":"instock","11":"shipping-taxable","12":"purchasable","13":"product-type-simple"},"acf":[],"_links":{"self":[{"href":"https:\/\/kalinkamagazin.com\/es\/wp-json\/wp\/v2\/product\/2623","targetHints":{"allow":["GET"]}}],"collection":[{"href":"https:\/\/kalinkamagazin.com\/es\/wp-json\/wp\/v2\/product"}],"about":[{"href":"https:\/\/kalinkamagazin.com\/es\/wp-json\/wp\/v2\/types\/product"}],"wp:featuredmedia":[{"embeddable":true,"href":"https:\/\/kalinkamagazin.com\/es\/wp-json\/wp\/v2\/media\/2122"}],"wp:attachment":[{"href":"https:\/\/kalinkamagazin.com\/es\/wp-json\/wp\/v2\/media?parent=2623"}],"wp:term":[{"taxonomy":"product_brand","embeddable":true,"href":"https:\/\/kalinkamagazin.com\/es\/wp-json\/wp\/v2\/product_brand?post=2623"},{"taxonomy":"product_cat","embeddable":true,"href":"https:\/\/kalinkamagazin.com\/es\/wp-json\/wp\/v2\/product_cat?post=2623"},{"taxonomy":"product_tag","embeddable":true,"href":"https:\/\/kalinkamagazin.com\/es\/wp-json\/wp\/v2\/product_tag?post=2623"}],"curies":[{"name":"wp","href":"https:\/\/api.w.org\/{rel}","templated":true}]}}