{"id":2624,"date":"2026-01-29T16:29:10","date_gmt":"2026-01-29T13:29:10","guid":{"rendered":"https:\/\/kalinkamagazin.com\/product\/5620-repollo-a-la-manera-coreana-es\/"},"modified":"2026-01-29T16:54:40","modified_gmt":"2026-01-29T13:54:40","slug":"5620-repollo-a-la-manera-coreana-es","status":"publish","type":"product","link":"https:\/\/kalinkamagazin.com\/es\/product\/5620-repollo-a-la-manera-coreana-es\/","title":{"rendered":"Suced\u00e1neo de caf\u00e9 soluble de extracto de achicoria, con extracto de ar\u00e1ndanos."},"content":{"rendered":"<p>Bebida instant\u00e1nea de caf\u00e9 elaborada con extracto de achicoria y extracto de ar\u00e1ndano. Ingredientes: Extracto de achicoria, extracto de ar\u00e1ndano (1%). Sin cafe\u00edna. Preparaci\u00f3n: Verter de 1 a 2 cucharaditas (2 a 4 g) en 150 ml de agua hirviendo y remover. Endulzar si es necesario. Conservar en un lugar fresco y seco. Distribuci\u00f3n: Lackmann Fleisch- und Feinkostfabrik GmbH, Carl Benz Stra\u00dfe 10, 77731 Willst\u00e4tt, Alemania. La vida \u00fatil m\u00ednima en envase cerrado es de: Ver sello. <!--NWT-Text-->Valor nutricional por 100 g: Valor energ\u00e9tico: 1399 kJ \/ 334 kcal, Grasas: 5,4 g, de las cuales \u00e1cidos grasos saturados: 0 g, Hidratos de carbono: 63 g, de los cuales az\u00facares: 0 g, Prote\u00ednas: 8,0 g, Sal: 0 g, <!--NWT-Table--><\/p>\n<table>\n<tbody>\n<tr>\n<td colspan=\"2\">Valor nutricional por 100 g:<\/td>\n<\/tr>\n<tr>\n<td>Valor energ\u00e9tico:<\/td>\n<td align = \"right\">1399 kJ\/334 kcal<\/td>\n<\/tr>\n<tr>\n<td>Grasas:<\/td>\n<td align = \"right\">5,4 g<\/td>\n<\/tr>\n<tr>\n<td>de los cuales \u00e1cidos grasos saturados:<\/td>\n<td align = \"right\">0g<\/td>\n<\/tr>\n<tr>\n<td>Hidratos de carbono:<\/td>\n<td align = \"right\">63g<\/td>\n<\/tr>\n<tr>\n<td>- de los cuales az\u00facares:<\/td>\n<td align = \"right\">0g<\/td>\n<\/tr>\n<tr>\n<td>Prote\u00ednas:<\/td>\n<td align = \"right\">8,0g<\/td>\n<\/tr>\n<tr>\n<td>Sal:<\/td>\n<td align = \"right\">0g<\/td>\n<\/tr>\n<\/tbody>\n<\/table>\n<p> <!--Bezeichnung-->Bebida de caf\u00e9 instant\u00e1neo a base de extracto de achicoria, con extracto de ar\u00e1ndanos.<\/p>\n","protected":false},"excerpt":{"rendered":"<p>Bebida instant\u00e1nea de caf\u00e9 elaborada con extracto de achicoria y extracto de ar\u00e1ndano. Ingredientes: Extracto de achicoria, extracto de ar\u00e1ndano (1%). Sin cafe\u00edna. Preparaci\u00f3n: Verter de 1 a 2 cucharaditas (2 a 4 g) en 150 ml de agua hirviendo y remover. Endulzar si es necesario. Conservar en un lugar fresco y seco. Distribuci\u00f3n: Lackmann [&hellip;]<\/p>\n","protected":false},"featured_media":2125,"template":"","meta":{"inline_featured_image":false},"product_brand":[],"product_cat":[250,248],"product_tag":[],"class_list":{"0":"post-2624","1":"product","2":"type-product","3":"status-publish","4":"has-post-thumbnail","6":"product_cat-cafe","7":"product_cat-te-y-cafe","9":"first","10":"instock","11":"shipping-taxable","12":"purchasable","13":"product-type-simple"},"acf":[],"_links":{"self":[{"href":"https:\/\/kalinkamagazin.com\/es\/wp-json\/wp\/v2\/product\/2624","targetHints":{"allow":["GET"]}}],"collection":[{"href":"https:\/\/kalinkamagazin.com\/es\/wp-json\/wp\/v2\/product"}],"about":[{"href":"https:\/\/kalinkamagazin.com\/es\/wp-json\/wp\/v2\/types\/product"}],"wp:featuredmedia":[{"embeddable":true,"href":"https:\/\/kalinkamagazin.com\/es\/wp-json\/wp\/v2\/media\/2125"}],"wp:attachment":[{"href":"https:\/\/kalinkamagazin.com\/es\/wp-json\/wp\/v2\/media?parent=2624"}],"wp:term":[{"taxonomy":"product_brand","embeddable":true,"href":"https:\/\/kalinkamagazin.com\/es\/wp-json\/wp\/v2\/product_brand?post=2624"},{"taxonomy":"product_cat","embeddable":true,"href":"https:\/\/kalinkamagazin.com\/es\/wp-json\/wp\/v2\/product_cat?post=2624"},{"taxonomy":"product_tag","embeddable":true,"href":"https:\/\/kalinkamagazin.com\/es\/wp-json\/wp\/v2\/product_tag?post=2624"}],"curies":[{"name":"wp","href":"https:\/\/api.w.org\/{rel}","templated":true}]}}