{"id":2625,"date":"2026-01-29T16:29:07","date_gmt":"2026-01-29T13:29:07","guid":{"rendered":"https:\/\/kalinkamagazin.com\/product\/5654-tomates-cherry-en-conserva-con-ajo-es\/"},"modified":"2026-01-29T16:54:36","modified_gmt":"2026-01-29T13:54:36","slug":"5654-tomates-cherry-en-conserva-con-ajo-es","status":"publish","type":"product","link":"https:\/\/kalinkamagazin.com\/es\/product\/5654-tomates-cherry-en-conserva-con-ajo-es\/","title":{"rendered":"Repollo a la manera coreana"},"content":{"rendered":"<p>Ensalada De Repollo Coreano Kim Chi. Peso seco: 600g. Ingredientes: col blanca, agua, especias, sal de mesa, antioxidantes (\u00e1cido asc\u00f3rbico), conservante (sorbato de potasio), aroma. Conservar sin abrir a +2\u00b0C - +6\u00b0C y utilizar antes de: ver tapa. Distribuci\u00f3n: Lackmann Fleisch- und Feinkostfabrik GmbH, Carl Benz Stra\u00dfe 10, 77731 Willst\u00e4tt, Alemania. <!--NWT-Text-->Valor nutricional por 100 g: Valor energ\u00e9tico: 55 kJ \/ 13 kcal, Grasas: <0,5 g, de las cuales \u00e1cidos grasos saturados: <0,1 g, Hidratos de carbono: 0,8 g, de los cuales az\u00facares: 0,6 g, Prote\u00ednas: 0,9 g, Sal: 3,0 g, <!--NWT-Table--><\/p>\n<table>\n<tbody>\n<tr>\n<td colspan=\"2\">Valor nutricional por 100 g:<\/td>\n<\/tr>\n<tr>\n<td>Valor energ\u00e9tico:<\/td>\n<td align = \"right\">55 kJ\/13 kcal<\/td>\n<\/tr>\n<tr>\n<td>Grasas:<\/td>\n<td align = \"right\"><0,5 g<\/td>\n<\/tr>\n<tr>\n<td>de las cuales \u00e1cidos grasos saturados:<\/td>\n<td align = \"right\"><0.1g<\/td>\n<\/tr>\n<tr>\n<td>Carbohidratos:<\/td>\n<td align = \"right\">0.8g<\/td>\n<\/tr>\n<tr>\n<td>- de los cuales az\u00facares:<\/td>\n<td align = \"right\">0.6g<\/td>\n<\/tr>\n<tr>\n<td>Prote\u00ednas:<\/td>\n<td align = \"right\">0.9g<\/td>\n<\/tr>\n<tr>\n<td>Sal:<\/td>\n<td align = \"right\">3.0g<\/td>\n<\/tr>\n<\/tbody>\n<\/table>\n<p> <!--Bezeichnung-->Ensalada de col al estilo coreano \"Kim Chi\".<\/p>\n","protected":false},"excerpt":{"rendered":"<p>Ensalada De Repollo Coreano Kim Chi. Peso seco: 600g. Ingredientes: col blanca, agua, especias, sal de mesa, antioxidantes (\u00e1cido asc\u00f3rbico), conservante (sorbato de potasio), aroma. Conservar sin abrir a +2\u00b0C - +6\u00b0C y utilizar antes de: ver tapa. Distribuci\u00f3n: Lackmann Fleisch- und Feinkostfabrik GmbH, Carl Benz Stra\u00dfe 10, 77731 Willst\u00e4tt, Alemania. Valor nutricional por 100 [&hellip;]<\/p>\n","protected":false},"featured_media":2128,"template":"","meta":{"inline_featured_image":false},"product_brand":[],"product_cat":[195,202],"product_tag":[],"class_list":{"0":"post-2625","1":"product","2":"type-product","3":"status-publish","4":"has-post-thumbnail","6":"product_cat-conservas","7":"product_cat-ensaladas-en-conserva","9":"first","10":"instock","11":"shipping-taxable","12":"purchasable","13":"product-type-simple"},"acf":[],"_links":{"self":[{"href":"https:\/\/kalinkamagazin.com\/es\/wp-json\/wp\/v2\/product\/2625","targetHints":{"allow":["GET"]}}],"collection":[{"href":"https:\/\/kalinkamagazin.com\/es\/wp-json\/wp\/v2\/product"}],"about":[{"href":"https:\/\/kalinkamagazin.com\/es\/wp-json\/wp\/v2\/types\/product"}],"wp:featuredmedia":[{"embeddable":true,"href":"https:\/\/kalinkamagazin.com\/es\/wp-json\/wp\/v2\/media\/2128"}],"wp:attachment":[{"href":"https:\/\/kalinkamagazin.com\/es\/wp-json\/wp\/v2\/media?parent=2625"}],"wp:term":[{"taxonomy":"product_brand","embeddable":true,"href":"https:\/\/kalinkamagazin.com\/es\/wp-json\/wp\/v2\/product_brand?post=2625"},{"taxonomy":"product_cat","embeddable":true,"href":"https:\/\/kalinkamagazin.com\/es\/wp-json\/wp\/v2\/product_cat?post=2625"},{"taxonomy":"product_tag","embeddable":true,"href":"https:\/\/kalinkamagazin.com\/es\/wp-json\/wp\/v2\/product_tag?post=2625"}],"curies":[{"name":"wp","href":"https:\/\/api.w.org\/{rel}","templated":true}]}}